{"id":3096,"date":"2026-01-29T13:39:33","date_gmt":"2026-01-29T12:39:33","guid":{"rendered":"https:\/\/www.mondogrowkits.com\/?post_type=product&#038;p=3096"},"modified":"2026-04-08T12:43:06","modified_gmt":"2026-04-08T11:43:06","slug":"zestaw-do-uprawy-grzybow-blue-ghost-magic","status":"publish","type":"product","link":"https:\/\/www.mondogrowkits.com\/pl\/blue-ghost-magic-mushroom-grow-kit\/","title":{"rendered":"Blue Ghost - Zestaw do uprawy magicznych grzyb\u00f3w"},"content":{"rendered":"<h1 data-section-id=\"1xxdnzr\" data-start=\"281\" data-end=\"352\">Blue Ghost Magic Mushroom Grow Kit - Unikalna hybryda Psilocybe Cubensis<\/h1><p data-start=\"354\" data-end=\"693\">The <strong data-start=\"358\" data-end=\"396\">Blue Ghost Zestaw do uprawy magicznych grzyb\u00f3w<\/strong> jest nowoczesnym <strong data-start=\"409\" data-end=\"445\">Psilocybe cubensis odmiana hybrydowa<\/strong> znana ze swojego uderzaj\u0105cego wygl\u0105du, energicznego wzrostu i imponuj\u0105cych rumie\u0144c\u00f3w. Odmiana ta zyska\u0142a popularno\u015b\u0107 w\u015br\u00f3d hodowc\u00f3w ze wzgl\u0119du na jej <strong data-start=\"578\" data-end=\"627\">Silna genetyka i charakterystyczne niebieskie siniaki<\/strong>, kt\u00f3ry cz\u0119sto pojawia si\u0119 podczas obr\u00f3bki lub zbioru grzyb\u00f3w.<\/p><p data-start=\"695\" data-end=\"965\">Grzyby Blue Ghost zazwyczaj rozwijaj\u0105 si\u0119 <strong data-start=\"734\" data-end=\"764\">grube \u0142odygi i szerokie kapelusze<\/strong>, cz\u0119sto tworz\u0105c g\u0119ste skupiska w fazie owocowania. Nazwa \u201cBlue Ghost\u201d pochodzi od charakterystycznego <strong data-start=\"874\" data-end=\"964\">niebieskawe zabarwienie, kt\u00f3re mo\u017ce pojawi\u0107 si\u0119 na grzybach z powodu naturalnego utleniania psilocybiny<\/strong>.<\/p><p data-start=\"967\" data-end=\"1200\">W odpowiednich warunkach, pierwsze zawi\u0105zki grzyb\u00f3w zwykle zaczynaj\u0105 pojawia\u0107 si\u0119 w ci\u0105gu kilku dni. <strong data-start=\"1050\" data-end=\"1067\">10 do 14 dni<\/strong>, dzi\u0119ki czemu <strong data-start=\"1080\" data-end=\"1103\">Zestaw do uprawy Blue Ghost<\/strong> satysfakcjonuj\u0105ca opcja dla hodowc\u00f3w, kt\u00f3rzy ceni\u0105 sobie zar\u00f3wno silny wzrost, jak i wyj\u0105tkowy wygl\u0105d grzyb\u00f3w.<\/p><p data-start=\"1202\" data-end=\"1385\">Ka\u017cdy zestaw do uprawy jest dostarczany <strong data-start=\"1224\" data-end=\"1261\">w pe\u0142ni skolonizowany i gotowy do wzrostu<\/strong>, co oznacza <a href=\"https:\/\/www.mondogrowkits.com\/pl\/wysterylizowane-podloze\/\">pod\u0142o\u017ce<\/a> zawiera ju\u017c aktywn\u0105 grzybni\u0119, a upraw\u0119 mo\u017cna rozpocz\u0105\u0107 natychmiast, wykonuj\u0105c zaledwie kilka prostych krok\u00f3w.<\/p><hr data-start=\"1387\" data-end=\"1390\" \/><h1 data-section-id=\"kfc4ah\" data-start=\"1392\" data-end=\"1429\">Dlaczego warto wybra\u0107 zestaw do uprawy Blue Ghost?<\/h1><p data-start=\"1431\" data-end=\"1741\">Wyj\u0105tkowy <strong data-start=\"1440\" data-end=\"1476\">Psilocybe cubensis odmiana hybrydowa<\/strong><br data-start=\"1476\" data-end=\"1479\" \/>Znany z <strong data-start=\"1491\" data-end=\"1542\">silne niebieskie siniaki i charakterystyczny wygl\u0105d<\/strong><br data-start=\"1542\" data-end=\"1545\" \/>Grube \u0142odygi i szerokie kapelusze tworz\u0105ce g\u0119ste skupiska<br data-start=\"1596\" data-end=\"1599\" \/>Silny wzrost i niezawodne zbiory<br data-start=\"1638\" data-end=\"1641\" \/>Mo\u017cliwo\u015b\u0107 wielokrotnego sp\u0142ukiwania z jednego zestawu<br data-start=\"1681\" data-end=\"1684\" \/>W pe\u0142ni skolonizowane pod\u0142o\u017ce - gotowe do natychmiastowego wzrostu<\/p><p data-start=\"1743\" data-end=\"1860\">Odmiana Blue Ghost jest doceniana przez hodowc\u00f3w poszukuj\u0105cych <strong data-start=\"1803\" data-end=\"1859\">niezwyk\u0142a i wyr\u00f3\u017cniaj\u0105ca si\u0119 wizualnie odmiana cubensis<\/strong>.<\/p><hr data-start=\"2290\" data-end=\"2293\" \/><h1 data-section-id=\"2t1372\" data-start=\"2295\" data-end=\"2321\">Idealne warunki uprawy<\/h1><p data-start=\"2323\" data-end=\"2405\">Grzyby Blue Ghost najlepiej rosn\u0105 w ciep\u0142ym i wilgotnym \u015brodowisku z po\u015brednim o\u015bwietleniem.<\/p><p data-start=\"2407\" data-end=\"2438\">Zalecane warunki uprawy:<\/p><p data-start=\"2440\" data-end=\"2619\"><strong data-start=\"2440\" data-end=\"2456\">Temperatura:<\/strong> 18-27 \u00b0C<br data-start=\"2465\" data-end=\"2468\" \/><strong data-start=\"2468\" data-end=\"2492\">Optymalna temperatura:<\/strong> 22-25 \u00b0C<br data-start=\"2501\" data-end=\"2504\" \/><strong data-start=\"2504\" data-end=\"2517\">O\u015bwietlenie:<\/strong> Po\u015brednie \u015bwiat\u0142o dzienne lub o\u015bwietlenie otoczenia<br data-start=\"2557\" data-end=\"2560\" \/><strong data-start=\"2560\" data-end=\"2573\">Wilgotno\u015b\u0107:<\/strong> Wysoka wilgotno\u015b\u0107 przy regularnej wymianie \u015bwie\u017cego powietrza<\/p><p data-start=\"2621\" data-end=\"2746\">Kondensacja wewn\u0105trz worka pomaga utrzyma\u0107 prawid\u0142owy poziom wilgotno\u015bci. Nale\u017cy unika\u0107 rozpylania wody bezpo\u015brednio na pod\u0142o\u017ce.<\/p><p data-start=\"2748\" data-end=\"2844\">Ma\u0142e szpilki grzyb\u00f3w zwykle pojawiaj\u0105 si\u0119 w <strong data-start=\"2790\" data-end=\"2804\">10-14 dni<\/strong>, w zale\u017cno\u015bci od warunk\u00f3w \u015brodowiskowych.<\/p><hr data-start=\"2846\" data-end=\"2849\" \/><h1 data-section-id=\"12so9fg\" data-start=\"2851\" data-end=\"2890\">Efekty dzia\u0142ania magicznych grzyb\u00f3w Blue Ghost<\/h1><p data-start=\"2892\" data-end=\"3019\">The <strong data-start=\"2896\" data-end=\"2936\">Blue Ghost Psilocybe cubensis szczep<\/strong> jest znany z dostarczania <strong data-start=\"2963\" data-end=\"3018\">Silne i wizualnie wci\u0105gaj\u0105ce psychodeliczne do\u015bwiadczenie<\/strong>.<\/p><p data-start=\"3021\" data-end=\"3055\">Cz\u0119sto zg\u0142aszane efekty obejmuj\u0105:<\/p><p data-start=\"3057\" data-end=\"3236\">- Ulepszone kolory i percepcja wzrokowa<br data-start=\"3097\" data-end=\"3100\" \/>- Silne wzorce wizualne i wzmocnienie sensoryczne<br data-start=\"3148\" data-end=\"3151\" \/>- Podwy\u017cszony nastr\u00f3j i uczucie euforii<br data-start=\"3191\" data-end=\"3194\" \/>- Zwi\u0119kszona kreatywno\u015b\u0107 i introspekcja<\/p><p data-start=\"3238\" data-end=\"3331\">Wielu u\u017cytkownik\u00f3w opisuje to do\u015bwiadczenie jako <strong data-start=\"3276\" data-end=\"3330\">wci\u0105gaj\u0105ca, bogata wizualnie i stymuluj\u0105ca umys\u0142owo<\/strong>.<\/p><hr data-start=\"3333\" data-end=\"3336\" \/><h1 data-section-id=\"ljcc7e\" data-start=\"3338\" data-end=\"3377\">Kompletny zestaw do uprawy grzyb\u00f3w \"wszystko w jednym<\/h1><p data-start=\"3379\" data-end=\"3483\">Ka\u017cdy <strong data-start=\"3384\" data-end=\"3422\">Blue Ghost Zestaw do uprawy magicznych grzyb\u00f3w<\/strong> zawiera wszystko, co potrzebne do natychmiastowego rozpocz\u0119cia uprawy.<\/p><p data-start=\"3485\" data-end=\"3503\">Zestaw zawiera:<\/p><p data-start=\"3505\" data-end=\"3720\">W pe\u0142ni skolonizowane pod\u0142o\u017ce z aktywn\u0105 grzybni\u0105<br data-start=\"3553\" data-end=\"3556\" \/>Elementy pod\u0142o\u017ca zatrzymuj\u0105ce wilgo\u0107<br data-start=\"3597\" data-end=\"3600\" \/>Worek do uprawy ze zintegrowanymi filtrami powietrza<br data-start=\"3638\" data-end=\"3641\" \/>Dwa spinacze do zamykania worka do uprawy<br data-start=\"3682\" data-end=\"3685\" \/>Szczeg\u00f3\u0142owe instrukcje dotycz\u0105ce uprawy<\/p><p data-start=\"3722\" data-end=\"3827\">Zestaw do uprawy zosta\u0142 zaprojektowany tak, aby <strong data-start=\"3755\" data-end=\"3826\">Magiczna uprawa grzyb\u00f3w - prosta, wydajna i przyjazna dla pocz\u0105tkuj\u0105cych<\/strong>.<\/p><hr data-start=\"3829\" data-end=\"3832\" \/><h1 data-section-id=\"3kfd2k\" data-start=\"3834\" data-end=\"3867\">Jak uprawia\u0107 - skr\u00f3cona instrukcja obs\u0142ugi<\/h1><p data-start=\"3869\" data-end=\"3958\">Uprawa grzyb\u00f3w za pomoc\u0105 <strong data-start=\"3896\" data-end=\"3919\">Zestaw do uprawy Blue Ghost<\/strong> jest \u0142atwe i wymaga tylko kilku krok\u00f3w.<\/p><ol data-start=\"3960\" data-end=\"4305\">\n<li data-section-id=\"x1d9t\" data-start=\"3960\" data-end=\"4019\">\n<p data-start=\"3963\" data-end=\"4019\">Umyj r\u0119ce i wyczy\u015b\u0107 zewn\u0119trzn\u0105 cz\u0119\u015b\u0107 zestawu do uprawy.<\/p>\n<\/li>\n<li data-section-id=\"hci7ne\" data-start=\"4020\" data-end=\"4083\">\n<p data-start=\"4023\" data-end=\"4083\">Zdejmij pokrywk\u0119 i nape\u0142nij pojemnik letni\u0105 wod\u0105.<\/p>\n<\/li>\n<li data-section-id=\"owtwed\" data-start=\"4084\" data-end=\"4131\">\n<p data-start=\"4087\" data-end=\"4131\">Pozostawi\u0107 pod\u0142o\u017ce do namoczenia <strong data-start=\"4114\" data-end=\"4128\">8-12 godzin<\/strong>.<\/p>\n<\/li>\n<li data-section-id=\"5aqy5l\" data-start=\"4132\" data-end=\"4170\">\n<p data-start=\"4135\" data-end=\"4170\">Ostro\u017cnie ods\u0105cz nadmiar wody.<\/p>\n<\/li>\n<li data-section-id=\"9asdz4\" data-start=\"4171\" data-end=\"4247\">\n<p data-start=\"4174\" data-end=\"4247\">Umie\u015b\u0107 zestaw do uprawy w torbie i zamknij j\u0105 spinaczami.<\/p>\n<\/li>\n<li data-section-id=\"1fhyrkq\" data-start=\"4248\" data-end=\"4305\">\n<p data-start=\"4251\" data-end=\"4305\">Przechowywa\u0107 worek do uprawy w ciep\u0142ym miejscu z po\u015brednim o\u015bwietleniem.<\/p>\n<\/li>\n<\/ol><p data-start=\"4307\" data-end=\"4446\">Wewn\u0105trz <strong data-start=\"4314\" data-end=\"4328\">10-14 dni<\/strong>, Zaczn\u0105 pojawia\u0107 si\u0119 ma\u0142e trzpienie grzyb\u00f3w. Grzyby nale\u017cy zbiera\u0107, gdy <strong data-start=\"4403\" data-end=\"4445\">zas\u0142ona pod czapk\u0105 zaczyna si\u0119 rozrywa\u0107<\/strong>.<\/p><p data-start=\"4448\" data-end=\"4530\">Po zbiorach zestaw do uprawy mo\u017ce by\u0107 <strong data-start=\"4486\" data-end=\"4499\">ponownie nas\u0105czony<\/strong> aby uzyska\u0107 dodatkowe p\u0142ukanie.<\/p><p data-start=\"4532\" data-end=\"4598\">Przy odpowiedniej piel\u0119gnacji, jeden zestaw do uprawy mo\u017ce wyprodukowa\u0107 <strong data-start=\"4575\" data-end=\"4597\">do czterech sp\u0142uka\u0144<\/strong>.<\/p><hr data-start=\"4600\" data-end=\"4603\" \/><h1 data-section-id=\"ybm8az\" data-start=\"4605\" data-end=\"4627\">Przechowywanie i okres trwa\u0142o\u015bci<\/h1><p data-start=\"4629\" data-end=\"4691\">Nieotwarty zestaw do uprawy nale\u017cy przechowywa\u0107 w <strong data-start=\"4664\" data-end=\"4690\">lod\u00f3wka w temperaturze 2-8 \u00b0C<\/strong>.<\/p><p data-start=\"4693\" data-end=\"4733\">Okres trwa\u0142o\u015bci: <strong data-start=\"4705\" data-end=\"4733\">3-6 miesi\u0119cy w stanie nieotwartym<\/strong><\/p><p data-start=\"4735\" data-end=\"4834\">Aby uzyska\u0107 najlepsze wyniki, zaleca si\u0119 rozpocz\u0119cie uprawy <strong data-start=\"4796\" data-end=\"4833\">wkr\u00f3tce po otrzymaniu zestawu do uprawy<\/strong>.<\/p><hr data-start=\"4836\" data-end=\"4839\" \/><h1 data-section-id=\"1qgfiv8\" data-start=\"4841\" data-end=\"4866\">Legalne i odpowiedzialne u\u017cytkowanie<\/h1><p data-start=\"4868\" data-end=\"5023\">Grzyby magiczne s\u0105 regulowane w wielu krajach. W niekt\u00f3rych regionach, <strong data-start=\"4934\" data-end=\"4982\">Zestawy do uprawy i trufle pozostaj\u0105 legalnymi produktami<\/strong>, podczas gdy w innych mog\u0105 by\u0107 one ograniczone.<\/p><p data-start=\"5025\" data-end=\"5102\">Zawsze sprawdzaj <strong data-start=\"5038\" data-end=\"5068\">lokalne prawa i przepisy<\/strong> przed zakupem lub upraw\u0105.<\/p><p data-start=\"5104\" data-end=\"5263\"><a href=\"https:\/\/www.mondogrowkits.com\/pl\/czym-jest-psilocybina\/\">Psilocybina<\/a> grzyby s\u0105 uwa\u017cane za <strong data-start=\"5140\" data-end=\"5157\">nie uzale\u017cnia<\/strong>, ale mog\u0105 wywo\u0142ywa\u0107 silne efekty psychologiczne. Zaleca si\u0119 odpowiedzialne korzystanie z nich w bezpiecznym \u015brodowisku.<\/p><hr data-start=\"5265\" data-end=\"5268\" \/><h1 data-section-id=\"1s0sqht\" data-start=\"5270\" data-end=\"5323\">Zam\u00f3w sw\u00f3j zestaw do uprawy grzyb\u00f3w Blue Ghost ju\u017c dzi\u015b<\/h1><p data-start=\"5325\" data-end=\"5488\">The <strong data-start=\"5329\" data-end=\"5367\">Blue Ghost Zestaw do uprawy magicznych grzyb\u00f3w<\/strong> oferuje satysfakcjonuj\u0105ce do\u015bwiadczenie w uprawie dzi\u0119ki energicznemu wzrostowi, imponuj\u0105cym rumie\u0144com i unikalnym cechom grzyb\u00f3w.<\/p><p data-start=\"5490\" data-end=\"5645\">Dzi\u0119ki swojemu charakterystycznemu wygl\u0105dowi i niezawodnej genetyce, Blue Ghost staje si\u0119 coraz bardziej popularny. <strong data-start=\"5592\" data-end=\"5623\">Psilocybe cubensis zestaw do uprawy<\/strong> do uprawy domowej.<\/p><p data-start=\"5647\" data-end=\"5748\">Zam\u00f3w <strong data-start=\"5658\" data-end=\"5702\">Blue Ghost Magic Mushroom Grow Kit ju\u017c dzi\u015b<\/strong> i zacznij uprawia\u0107 w\u0142asne grzyby w domu.<\/p>","protected":false},"excerpt":{"rendered":"<p>Zestaw do uprawy magicznych grzyb\u00f3w Blue Ghost to uderzaj\u0105ca odmiana Psilocybe cubensis wytwarzaj\u0105ca niebieskawe owocniki z solidn\u0105 kolonizacj\u0105 i niezawodnym rozwojem rumie\u0144ca. Dost\u0119pny jako zestaw 1200 cm3 dla \u015brednio zaawansowanych hodowc\u00f3w. Unikalna wizualnie odmiana, kt\u00f3ra zapewnia sp\u00f3jne wyniki w odpowiednich r\u0119kach.<\/p>","protected":false},"featured_media":4910,"comment_status":"open","ping_status":"closed","template":"","meta":[],"product_brand":[32],"product_cat":[17],"product_tag":[],"class_list":{"0":"post-3096","1":"product","2":"type-product","3":"status-publish","4":"has-post-thumbnail","6":"product_brand-mondo","7":"product_cat-magic-mushroom-grow-kits","9":"first","10":"instock","11":"taxable","12":"shipping-taxable","13":"purchasable","14":"product-type-simple"},"jetpack_sharing_enabled":true,"_links":{"self":[{"href":"https:\/\/www.mondogrowkits.com\/pl\/wp-json\/wp\/v2\/product\/3096","targetHints":{"allow":["GET"]}}],"collection":[{"href":"https:\/\/www.mondogrowkits.com\/pl\/wp-json\/wp\/v2\/product"}],"about":[{"href":"https:\/\/www.mondogrowkits.com\/pl\/wp-json\/wp\/v2\/types\/product"}],"replies":[{"embeddable":true,"href":"https:\/\/www.mondogrowkits.com\/pl\/wp-json\/wp\/v2\/comments?post=3096"}],"wp:featuredmedia":[{"embeddable":true,"href":"https:\/\/www.mondogrowkits.com\/pl\/wp-json\/wp\/v2\/media\/4910"}],"wp:attachment":[{"href":"https:\/\/www.mondogrowkits.com\/pl\/wp-json\/wp\/v2\/media?parent=3096"}],"wp:term":[{"taxonomy":"product_brand","embeddable":true,"href":"https:\/\/www.mondogrowkits.com\/pl\/wp-json\/wp\/v2\/product_brand?post=3096"},{"taxonomy":"product_cat","embeddable":true,"href":"https:\/\/www.mondogrowkits.com\/pl\/wp-json\/wp\/v2\/product_cat?post=3096"},{"taxonomy":"product_tag","embeddable":true,"href":"https:\/\/www.mondogrowkits.com\/pl\/wp-json\/wp\/v2\/product_tag?post=3096"}],"curies":[{"name":"wp","href":"https:\/\/api.w.org\/{rel}","templated":true}]}}