{"id":3180,"date":"2026-02-03T15:00:56","date_gmt":"2026-02-03T14:00:56","guid":{"rendered":"https:\/\/www.mondogrowkits.com\/?post_type=product&#038;p=3180"},"modified":"2026-04-08T12:41:46","modified_gmt":"2026-04-08T11:41:46","slug":"amazonski-magiczny-worek-do-uprawy-grzybow","status":"publish","type":"product","link":"https:\/\/www.mondogrowkits.com\/pl\/amazonian-magic-mushroom-growbag\/","title":{"rendered":"Amazonian - Magiczna torba do uprawy grzyb\u00f3w"},"content":{"rendered":"<h2 data-section-id=\"18emexx\" data-start=\"613\" data-end=\"683\">Amazonian - Magic Mushroom Grow Bag | Wysoka wydajno\u015b\u0107 i intensywny wzrost<\/h2><p data-start=\"685\" data-end=\"993\">Amazonian Magic Mushroom Grow Bag to profesjonalnie przygotowany system uprawy zawieraj\u0105cy w pe\u0142ni skolonizowane grzyby. <a href=\"https:\/\/www.mondogrowkits.com\/pl\/czym-jest-psilocybina\/\">psilocybe cubensis<\/a> pod\u0142o\u017ce. Ca\u0142y proces inokulacji i inkubacji zosta\u0142 zako\u0144czony w kontrolowanych warunkach, umo\u017cliwiaj\u0105c natychmiastowe owocowanie po umieszczeniu w stabilnym \u015brodowisku wewn\u0119trznym.<\/p><p data-start=\"995\" data-end=\"1171\">Amazonian <a href=\"https:\/\/www.mondogrowkits.com\/pl\/biblioteka-szczepow-grzybow-magicznych\/\">szczepy<\/a> s\u0105 znane ze swoich <strong data-start=\"1033\" data-end=\"1097\">Agresywny wzrost i ponadprzeci\u0119tny potencja\u0142 plon\u00f3w<\/strong>, co czyni je popularnym wyborem dla hodowc\u00f3w, kt\u00f3rzy chc\u0105 zmaksymalizowa\u0107 produkcj\u0119.<\/p><hr data-start=\"1173\" data-end=\"1176\" \/><h3 data-section-id=\"b01elf\" data-start=\"1178\" data-end=\"1245\">Trudno\u015b\u0107 uprawy: Umiarkowany - wy\u017cszy plon, wymagana wi\u0119ksza kontrola<\/h3><p data-start=\"1247\" data-end=\"1392\">Amazonian jest nieco bardziej wymagaj\u0105ca ni\u017c odmiany dla pocz\u0105tkuj\u0105cych. Chocia\u017c ro\u015bnie energicznie, osi\u0105ga najlepsze wyniki, gdy warunki \u015brodowiskowe s\u0105 stabilne.<\/p><p data-start=\"1394\" data-end=\"1522\">W por\u00f3wnaniu do <a href=\"https:\/\/www.mondogrowkits.com\/pl\/biblioteka-szczepow-grzybow-magicznych\/zloty-nauczyciel-psilocybe-cubensis-szczep\/\">Golden Teacher<\/a>, Amazonian mo\u017ce wykonywa\u0107 wi\u0119ksze p\u0142ukania, ale jest mniej odporny na wahania temperatury lub wilgotno\u015bci.<\/p><p data-start=\"1524\" data-end=\"1534\">Idealny dla:<\/p><ul data-start=\"1535\" data-end=\"1647\">\n<li data-section-id=\"1noo77t\" data-start=\"1535\" data-end=\"1567\">Hodowcy z pewnym do\u015bwiadczeniem<\/li>\n<li data-section-id=\"1w3zqw3\" data-start=\"1568\" data-end=\"1602\">U\u017cytkownicy d\u0105\u017c\u0105cy do wy\u017cszych zysk\u00f3w<\/li>\n<li data-section-id=\"1pgf8sl\" data-start=\"1603\" data-end=\"1647\">Ci, kt\u00f3rzy mog\u0105 utrzyma\u0107 stabilne warunki<\/li>\n<\/ul><hr data-start=\"1649\" data-end=\"1652\" \/><h3 data-section-id=\"te5f8c\" data-start=\"1654\" data-end=\"1708\">Charakterystyka wzrostu - agresywny i produktywny<\/h3><p data-start=\"1710\" data-end=\"1779\">Amazonian wyr\u00f3\u017cnia si\u0119 <strong data-start=\"1739\" data-end=\"1778\">silny i energiczny wzorzec wzrostu<\/strong>:<\/p><ul data-start=\"1781\" data-end=\"1942\">\n<li data-section-id=\"1hn88tc\" data-start=\"1781\" data-end=\"1817\">Szybka i agresywna kolonizacja<\/li>\n<li data-section-id=\"1nsrwxp\" data-start=\"1818\" data-end=\"1860\">G\u0119ste zestawy pin\u00f3w w optymalnych warunkach<\/li>\n<li data-section-id=\"o1puss\" data-start=\"1861\" data-end=\"1897\">Wi\u0119ksze i bardziej obfite uderzenia gor\u0105ca<\/li>\n<li data-section-id=\"naxeni\" data-start=\"1898\" data-end=\"1942\">Silna reakcja wzrostu na idealn\u0105 wilgotno\u015b\u0107<\/li>\n<\/ul><p data-start=\"1944\" data-end=\"2017\">Jego wzrost mo\u017ce by\u0107 bardziej gwa\u0142towny ni\u017c szczep\u00f3w takich jak Mazatapec lub <a href=\"https:\/\/www.mondogrowkits.com\/pl\/mexicana-magic-truffles\/\">Mexicana<\/a>.<\/p><hr data-start=\"2019\" data-end=\"2022\" \/><h3 data-section-id=\"1gh4hhb\" data-start=\"2024\" data-end=\"2071\">Wydajno\u015b\u0107 w por\u00f3wnaniu do innych odmian<\/h3><p data-start=\"2073\" data-end=\"2154\">Amazonian jest uwa\u017cany za <strong data-start=\"2099\" data-end=\"2120\">wysokowydajna odmiana<\/strong> z du\u017cym potencja\u0142em produkcyjnym.<\/p><p data-start=\"2156\" data-end=\"2182\">W por\u00f3wnaniu do innych szczep\u00f3w:<\/p><ul data-start=\"2183\" data-end=\"2374\">\n<li data-section-id=\"1ktqj1k\" data-start=\"2183\" data-end=\"2229\">Wy\u017cszy potencja\u0142 wydajno\u015bci ni\u017c Golden Teacher<\/li>\n<li data-section-id=\"1vkslub\" data-start=\"2230\" data-end=\"2279\">Bardziej agresywny ni\u017c Thai, ale mniej wybaczaj\u0105cy b\u0142\u0119dy<\/li>\n<li data-section-id=\"1im6cxt\" data-start=\"2280\" data-end=\"2321\">Bardziej produktywne ni\u017c odmiany dla pocz\u0105tkuj\u0105cych<\/li>\n<li data-section-id=\"l1ynsk\" data-start=\"2322\" data-end=\"2374\">Mniej stabilna ni\u017c McKennaii w z\u0142ych warunkach<\/li>\n<\/ul><p data-start=\"2376\" data-end=\"2436\">To sprawia, \u017ce jest to dobry wyb\u00f3r dla hodowc\u00f3w skoncentrowanych na wydajno\u015bci.<\/p><hr data-start=\"2438\" data-end=\"2441\" \/><h3 data-section-id=\"1sya05c\" data-start=\"2443\" data-end=\"2495\">W pe\u0142ni skolonizowane pod\u0142o\u017ce - pomi\u0144 ryzykown\u0105 faz\u0119<\/h3><p data-start=\"2497\" data-end=\"2625\">Ka\u017cda torba zawiera bogat\u0105 w sk\u0142adniki od\u017cywcze <a href=\"https:\/\/www.mondogrowkits.com\/pl\/wysterylizowane-podloze\/\">pod\u0142o\u017ce<\/a> kt\u00f3ra zosta\u0142a ju\u017c w pe\u0142ni skolonizowana zdrow\u0105 grzybni\u0105 psilocybe cubensis.<\/p><p data-start=\"2627\" data-end=\"2638\">Oznacza to:<\/p><ul data-start=\"2639\" data-end=\"2725\">\n<li data-section-id=\"1bwq18v\" data-start=\"2639\" data-end=\"2666\">Nie jest wymagana inokulacja<\/li>\n<li data-section-id=\"1nbh3a1\" data-start=\"2667\" data-end=\"2694\">Nie wymaga sterylizacji<\/li>\n<li data-section-id=\"1i25w4v\" data-start=\"2695\" data-end=\"2725\">Zmniejszone ryzyko zanieczyszczenia<\/li>\n<\/ul><p data-start=\"2727\" data-end=\"2768\">Zaczynasz bezpo\u015brednio na etapie owocowania.<\/p><hr data-start=\"2770\" data-end=\"2773\" \/><h3 data-section-id=\"wkb9bl\" data-start=\"2775\" data-end=\"2811\">Oczekiwane p\u0142ukanie i cykl wzrostu<\/h3><p data-start=\"2813\" data-end=\"2931\">W stabilnych warunkach wewn\u0119trznych (20-24\u00b0C), Amazonian <a href=\"https:\/\/www.mondogrowkits.com\/pl\/magiczne-torby-do-uprawy-grzybow\/\">Magiczna torba do uprawy grzyb\u00f3w<\/a> zazwyczaj produkuje <strong data-start=\"2912\" data-end=\"2930\">2 do 4 p\u0142uka\u0144<\/strong>.<\/p><p data-start=\"2933\" data-end=\"2954\">Najlepsza wydajno\u015b\u0107:<\/p><ul data-start=\"2955\" data-end=\"3067\">\n<li data-section-id=\"50czbk\" data-start=\"2955\" data-end=\"2986\">Utrzymywanie stabilnej temperatury<\/li>\n<li data-section-id=\"1p4t9up\" data-start=\"2987\" data-end=\"3013\">Zapewnienie odpowiedniej wilgotno\u015bci<\/li>\n<li data-section-id=\"1ts3dd0\" data-start=\"3014\" data-end=\"3037\">Higieniczna obs\u0142uga<\/li>\n<li data-section-id=\"vrrdcg\" data-start=\"3038\" data-end=\"3067\">Nawadniaj si\u0119 mi\u0119dzy p\u0142ukaniami<\/li>\n<\/ul><p data-start=\"3069\" data-end=\"3135\">W optymalnych warunkach sp\u0142ukiwanie mo\u017ce by\u0107 g\u0119ste i mie\u0107 du\u017c\u0105 obj\u0119to\u015b\u0107.<\/p><hr data-start=\"3137\" data-end=\"3140\" \/><h3 data-section-id=\"1q9q342\" data-start=\"3142\" data-end=\"3180\">Dlaczego warto wybra\u0107 worek Grow Bag Amazonian?<\/h3><p data-start=\"3182\" data-end=\"3228\">W pe\u0142ni skolonizowane pod\u0142o\u017ce psilocybe cubensis<\/p><p data-start=\"3230\" data-end=\"3258\">Gotowy do natychmiastowego owocowania<\/p><p data-start=\"3260\" data-end=\"3282\">Wysoki potencja\u0142 zysk\u00f3w<\/p><p data-start=\"3284\" data-end=\"3314\">Silny i agresywny wzrost<\/p><p data-start=\"3316\" data-end=\"3348\">Idealny dla \u015brednio zaawansowanych hodowc\u00f3w<\/p><p data-start=\"3350\" data-end=\"3384\">Niezawodne dzia\u0142anie z wieloma sp\u0142uczkami<\/p><hr data-start=\"3386\" data-end=\"3389\" \/><p data-start=\"3391\" data-end=\"3570\" data-is-last-node=\"\" data-is-only-node=\"\">Torba Amazonian Magic Mushroom Grow Bag jest idealna dla hodowc\u00f3w, kt\u00f3rzy chc\u0105 <strong data-start=\"3459\" data-end=\"3506\">Maksymalna wydajno\u015b\u0107 i silny wzrost<\/strong>, i kt\u00f3rzy s\u0105 w stanie utrzyma\u0107 stabilne warunki uprawy w pomieszczeniach.<\/p>","protected":false},"excerpt":{"rendered":"<p data-start=\"135\" data-end=\"393\">Magic Mushroom Grow Bag Amazonian to w pe\u0142ni skolonizowany, gotowy do owocowania system zawieraj\u0105cy grzybni\u0119 psilocybe cubensis. Znana ze swojego energicznego wzrostu i wysokiego potencja\u0142u plon\u00f3w, odmiana ta jest idealna dla hodowc\u00f3w, kt\u00f3rzy chc\u0105 uzyska\u0107 wysok\u0105 wydajno\u015b\u0107 i wi\u0119ksze plony.<\/p>\n<ul data-start=\"395\" data-end=\"583\">\n<li data-section-id=\"aeimkw\" data-start=\"395\" data-end=\"424\">W pe\u0142ni skolonizowane pod\u0142o\u017ce<\/li>\n<li data-section-id=\"1s6w1hc\" data-start=\"425\" data-end=\"455\">Gotowy do natychmiastowego owocowania<\/li>\n<li data-section-id=\"1k77gu8\" data-start=\"456\" data-end=\"502\">Nie jest wymagana strzykawka zarodnikowa ani sterylizacja<\/li>\n<li data-section-id=\"kfr6km\" data-start=\"503\" data-end=\"536\">Zapewnia 2-4 silne p\u0142ukania<\/li>\n<li data-section-id=\"1vqfw06\" data-start=\"537\" data-end=\"583\">Wysokowydajna odmiana dla \u015brednio zaawansowanych hodowc\u00f3w<\/li>\n<\/ul>","protected":false},"featured_media":3184,"comment_status":"open","ping_status":"closed","template":"","meta":[],"product_brand":[32],"product_cat":[58],"product_tag":[],"class_list":{"0":"post-3180","1":"product","2":"type-product","3":"status-publish","4":"has-post-thumbnail","6":"product_brand-mondo","7":"product_cat-magic-mushroom-grow-bags","9":"first","10":"instock","11":"taxable","12":"shipping-taxable","13":"purchasable","14":"product-type-simple"},"jetpack_sharing_enabled":true,"_links":{"self":[{"href":"https:\/\/www.mondogrowkits.com\/pl\/wp-json\/wp\/v2\/product\/3180","targetHints":{"allow":["GET"]}}],"collection":[{"href":"https:\/\/www.mondogrowkits.com\/pl\/wp-json\/wp\/v2\/product"}],"about":[{"href":"https:\/\/www.mondogrowkits.com\/pl\/wp-json\/wp\/v2\/types\/product"}],"replies":[{"embeddable":true,"href":"https:\/\/www.mondogrowkits.com\/pl\/wp-json\/wp\/v2\/comments?post=3180"}],"wp:featuredmedia":[{"embeddable":true,"href":"https:\/\/www.mondogrowkits.com\/pl\/wp-json\/wp\/v2\/media\/3184"}],"wp:attachment":[{"href":"https:\/\/www.mondogrowkits.com\/pl\/wp-json\/wp\/v2\/media?parent=3180"}],"wp:term":[{"taxonomy":"product_brand","embeddable":true,"href":"https:\/\/www.mondogrowkits.com\/pl\/wp-json\/wp\/v2\/product_brand?post=3180"},{"taxonomy":"product_cat","embeddable":true,"href":"https:\/\/www.mondogrowkits.com\/pl\/wp-json\/wp\/v2\/product_cat?post=3180"},{"taxonomy":"product_tag","embeddable":true,"href":"https:\/\/www.mondogrowkits.com\/pl\/wp-json\/wp\/v2\/product_tag?post=3180"}],"curies":[{"name":"wp","href":"https:\/\/api.w.org\/{rel}","templated":true}]}}