{"id":3187,"date":"2026-02-03T15:00:47","date_gmt":"2026-02-03T14:00:47","guid":{"rendered":"https:\/\/www.mondogrowkits.com\/?post_type=product&#038;p=3187"},"modified":"2026-05-11T17:30:37","modified_gmt":"2026-05-11T16:30:37","slug":"penis-zazdrosc-magiczny-grzyb-growbag","status":"publish","type":"product","link":"https:\/\/www.mondogrowkits.com\/pl\/penis-envy-magic-mushroom-growbag\/","title":{"rendered":"Penis Envy - Magiczna torba do uprawy grzyb\u00f3w"},"content":{"rendered":"<h2 data-section-id=\"1v684x9\" data-start=\"606\" data-end=\"683\">Penis Envy - Magic Mushroom Grow Bag | G\u0119ste owoce i zaawansowana wydajno\u015b\u0107<\/h2><p data-start=\"685\" data-end=\"1016\">Penis Envy Magic Mushroom Grow Bag to profesjonalnie przygotowany system uprawy zawieraj\u0105cy w pe\u0142ni skolonizowane grzyby. <a href=\"https:\/\/www.mondogrowkits.com\/pl\/czym-jest-psilocybina\/\">psilocybe cubensis<\/a> pod\u0142o\u017ce. Pe\u0142ny proces inokulacji i inkubacji zosta\u0142 zako\u0144czony w kontrolowanych warunkach, dzi\u0119ki czemu worek hodowlany mo\u017ce natychmiast rozpocz\u0105\u0107 owocowanie po umieszczeniu w stabilnym \u015brodowisku wewn\u0119trznym.<\/p><p data-start=\"1018\" data-end=\"1171\">Penis Envy jest jednym z najbardziej znanych <a href=\"https:\/\/www.mondogrowkits.com\/pl\/mondo-growkits-best-strains-beginners-advanced\/\">zaawansowany<\/a> odmiany, uznane za swoje <strong data-start=\"1096\" data-end=\"1170\">g\u0119ste, zwarte owocniki i wolniejszy, bardziej wymagaj\u0105cy cykl wzrostu<\/strong>.<\/p><hr data-start=\"1173\" data-end=\"1176\" \/><h2 data-section-id=\"ka6sqn\" data-start=\"1178\" data-end=\"1234\">Trudno\u015b\u0107 uprawy: Zaawansowany - Wolny i wra\u017cliwy szczep<\/h2><p data-start=\"1236\" data-end=\"1360\">Penis Envy jest uwa\u017cany za zaawansowany szczep ze wzgl\u0119du na jego powoln\u0105 kolonizacj\u0119 i wy\u017csz\u0105 wra\u017cliwo\u015b\u0107 na warunki \u015brodowiskowe.<\/p><p data-start=\"1362\" data-end=\"1503\">W por\u00f3wnaniu do <a href=\"https:\/\/www.mondogrowkits.com\/pl\/biblioteka-szczepow-grzybow-magicznych\/zloty-nauczyciel-psilocybe-cubensis-szczep\/\">Golden Teacher<\/a> lub B+, Penis Envy jest znacznie wolniejszy i wymaga bardziej precyzyjnej kontroli wilgotno\u015bci, temperatury i przep\u0142ywu powietrza.<\/p><p data-start=\"1505\" data-end=\"1515\">Idealny dla:<\/p><ul data-start=\"1516\" data-end=\"1625\">\n<li data-section-id=\"ddumnv\" data-start=\"1516\" data-end=\"1539\">Do\u015bwiadczeni hodowcy<\/li>\n<li data-section-id=\"1isvqf0\" data-start=\"1540\" data-end=\"1584\">U\u017cytkownicy poszukuj\u0105cy g\u0119stych i unikalnych grzyb\u00f3w<\/li>\n<li data-section-id=\"se0ltb\" data-start=\"1585\" data-end=\"1625\">Hodowcy z kontrolowanym \u015brodowiskiem<\/li>\n<\/ul><hr data-start=\"1627\" data-end=\"1630\" \/><h2 data-section-id=\"c8qk1q\" data-start=\"1632\" data-end=\"1681\">Charakterystyka wzrostu - powolny, g\u0119sty i zwarty<\/h2><p data-start=\"1683\" data-end=\"1748\">Penis Envy wyr\u00f3\u017cnia si\u0119 dzi\u0119ki <strong data-start=\"1716\" data-end=\"1747\">charakterystyczne zachowanie wzrostowe<\/strong>:<\/p><ul data-start=\"1750\" data-end=\"1940\">\n<li data-section-id=\"26p63\" data-start=\"1750\" data-end=\"1805\">Powolna kolonizacja w por\u00f3wnaniu do wi\u0119kszo\u015bci szczep\u00f3w cubensis<\/li>\n<li data-section-id=\"tvhgiy\" data-start=\"1806\" data-end=\"1851\">Grube, g\u0119ste i zwarte owocniki<\/li>\n<li data-section-id=\"117qme6\" data-start=\"1852\" data-end=\"1889\">Rzadsze, ale silniejsze uderzenia gor\u0105ca<\/li>\n<li data-section-id=\"1pihjoi\" data-start=\"1890\" data-end=\"1940\">Unikalna morfologia w por\u00f3wnaniu do standardowych szczep\u00f3w<\/li>\n<\/ul><p data-start=\"1942\" data-end=\"2009\">Jest znacznie mniej agresywny i bardziej wra\u017cliwy ni\u017c pocz\u0105tkuj\u0105cy <a href=\"https:\/\/www.mondogrowkits.com\/pl\/biblioteka-szczepow-grzybow-magicznych\/\">szczepy<\/a>.<\/p><hr data-start=\"2011\" data-end=\"2014\" \/><h2 data-section-id=\"1x9uz5o\" data-start=\"2016\" data-end=\"2062\">Wydajno\u015b\u0107 w por\u00f3wnaniu do innych odmian<\/h2><p data-start=\"2064\" data-end=\"2148\">Penis Envy zazwyczaj produkuje <strong data-start=\"2094\" data-end=\"2147\">umiarkowane plony z ci\u0119\u017cszymi pojedynczymi grzybami<\/strong>.<\/p><p data-start=\"2150\" data-end=\"2176\">W por\u00f3wnaniu do innych szczep\u00f3w:<\/p><ul data-start=\"2177\" data-end=\"2321\">\n<li data-section-id=\"68rrkk\" data-start=\"2177\" data-end=\"2211\">Wolniejsze ni\u017c Thai i Cambodian<\/li>\n<li data-section-id=\"gxy8ul\" data-start=\"2212\" data-end=\"2257\">Mniejsza cz\u0119stotliwo\u015b\u0107 sp\u0142ukiwania ni\u017c w przypadku Golden Teacher<\/li>\n<li data-section-id=\"riguty\" data-start=\"2258\" data-end=\"2287\">Wi\u0119ksza g\u0119sto\u015b\u0107 ni\u017c McKennaii<\/li>\n<li data-section-id=\"8kjlki\" data-start=\"2288\" data-end=\"2321\">Bardziej czu\u0142y ni\u017c Amazonian<\/li>\n<\/ul><p data-start=\"2323\" data-end=\"2397\">Sprawia to, \u017ce jest to odmiana skoncentrowana na jako\u015bci, a nie na ilo\u015bci.<\/p><hr data-start=\"2399\" data-end=\"2402\" \/><h2 data-section-id=\"1mjkycd\" data-start=\"2404\" data-end=\"2456\">W pe\u0142ni skolonizowane pod\u0142o\u017ce - nie wymaga przygotowania<\/h2><p data-start=\"2458\" data-end=\"2584\">Ka\u017cda torba zawiera bogate w sk\u0142adniki od\u017cywcze <a href=\"https:\/\/www.mondogrowkits.com\/pl\/wysterylizowane-podloze\/\">pod\u0142o\u017ce<\/a> kt\u00f3ra zosta\u0142a ju\u017c w pe\u0142ni skolonizowana zdrow\u0105 grzybni\u0105 psilocybe cubensis.<\/p><p data-start=\"2586\" data-end=\"2597\">Oznacza to:<\/p><ul data-start=\"2598\" data-end=\"2684\">\n<li data-section-id=\"1bwq18v\" data-start=\"2598\" data-end=\"2625\">Nie jest wymagana inokulacja<\/li>\n<li data-section-id=\"1nbh3a1\" data-start=\"2626\" data-end=\"2653\">Nie wymaga sterylizacji<\/li>\n<li data-section-id=\"1i25w4v\" data-start=\"2654\" data-end=\"2684\">Zmniejszone ryzyko zanieczyszczenia<\/li>\n<\/ul><p data-start=\"2686\" data-end=\"2721\">Owocowanie mo\u017cna rozpocz\u0105\u0107 natychmiast.<\/p><hr data-start=\"2723\" data-end=\"2726\" \/><h2 data-section-id=\"eks98y\" data-start=\"2728\" data-end=\"2763\">Oczekiwane p\u0142ukanie i cykl wzrostu<\/h2><p data-start=\"2765\" data-end=\"2884\">W stabilnych warunkach wewn\u0119trznych (20-24\u00b0C), Penis Envy <a href=\"https:\/\/www.mondogrowkits.com\/pl\/magiczne-torby-do-uprawy-grzybow\/\">Magiczna torba do uprawy grzyb\u00f3w<\/a> zazwyczaj produkuje <strong data-start=\"2865\" data-end=\"2883\">2 do 4 p\u0142uka\u0144<\/strong>.<\/p><p data-start=\"2886\" data-end=\"2917\">Optymalna wydajno\u015b\u0107 zale\u017cy od<\/p><ul data-start=\"2918\" data-end=\"3032\">\n<li data-section-id=\"1qznzyp\" data-start=\"2918\" data-end=\"2945\">Bardzo stabilna temperatura<\/li>\n<li data-section-id=\"1njdg99\" data-start=\"2946\" data-end=\"2974\">Precyzyjna kontrola wilgotno\u015bci<\/li>\n<li data-section-id=\"1m6hfm\" data-start=\"2975\" data-end=\"2993\">Czysta obs\u0142uga<\/li>\n<li data-section-id=\"1q0zutz\" data-start=\"2994\" data-end=\"3032\">Odpowiednie nawodnienie mi\u0119dzy p\u0142ukaniami<\/li>\n<\/ul><p data-start=\"3034\" data-end=\"3121\">Ze wzgl\u0119du na swoj\u0105 powoln\u0105 natur\u0119, rumie\u0144ce rozwijaj\u0105 si\u0119 d\u0142u\u017cej, ale cz\u0119sto s\u0105 g\u0119ste i zwarte.<\/p><hr data-start=\"3123\" data-end=\"3126\" \/><h2 data-section-id=\"14b2p5g\" data-start=\"3128\" data-end=\"3166\">Dlaczego warto wybra\u0107 worek Grow Bag Penis Envy?<\/h2><p data-start=\"3168\" data-end=\"3214\">W pe\u0142ni skolonizowane pod\u0142o\u017ce psilocybe cubensis<\/p><p data-start=\"3216\" data-end=\"3244\">Gotowy do natychmiastowego owocowania<\/p><p data-start=\"3246\" data-end=\"3275\">G\u0119ste i zwarte grzyby<\/p><p data-start=\"3277\" data-end=\"3305\">Uprawa na poziomie zaawansowanym<\/p><p data-start=\"3307\" data-end=\"3338\">Unikalna charakterystyka wzrostu<\/p><p data-start=\"3340\" data-end=\"3371\">Idealny dla do\u015bwiadczonych hodowc\u00f3w<\/p><hr data-start=\"3373\" data-end=\"3376\" \/><p data-start=\"3378\" data-end=\"3586\" data-is-last-node=\"\" data-is-only-node=\"\">Worek do uprawy grzyb\u00f3w Penis Envy Magic Mushroom Grow Bag jest przeznaczony dla hodowc\u00f3w, kt\u00f3rzy chc\u0105 <strong data-start=\"3452\" data-end=\"3504\">Wymagaj\u0105ce, ale satysfakcjonuj\u0105ce do\u015bwiadczenie w uprawie<\/strong>, Oferuj\u0105c g\u0119ste, unikalne grzyby o wolniejszym i bardziej kontrolowanym cyklu wzrostu.<\/p>","protected":false},"excerpt":{"rendered":"<p data-start=\"123\" data-end=\"398\">Magic Mushroom Grow Bag Penis Envy to w pe\u0142ni skolonizowany, gotowy do owocowania system zawieraj\u0105cy grzybni\u0119 psilocybe cubensis. Znana z powolnego wzrostu i g\u0119stych, grubych owocnik\u00f3w, odmiana ta jest idealna dla do\u015bwiadczonych hodowc\u00f3w poszukuj\u0105cych maksymalnej mocy i wyj\u0105tkowego rozwoju.<\/p>\n<ul data-start=\"400\" data-end=\"599\">\n<li data-section-id=\"aeimkw\" data-start=\"400\" data-end=\"429\">W pe\u0142ni skolonizowane pod\u0142o\u017ce<\/li>\n<li data-section-id=\"1s6w1hc\" data-start=\"430\" data-end=\"460\">Gotowy do natychmiastowego owocowania<\/li>\n<li data-section-id=\"1k77gu8\" data-start=\"461\" data-end=\"507\">Nie jest wymagana strzykawka zarodnikowa ani sterylizacja<\/li>\n<li data-section-id=\"d3fnbg\" data-start=\"508\" data-end=\"549\">Produkuje 2-4 g\u0119ste, ale wolniejsze p\u0142ukania<\/li>\n<li data-section-id=\"iws3em\" data-start=\"550\" data-end=\"599\">Zaawansowana odmiana z grubymi, zwartymi grzybami<\/li>\n<\/ul>","protected":false},"featured_media":3195,"comment_status":"open","ping_status":"closed","template":"","meta":[],"product_brand":[32],"product_cat":[58],"product_tag":[],"class_list":{"0":"post-3187","1":"product","2":"type-product","3":"status-publish","4":"has-post-thumbnail","6":"product_brand-mondo","7":"product_cat-magic-mushroom-grow-bags","9":"first","10":"instock","11":"taxable","12":"shipping-taxable","13":"purchasable","14":"product-type-simple"},"jetpack_sharing_enabled":true,"_links":{"self":[{"href":"https:\/\/www.mondogrowkits.com\/pl\/wp-json\/wp\/v2\/product\/3187","targetHints":{"allow":["GET"]}}],"collection":[{"href":"https:\/\/www.mondogrowkits.com\/pl\/wp-json\/wp\/v2\/product"}],"about":[{"href":"https:\/\/www.mondogrowkits.com\/pl\/wp-json\/wp\/v2\/types\/product"}],"replies":[{"embeddable":true,"href":"https:\/\/www.mondogrowkits.com\/pl\/wp-json\/wp\/v2\/comments?post=3187"}],"wp:featuredmedia":[{"embeddable":true,"href":"https:\/\/www.mondogrowkits.com\/pl\/wp-json\/wp\/v2\/media\/3195"}],"wp:attachment":[{"href":"https:\/\/www.mondogrowkits.com\/pl\/wp-json\/wp\/v2\/media?parent=3187"}],"wp:term":[{"taxonomy":"product_brand","embeddable":true,"href":"https:\/\/www.mondogrowkits.com\/pl\/wp-json\/wp\/v2\/product_brand?post=3187"},{"taxonomy":"product_cat","embeddable":true,"href":"https:\/\/www.mondogrowkits.com\/pl\/wp-json\/wp\/v2\/product_cat?post=3187"},{"taxonomy":"product_tag","embeddable":true,"href":"https:\/\/www.mondogrowkits.com\/pl\/wp-json\/wp\/v2\/product_tag?post=3187"}],"curies":[{"name":"wp","href":"https:\/\/api.w.org\/{rel}","templated":true}]}}