{"id":665,"date":"2025-05-08T14:29:39","date_gmt":"2025-05-08T14:29:39","guid":{"rendered":"https:\/\/staging.mondogrowkits.com\/?post_type=product&#038;p=665"},"modified":"2026-04-08T12:45:52","modified_gmt":"2026-04-08T11:45:52","slug":"zestaw-do-uprawy-grzybow-amazonian-magic","status":"publish","type":"product","link":"https:\/\/www.mondogrowkits.com\/pl\/amazonian-magic-mushroom-grow-kit\/","title":{"rendered":"Amazonian - Zestaw do uprawy magicznych grzyb\u00f3w"},"content":{"rendered":"<h1 data-section-id=\"1eme976\" data-start=\"283\" data-end=\"355\">Amazonian Magic Mushroom Grow Kit - pot\u0119\u017cna odmiana Psilocybe Cubensis<\/h1><p data-start=\"357\" data-end=\"685\">The <strong data-start=\"361\" data-end=\"398\">Amazonian Zestaw do uprawy magicznych grzyb\u00f3w<\/strong> jest popularny <strong data-start=\"412\" data-end=\"441\">Odmiana Psilocybe cubensis<\/strong> pochodz\u0105cy z tropikalnych region\u00f3w las\u00f3w deszczowych Amazonii w Ameryce Po\u0142udniowej. Znany ze swojego energicznego wzrostu i imponuj\u0105cych rozmiar\u00f3w grzyb\u00f3w, szczep ten sta\u0142 si\u0119 ulubionym w\u015br\u00f3d hodowc\u00f3w, kt\u00f3rzy ceni\u0105 sobie siln\u0105 genetyk\u0119 i niezawodne zbiory.<\/p><p data-start=\"687\" data-end=\"953\">Grzyby Amazonian s\u0105 rozpoznawane przez ich <strong data-start=\"731\" data-end=\"761\">grube \u0142odygi i du\u017ce kapelusze<\/strong>, cz\u0119sto rozwijaj\u0105c si\u0119 w g\u0119ste skupiska w fazie owocowania. Dzi\u0119ki silnemu wzrostowi grzybni, szczep Amazonian znany jest z wytwarzania <strong data-start=\"909\" data-end=\"952\">zdrowe grzyby i sta\u0142e plony<\/strong>.<\/p><p data-start=\"955\" data-end=\"1132\">W odpowiednich warunkach uprawy, pierwsze zawi\u0105zki grzyb\u00f3w pojawiaj\u0105 si\u0119 zazwyczaj w ci\u0105gu kilku dni. <strong data-start=\"1039\" data-end=\"1056\">10 do 14 dni<\/strong>, dzi\u0119ki czemu <strong data-start=\"1069\" data-end=\"1091\">Zestaw do uprawy Amazonian<\/strong> satysfakcjonuj\u0105ca opcja do uprawy domowej.<\/p><p data-start=\"1134\" data-end=\"1329\">Ka\u017cdy zestaw do uprawy jest dostarczany <strong data-start=\"1156\" data-end=\"1193\">w pe\u0142ni skolonizowany i gotowy do wzrostu<\/strong>, co oznacza <a href=\"https:\/\/www.mondogrowkits.com\/pl\/wysterylizowane-podloze\/\">pod\u0142o\u017ce<\/a> zawiera ju\u017c aktywn\u0105 grzybni\u0119. Pozwala to na natychmiastowe rozpocz\u0119cie uprawy w kilku prostych krokach.<\/p><hr data-start=\"1331\" data-end=\"1334\" \/><h1 data-section-id=\"hp5q5s\" data-start=\"1336\" data-end=\"1372\">Dlaczego warto wybra\u0107 zestaw do uprawy Amazonian?<\/h1><p data-start=\"1374\" data-end=\"1715\">Popularny <strong data-start=\"1384\" data-end=\"1448\">Szczep Psilocybe cubensis pochodz\u0105cy z regionu Amazonii<\/strong><br data-start=\"1448\" data-end=\"1451\" \/>Znany z <strong data-start=\"1463\" data-end=\"1502\">energiczny wzrost i du\u017ce grzyby<\/strong><br data-start=\"1502\" data-end=\"1505\" \/>Tworzy g\u0119ste skupiska i imponuj\u0105ce rumie\u0144ce.<br data-start=\"1553\" data-end=\"1556\" \/>Mo\u017cliwo\u015b\u0107 wielokrotnego p\u0142ukania przy zachowaniu odpowiedniej ostro\u017cno\u015bci<br data-start=\"1600\" data-end=\"1603\" \/>W pe\u0142ni skolonizowane pod\u0142o\u017ce - gotowe do natychmiastowego wzrostu<br data-start=\"1658\" data-end=\"1661\" \/>Naturalne pod\u0142o\u017ce uprawowe z aktywn\u0105 grzybni\u0105<\/p><p data-start=\"1717\" data-end=\"1876\">Odmiana Amazonian jest ceniona za swoje <strong data-start=\"1761\" data-end=\"1819\">Silny wzrost i wiarygodne wyniki zbior\u00f3w<\/strong>, dzi\u0119ki czemu jest popularnym wyborem w\u015br\u00f3d wielu hodowc\u00f3w grzyb\u00f3w.<\/p><hr data-start=\"1878\" data-end=\"1881\" \/><h1 data-section-id=\"1o7u9te\" data-start=\"1883\" data-end=\"1909\">Dost\u0119pne rozmiary zestaw\u00f3w do uprawy<\/h1><p data-start=\"1911\" data-end=\"2048\">The <strong data-start=\"1915\" data-end=\"1952\">Amazonian Zestaw do uprawy magicznych grzyb\u00f3w<\/strong> jest dost\u0119pny w kilku rozmiarach, dzi\u0119ki czemu mo\u017cna wybra\u0107 zestaw, kt\u00f3ry najlepiej pasuje do konfiguracji uprawy.<\/p><p data-start=\"2050\" data-end=\"2066\">Dost\u0119pne rozmiary:<\/p><p data-start=\"2068\" data-end=\"2152\">\u2022 <strong data-start=\"2070\" data-end=\"2080\">280 cm3<\/strong><br data-start=\"2080\" data-end=\"2083\" \/>\u2022 <strong data-start=\"2085\" data-end=\"2095\">750 cm3<\/strong><br data-start=\"2095\" data-end=\"2098\" \/>\u2022 <strong data-start=\"2100\" data-end=\"2111\">1200 cm3<\/strong> (pokazane na zdj\u0119ciu produktu)<br data-start=\"2136\" data-end=\"2139\" \/>\u2022 <strong data-start=\"2141\" data-end=\"2152\">2100 cm3<\/strong><\/p><p data-start=\"2154\" data-end=\"2300\">Wi\u0119ksze zestawy do uprawy zazwyczaj produkuj\u0105 <strong data-start=\"2189\" data-end=\"2225\">wi\u0119ksze zbiory i wi\u0119cej sp\u0142uka\u0144<\/strong>, podczas gdy mniejsze zestawy s\u0105 idealne dla <a href=\"https:\/\/www.mondogrowkits.com\/pl\/mondo-growkits-best-strains-beginners-advanced\/\">pocz\u0105tkuj\u0105cy<\/a> lub hodowcy z ograniczon\u0105 przestrzeni\u0105.<\/p><hr data-start=\"2302\" data-end=\"2305\" \/><h1 data-section-id=\"2t1372\" data-start=\"2307\" data-end=\"2333\">Idealne warunki uprawy<\/h1><p data-start=\"2335\" data-end=\"2413\">Grzyby Amazonian rozwijaj\u0105 si\u0119 w ciep\u0142ym i wilgotnym \u015brodowisku z po\u015brednim o\u015bwietleniem.<\/p><p data-start=\"2415\" data-end=\"2446\">Zalecane warunki uprawy:<\/p><p data-start=\"2448\" data-end=\"2627\"><strong data-start=\"2448\" data-end=\"2464\">Temperatura:<\/strong> 18-27 \u00b0C<br data-start=\"2473\" data-end=\"2476\" \/><strong data-start=\"2476\" data-end=\"2500\">Optymalna temperatura:<\/strong> 22-25 \u00b0C<br data-start=\"2509\" data-end=\"2512\" \/><strong data-start=\"2512\" data-end=\"2525\">O\u015bwietlenie:<\/strong> Po\u015brednie \u015bwiat\u0142o dzienne lub o\u015bwietlenie otoczenia<br data-start=\"2565\" data-end=\"2568\" \/><strong data-start=\"2568\" data-end=\"2581\">Wilgotno\u015b\u0107:<\/strong> Wysoka wilgotno\u015b\u0107 przy regularnej wymianie \u015bwie\u017cego powietrza<\/p><p data-start=\"2629\" data-end=\"2750\">Kondensacja wewn\u0105trz worka pomaga utrzyma\u0107 odpowiedni poziom wilgotno\u015bci. Nale\u017cy unika\u0107 rozpylania wody bezpo\u015brednio na pod\u0142o\u017ce.<\/p><p data-start=\"2752\" data-end=\"2855\">Ma\u0142e szpilki grzyb\u00f3w zwykle zaczynaj\u0105 pojawia\u0107 si\u0119 w ci\u0105gu <strong data-start=\"2803\" data-end=\"2817\">10-14 dni<\/strong>, w zale\u017cno\u015bci od warunk\u00f3w uprawy.<\/p><hr data-start=\"2857\" data-end=\"2860\" \/><h1 data-section-id=\"12rd239\" data-start=\"2862\" data-end=\"2900\">Efekty dzia\u0142ania magicznych grzyb\u00f3w Amazonian<\/h1><p data-start=\"2902\" data-end=\"3024\">The <strong data-start=\"2906\" data-end=\"2945\">Amazonian Psilocybe cubensis szczep<\/strong> jest znany z dostarczania <strong data-start=\"2972\" data-end=\"3023\">silne i bogate wizualnie do\u015bwiadczenie psychodeliczne<\/strong>.<\/p><p data-start=\"3026\" data-end=\"3060\">Cz\u0119sto zg\u0142aszane efekty obejmuj\u0105:<\/p><p data-start=\"3062\" data-end=\"3241\">- Ulepszone kolory i percepcja wzrokowa<br data-start=\"3102\" data-end=\"3105\" \/>- Silne wzorce wizualne i wzmocnienie sensoryczne<br data-start=\"3153\" data-end=\"3156\" \/>- Podwy\u017cszony nastr\u00f3j i uczucie euforii<br data-start=\"3196\" data-end=\"3199\" \/>- Zwi\u0119kszona kreatywno\u015b\u0107 i introspekcja<\/p><p data-start=\"3243\" data-end=\"3332\">Wielu u\u017cytkownik\u00f3w opisuje to do\u015bwiadczenie jako <strong data-start=\"3281\" data-end=\"3331\">energiczny, wci\u0105gaj\u0105cy i stymuluj\u0105cy wizualnie<\/strong>.<\/p><hr data-start=\"3334\" data-end=\"3337\" \/><h1 data-section-id=\"ljcc7e\" data-start=\"3339\" data-end=\"3378\">Kompletny zestaw do uprawy grzyb\u00f3w \"wszystko w jednym<\/h1><p data-start=\"3380\" data-end=\"3483\">Ka\u017cdy <strong data-start=\"3385\" data-end=\"3422\">Amazonian Zestaw do uprawy magicznych grzyb\u00f3w<\/strong> zawiera wszystko, co potrzebne do natychmiastowego rozpocz\u0119cia uprawy.<\/p><p data-start=\"3485\" data-end=\"3503\">Zestaw zawiera:<\/p><p data-start=\"3505\" data-end=\"3720\">W pe\u0142ni skolonizowane pod\u0142o\u017ce z aktywn\u0105 grzybni\u0105<br data-start=\"3553\" data-end=\"3556\" \/>Elementy pod\u0142o\u017ca zatrzymuj\u0105ce wilgo\u0107<br data-start=\"3597\" data-end=\"3600\" \/>Worek do uprawy ze zintegrowanymi filtrami powietrza<br data-start=\"3638\" data-end=\"3641\" \/>Dwa spinacze do zamykania worka do uprawy<br data-start=\"3682\" data-end=\"3685\" \/>Szczeg\u00f3\u0142owe instrukcje dotycz\u0105ce uprawy<\/p><p data-start=\"3722\" data-end=\"3827\">Zestaw do uprawy zosta\u0142 zaprojektowany tak, aby <strong data-start=\"3755\" data-end=\"3826\">Magiczna uprawa grzyb\u00f3w - prosta, wydajna i przyjazna dla pocz\u0105tkuj\u0105cych<\/strong>.<\/p><hr data-start=\"3829\" data-end=\"3832\" \/><h1 data-section-id=\"3kfd2k\" data-start=\"3834\" data-end=\"3867\">Jak uprawia\u0107 - skr\u00f3cona instrukcja obs\u0142ugi<\/h1><p data-start=\"3869\" data-end=\"3957\">Uprawa grzyb\u00f3w za pomoc\u0105 <strong data-start=\"3896\" data-end=\"3918\">Zestaw do uprawy Amazonian<\/strong> jest \u0142atwe i wymaga tylko kilku krok\u00f3w.<\/p><ol data-start=\"3959\" data-end=\"4304\">\n<li data-section-id=\"x1d9t\" data-start=\"3959\" data-end=\"4018\">\n<p data-start=\"3962\" data-end=\"4018\">Umyj r\u0119ce i wyczy\u015b\u0107 zewn\u0119trzn\u0105 cz\u0119\u015b\u0107 zestawu do uprawy.<\/p>\n<\/li>\n<li data-section-id=\"hci7ne\" data-start=\"4019\" data-end=\"4082\">\n<p data-start=\"4022\" data-end=\"4082\">Zdejmij pokrywk\u0119 i nape\u0142nij pojemnik letni\u0105 wod\u0105.<\/p>\n<\/li>\n<li data-section-id=\"owtwed\" data-start=\"4083\" data-end=\"4130\">\n<p data-start=\"4086\" data-end=\"4130\">Pozostawi\u0107 pod\u0142o\u017ce do namoczenia <strong data-start=\"4113\" data-end=\"4127\">8-12 godzin<\/strong>.<\/p>\n<\/li>\n<li data-section-id=\"5aqy5l\" data-start=\"4131\" data-end=\"4169\">\n<p data-start=\"4134\" data-end=\"4169\">Ostro\u017cnie ods\u0105cz nadmiar wody.<\/p>\n<\/li>\n<li data-section-id=\"9asdz4\" data-start=\"4170\" data-end=\"4246\">\n<p data-start=\"4173\" data-end=\"4246\">Umie\u015b\u0107 zestaw do uprawy w torbie i zamknij j\u0105 spinaczami.<\/p>\n<\/li>\n<li data-section-id=\"1fhyrkq\" data-start=\"4247\" data-end=\"4304\">\n<p data-start=\"4250\" data-end=\"4304\">Przechowywa\u0107 worek do uprawy w ciep\u0142ym miejscu z po\u015brednim o\u015bwietleniem.<\/p>\n<\/li>\n<\/ol><p data-start=\"4306\" data-end=\"4445\">Wewn\u0105trz <strong data-start=\"4313\" data-end=\"4327\">10-14 dni<\/strong>, Zaczn\u0105 pojawia\u0107 si\u0119 ma\u0142e trzpienie grzyb\u00f3w. Grzyby nale\u017cy zbiera\u0107, gdy <strong data-start=\"4402\" data-end=\"4444\">zas\u0142ona pod czapk\u0105 zaczyna si\u0119 rozrywa\u0107<\/strong>.<\/p><p data-start=\"4447\" data-end=\"4529\">Po zbiorach zestaw do uprawy mo\u017ce by\u0107 <strong data-start=\"4485\" data-end=\"4498\">ponownie nas\u0105czony<\/strong> aby uzyska\u0107 dodatkowe p\u0142ukanie.<\/p><p data-start=\"4531\" data-end=\"4597\">Przy odpowiedniej piel\u0119gnacji, jeden zestaw do uprawy mo\u017ce wyprodukowa\u0107 <strong data-start=\"4574\" data-end=\"4596\">do czterech sp\u0142uka\u0144<\/strong>.<\/p><hr data-start=\"4599\" data-end=\"4602\" \/><h1 data-section-id=\"ybm8az\" data-start=\"4604\" data-end=\"4626\">Przechowywanie i okres trwa\u0142o\u015bci<\/h1><p data-start=\"4628\" data-end=\"4690\">Nieotwarty zestaw do uprawy nale\u017cy przechowywa\u0107 w <strong data-start=\"4663\" data-end=\"4689\">lod\u00f3wka w temperaturze 2-8 \u00b0C<\/strong>.<\/p><p data-start=\"4692\" data-end=\"4732\">Okres trwa\u0142o\u015bci: <strong data-start=\"4704\" data-end=\"4732\">3-6 miesi\u0119cy w stanie nieotwartym<\/strong><\/p><p data-start=\"4734\" data-end=\"4833\">Aby uzyska\u0107 najlepsze wyniki, zaleca si\u0119 rozpocz\u0119cie uprawy <strong data-start=\"4795\" data-end=\"4832\">wkr\u00f3tce po otrzymaniu zestawu do uprawy<\/strong>.<\/p><hr data-start=\"4835\" data-end=\"4838\" \/><h1 data-section-id=\"1qgfiv8\" data-start=\"4840\" data-end=\"4865\">Legalne i odpowiedzialne u\u017cytkowanie<\/h1><p data-start=\"4867\" data-end=\"5022\">Grzyby magiczne s\u0105 regulowane w wielu krajach. W niekt\u00f3rych regionach, <strong data-start=\"4933\" data-end=\"4981\">Zestawy do uprawy i trufle pozostaj\u0105 legalnymi produktami<\/strong>, podczas gdy w innych mog\u0105 by\u0107 one ograniczone.<\/p><p data-start=\"5024\" data-end=\"5101\">Zawsze sprawdzaj <strong data-start=\"5037\" data-end=\"5067\">lokalne prawa i przepisy<\/strong> przed zakupem lub upraw\u0105.<\/p><p data-start=\"5103\" data-end=\"5262\"><a href=\"https:\/\/www.mondogrowkits.com\/pl\/czym-jest-psilocybina\/\">Psilocybina<\/a> grzyby s\u0105 uwa\u017cane za <strong data-start=\"5139\" data-end=\"5156\">nie uzale\u017cnia<\/strong>, ale mog\u0105 wywo\u0142ywa\u0107 silne efekty psychologiczne. Zaleca si\u0119 odpowiedzialne korzystanie z nich w bezpiecznym \u015brodowisku.<\/p><hr data-start=\"5264\" data-end=\"5267\" \/><h1 data-section-id=\"1cji8g8\" data-start=\"5269\" data-end=\"5321\">Zam\u00f3w sw\u00f3j zestaw do uprawy grzyb\u00f3w Amazonian ju\u017c dzi\u015b<\/h1><p data-start=\"5323\" data-end=\"5469\">The <strong data-start=\"5327\" data-end=\"5364\">Amazonian Zestaw do uprawy magicznych grzyb\u00f3w<\/strong> Oferuje satysfakcjonuj\u0105ce do\u015bwiadczenie uprawy z silnym wzrostem, imponuj\u0105cymi plonami i wielokrotnymi zbiorami.<\/p><p data-start=\"5471\" data-end=\"5630\">Dzi\u0119ki solidnej genetyce i sta\u0142ym plonom, Amazonian pozostaje jedn\u0105 z najlepszych odmian na \u015bwiecie. <strong data-start=\"5553\" data-end=\"5629\">Najpopularniejsze zestawy do uprawy Psilocybe cubensis dost\u0119pne do uprawy domowej<\/strong>.<\/p><p data-start=\"5632\" data-end=\"5732\">Zam\u00f3w <strong data-start=\"5643\" data-end=\"5686\">Amazonian Magic Mushroom Grow Kit ju\u017c dzi\u015b<\/strong> i zacznij uprawia\u0107 w\u0142asne grzyby w domu.<\/p>","protected":false},"excerpt":{"rendered":"<p>Zestaw do uprawy magicznych grzyb\u00f3w Amazonian jest oparty na solidnej genetyce Psilocybe cubensis z silnym wzrostem grzybni i niezawodnymi cyklami zbior\u00f3w. Dost\u0119pny w pojemno\u015bciach 280 cm3, 750 cm3, 1200 cm3 i 2100 cm3. Solidny wyb\u00f3r dla hodowc\u00f3w, kt\u00f3rzy chc\u0105 sta\u0142ej wydajno\u015bci sp\u0142ukiwania po sp\u0142ukiwaniu.<\/p>","protected":false},"featured_media":4635,"comment_status":"open","ping_status":"closed","template":"","meta":[],"product_brand":[32],"product_cat":[17],"product_tag":[],"class_list":{"0":"post-665","1":"product","2":"type-product","3":"status-publish","4":"has-post-thumbnail","6":"product_brand-mondo","7":"product_cat-magic-mushroom-grow-kits","9":"first","10":"instock","11":"taxable","12":"shipping-taxable","13":"purchasable","14":"product-type-variable"},"jetpack_sharing_enabled":true,"_links":{"self":[{"href":"https:\/\/www.mondogrowkits.com\/pl\/wp-json\/wp\/v2\/product\/665","targetHints":{"allow":["GET"]}}],"collection":[{"href":"https:\/\/www.mondogrowkits.com\/pl\/wp-json\/wp\/v2\/product"}],"about":[{"href":"https:\/\/www.mondogrowkits.com\/pl\/wp-json\/wp\/v2\/types\/product"}],"replies":[{"embeddable":true,"href":"https:\/\/www.mondogrowkits.com\/pl\/wp-json\/wp\/v2\/comments?post=665"}],"wp:featuredmedia":[{"embeddable":true,"href":"https:\/\/www.mondogrowkits.com\/pl\/wp-json\/wp\/v2\/media\/4635"}],"wp:attachment":[{"href":"https:\/\/www.mondogrowkits.com\/pl\/wp-json\/wp\/v2\/media?parent=665"}],"wp:term":[{"taxonomy":"product_brand","embeddable":true,"href":"https:\/\/www.mondogrowkits.com\/pl\/wp-json\/wp\/v2\/product_brand?post=665"},{"taxonomy":"product_cat","embeddable":true,"href":"https:\/\/www.mondogrowkits.com\/pl\/wp-json\/wp\/v2\/product_cat?post=665"},{"taxonomy":"product_tag","embeddable":true,"href":"https:\/\/www.mondogrowkits.com\/pl\/wp-json\/wp\/v2\/product_tag?post=665"}],"curies":[{"name":"wp","href":"https:\/\/api.w.org\/{rel}","templated":true}]}}