{"id":712,"date":"2025-05-12T08:44:55","date_gmt":"2025-05-12T08:44:55","guid":{"rendered":"https:\/\/staging.mondogrowkits.com\/?post_type=product&#038;p=712"},"modified":"2026-05-11T18:56:15","modified_gmt":"2026-05-11T17:56:15","slug":"zestaw-do-uprawy-grzybow-mckennaii-magic","status":"publish","type":"product","link":"https:\/\/www.mondogrowkits.com\/pl\/mckennaii-magic-mushroom-grow-kit\/","title":{"rendered":"McKennaii - Zestaw do uprawy magicznych grzyb\u00f3w"},"content":{"rendered":"<h1 data-section-id=\"12lei03\" data-start=\"213\" data-end=\"285\">McKennaii Magic Mushroom Grow Kit - pot\u0119\u017cna odmiana Psilocybe Cubensis<\/h1><p data-start=\"287\" data-end=\"617\">The <strong data-start=\"291\" data-end=\"328\">McKennaii Zestaw do uprawy magicznych grzyb\u00f3w<\/strong> jest jednym z najbardziej poszukiwanych <strong data-start=\"361\" data-end=\"393\">Zestawy do uprawy Psilocybe cubensis<\/strong> w\u015br\u00f3d do\u015bwiadczonych hodowc\u00f3w i entuzjast\u00f3w psychodelii. Nazwana na cze\u015b\u0107 legendarnego psychonauty <strong data-start=\"486\" data-end=\"505\">Terence McKenna<\/strong>, Odmiana ta zyska\u0142a \u015bwiatow\u0105 popularno\u015b\u0107 dzi\u0119ki silnym efektom wizualnym, szybkiemu wzrostowi i imponuj\u0105cym plonom.<\/p><p data-start=\"619\" data-end=\"864\"><a href=\"https:\/\/www.mondogrowkits.com\/pl\/biblioteka-szczepow-grzybow-magicznych\/mckennaii-psilocybe-cubensis-szczep\/\">McKennaii<\/a> Grzyby s\u0105 rozpoznawane przez ich <strong data-start=\"663\" data-end=\"709\">grube \u0142odygi, g\u0119ste k\u0119py i szerokie kapelusze<\/strong>, tworz\u0105c pi\u0119kne rumie\u0144ce podczas etapu owocnikowania. W odpowiednich warunkach pierwsze grzyby zwykle zaczynaj\u0105 pojawia\u0107 si\u0119 w ci\u0105gu kilku dni. <strong data-start=\"846\" data-end=\"863\">10 do 14 dni<\/strong>.<\/p><p data-start=\"866\" data-end=\"1155\">Ka\u017cdy <strong data-start=\"871\" data-end=\"893\">McKennaii Zestaw do uprawy<\/strong> przychodzi <strong data-start=\"900\" data-end=\"937\">w pe\u0142ni skolonizowany i gotowy do wzrostu<\/strong>, co oznacza, \u017ce grzybnia rozwin\u0119\u0142a si\u0119 ju\u017c w ca\u0142ym <a href=\"https:\/\/www.mondogrowkits.com\/pl\/wysterylizowane-podloze\/\">pod\u0142o\u017ce<\/a>. Pozwala to na natychmiastowe rozpocz\u0119cie uprawy przy minimalnym wysi\u0142ku - wystarczy doda\u0107 wod\u0119, utrzyma\u0107 odpowiedni\u0105 wilgotno\u015b\u0107 i pozwoli\u0107 naturze zaj\u0105\u0107 si\u0119 reszt\u0105.<\/p><p data-start=\"1157\" data-end=\"1359\">Niezale\u017cnie od tego, czy jeste\u015b do\u015bwiadczonym hodowc\u0105, czy po raz pierwszy odkrywasz upraw\u0119 grzyb\u00f3w. <strong data-start=\"1253\" data-end=\"1290\">McKennaii Zestaw do uprawy magicznych grzyb\u00f3w<\/strong> oferuje prosty i niezawodny spos\u00f3b na upraw\u0119 w\u0142asnych grzyb\u00f3w w domu.<\/p><hr data-start=\"1361\" data-end=\"1364\" \/><h1 data-section-id=\"1pwrfhd\" data-start=\"1366\" data-end=\"1402\">Dlaczego warto wybra\u0107 zestaw do uprawy McKennaii?<\/h1><p data-start=\"1404\" data-end=\"1760\">Popularny <strong data-start=\"1414\" data-end=\"1443\">Odmiana Psilocybe cubensis<\/strong> znany z silnych efekt\u00f3w psychodelicznych<br data-start=\"1480\" data-end=\"1483\" \/>Nazwany na cze\u015b\u0107 psychodelicznego filozofa <strong data-start=\"1521\" data-end=\"1540\">Terence McKenna<\/strong><br data-start=\"1540\" data-end=\"1543\" \/>Grube \u0142odygi i szerokie kapelusze tworz\u0105ce g\u0119ste skupiska grzyb\u00f3w<br data-start=\"1602\" data-end=\"1605\" \/>Produkuje <strong data-start=\"1616\" data-end=\"1652\">wysoka wydajno\u015b\u0107 i wielokrotne p\u0142ukanie<\/strong><br data-start=\"1652\" data-end=\"1655\" \/>Szybka kolonizacja i niezawodne wyniki owocowania<br data-start=\"1704\" data-end=\"1707\" \/>100% naturalne pod\u0142o\u017ce bez dodatk\u00f3w chemicznych<\/p><p data-start=\"1762\" data-end=\"1927\">The <a href=\"https:\/\/www.mondogrowkits.com\/pl\/biblioteka-szczepow-grzybow-magicznych\/amazonian-psilocybe-cubensis-strain\/\">Odmiana McKennaii<\/a> jest cz\u0119sto doceniana przez hodowc\u00f3w poszukuj\u0105cych <strong data-start=\"1827\" data-end=\"1878\">pot\u0119\u017cne i wci\u0105gaj\u0105ce do\u015bwiadczenie psychodeliczne<\/strong>, w po\u0142\u0105czeniu z niezawodn\u0105 wydajno\u015bci\u0105 uprawy.<\/p><hr data-start=\"1929\" data-end=\"1932\" \/><h1 data-section-id=\"1o7u9te\" data-start=\"1934\" data-end=\"1960\">Dost\u0119pne rozmiary zestaw\u00f3w do uprawy<\/h1><p data-start=\"1962\" data-end=\"2098\">McKennaii <a href=\"https:\/\/www.mondogrowkits.com\/pl\/magiczne-zestawy-do-uprawy-grzybow\/\">Zestaw do uprawy magicznych grzyb\u00f3w<\/a> jest dost\u0119pny w wielu rozmiarach, co pozwala wybra\u0107 idealny zestaw do konfiguracji uprawy.<\/p><p data-start=\"2100\" data-end=\"2116\">Dost\u0119pne rozmiary:<\/p><p data-start=\"2118\" data-end=\"2202\">\u2022 <strong data-start=\"2120\" data-end=\"2130\">280 cm3<\/strong><br data-start=\"2130\" data-end=\"2133\" \/>\u2022 <strong data-start=\"2135\" data-end=\"2145\">750 cm3<\/strong><br data-start=\"2145\" data-end=\"2148\" \/>\u2022 <strong data-start=\"2150\" data-end=\"2161\">1200 cm3<\/strong> (pokazane na zdj\u0119ciu produktu)<br data-start=\"2186\" data-end=\"2189\" \/>\u2022 <strong data-start=\"2191\" data-end=\"2202\">2100 cm3<\/strong><\/p><p data-start=\"2204\" data-end=\"2350\">Wi\u0119ksze zestawy do uprawy zazwyczaj produkuj\u0105 <strong data-start=\"2239\" data-end=\"2275\">Wi\u0119ksze zbiory i wi\u0119cej sp\u0142uka\u0144<\/strong>, podczas gdy mniejsze zestawy s\u0105 idealne dla <a href=\"https:\/\/www.mondogrowkits.com\/pl\/mondo-growkits-best-strains-beginners-advanced\/\">pocz\u0105tkuj\u0105cy<\/a> lub hodowcy z ograniczon\u0105 przestrzeni\u0105.<\/p><hr data-start=\"2352\" data-end=\"2355\" \/><h1 data-section-id=\"2t1372\" data-start=\"2357\" data-end=\"2383\">Idealne warunki uprawy<\/h1><p data-start=\"2385\" data-end=\"2469\">Grzyby Psilocybe cubensis rozwijaj\u0105 si\u0119 w ciep\u0142ym, wilgotnym \u015brodowisku z po\u015brednim o\u015bwietleniem.<\/p><p data-start=\"2471\" data-end=\"2502\">Zalecane warunki uprawy:<\/p><p data-start=\"2504\" data-end=\"2683\"><strong data-start=\"2504\" data-end=\"2520\">Temperatura:<\/strong> 18-27 \u00b0C<br data-start=\"2529\" data-end=\"2532\" \/><strong data-start=\"2532\" data-end=\"2556\">Optymalna temperatura:<\/strong> 22-25 \u00b0C<br data-start=\"2565\" data-end=\"2568\" \/><strong data-start=\"2568\" data-end=\"2581\">O\u015bwietlenie:<\/strong> Po\u015brednie \u015bwiat\u0142o dzienne lub o\u015bwietlenie otoczenia<br data-start=\"2621\" data-end=\"2624\" \/><strong data-start=\"2624\" data-end=\"2637\">Wilgotno\u015b\u0107:<\/strong> Wysoka wilgotno\u015b\u0107 przy regularnej wymianie \u015bwie\u017cego powietrza<\/p><p data-start=\"2685\" data-end=\"2897\">Aby osi\u0105gn\u0105\u0107 najlepsze rezultaty, nale\u017cy trzyma\u0107 worek hodowlany zamkni\u0119ty, aby utrzyma\u0107 wilgotno\u015b\u0107, jednocze\u015bnie umo\u017cliwiaj\u0105c wymian\u0119 \u015bwie\u017cego powietrza. Kondensacja wewn\u0105trz worka jest normalna i pomaga stworzy\u0107 idealne \u015brodowisko do wzrostu grzyb\u00f3w.<\/p><p data-start=\"2899\" data-end=\"3016\">Ma\u0142e szpilki grzyb\u00f3w zwykle zaczynaj\u0105 si\u0119 formowa\u0107 w obr\u0119bie <strong data-start=\"2948\" data-end=\"2962\">10-14 dni<\/strong>, Wkr\u00f3tce potem nast\u0119puje pe\u0142ny rozw\u00f3j grzyb\u00f3w.<\/p><hr data-start=\"3018\" data-end=\"3021\" \/><h1 data-section-id=\"1sluba3\" data-start=\"3023\" data-end=\"3064\">Oczekiwane efekty grzyb\u00f3w McKennaii<\/h1><p data-start=\"3066\" data-end=\"3260\">The <strong data-start=\"3070\" data-end=\"3109\">McKennaii Psilocybe cubensis szczep<\/strong> jest powszechnie znany ze swoich <strong data-start=\"3134\" data-end=\"3181\">Silne i wci\u0105gaj\u0105ce do\u015bwiadczenie psychodeliczne<\/strong>. Wielu u\u017cytkownik\u00f3w opisuje efekty jako g\u0142\u0119bokie, introspektywne i intensywne wizualnie.<\/p><p data-start=\"3262\" data-end=\"3296\">Cz\u0119sto zg\u0142aszane efekty obejmuj\u0105:<\/p><p data-start=\"3298\" data-end=\"3467\">- Ulepszone kolory i wzory wizualne<br data-start=\"3336\" data-end=\"3339\" \/>- Zwi\u0119kszona percepcja sensoryczna<br data-start=\"3370\" data-end=\"3373\" \/>- G\u0142\u0119boka introspekcja i filozoficzne my\u015blenie<br data-start=\"3420\" data-end=\"3423\" \/>- Emocjonalna otwarto\u015b\u0107 i duchowy wgl\u0105d<\/p><p data-start=\"3469\" data-end=\"3611\">Ze wzgl\u0119du na swoj\u0105 wytrzyma\u0142o\u015b\u0107 i intensywno\u015b\u0107, McKennaii jest cz\u0119sto zalecany dla <strong data-start=\"3543\" data-end=\"3610\">do\u015bwiadczeni u\u017cytkownicy lub osoby poszukuj\u0105ce g\u0142\u0119bszej psychodelicznej podr\u00f3\u017cy<\/strong>.<\/p><hr data-start=\"3613\" data-end=\"3616\" \/><h1 data-section-id=\"ljcc7e\" data-start=\"3618\" data-end=\"3657\">Kompletny zestaw do uprawy grzyb\u00f3w \"wszystko w jednym<\/h1><p data-start=\"3659\" data-end=\"3758\">Ka\u017cdy <strong data-start=\"3664\" data-end=\"3701\">McKennaii Zestaw do uprawy magicznych grzyb\u00f3w<\/strong> zawiera wszystko, co potrzebne do natychmiastowego rozpocz\u0119cia uprawy.<\/p><p data-start=\"3760\" data-end=\"3778\">Zestaw zawiera:<\/p><p data-start=\"3780\" data-end=\"3995\">W pe\u0142ni skolonizowane pod\u0142o\u017ce z aktywn\u0105 grzybni\u0105<br data-start=\"3828\" data-end=\"3831\" \/>Elementy pod\u0142o\u017ca zatrzymuj\u0105ce wilgo\u0107<br data-start=\"3872\" data-end=\"3875\" \/>Worek do uprawy ze zintegrowanymi filtrami powietrza<br data-start=\"3913\" data-end=\"3916\" \/>Dwa spinacze do zamykania worka do uprawy<br data-start=\"3957\" data-end=\"3960\" \/>Szczeg\u00f3\u0142owe instrukcje dotycz\u0105ce uprawy<\/p><p data-start=\"3997\" data-end=\"4106\">Zestaw zosta\u0142 zaprojektowany tak, aby <strong data-start=\"4025\" data-end=\"4085\">Magiczna uprawa grzyb\u00f3w prosta, czysta i dost\u0119pna<\/strong>, nawet dla pocz\u0105tkuj\u0105cych.<\/p><hr data-start=\"4108\" data-end=\"4111\" \/><h1 data-section-id=\"3kfd2k\" data-start=\"4113\" data-end=\"4146\">Jak uprawia\u0107 - skr\u00f3cona instrukcja obs\u0142ugi<\/h1><p data-start=\"4148\" data-end=\"4236\">Uprawa grzyb\u00f3w za pomoc\u0105 <strong data-start=\"4173\" data-end=\"4195\">McKennaii Zestaw do uprawy<\/strong> jest prosta i wymaga tylko kilku krok\u00f3w.<\/p><ol data-start=\"4238\" data-end=\"4579\">\n<li data-section-id=\"x1d9t\" data-start=\"4238\" data-end=\"4297\">\n<p data-start=\"4241\" data-end=\"4297\">Umyj r\u0119ce i wyczy\u015b\u0107 zewn\u0119trzn\u0105 cz\u0119\u015b\u0107 zestawu do uprawy.<\/p>\n<\/li>\n<li data-section-id=\"hci7ne\" data-start=\"4298\" data-end=\"4361\">\n<p data-start=\"4301\" data-end=\"4361\">Zdejmij pokrywk\u0119 i nape\u0142nij pojemnik letni\u0105 wod\u0105.<\/p>\n<\/li>\n<li data-section-id=\"owtwed\" data-start=\"4362\" data-end=\"4409\">\n<p data-start=\"4365\" data-end=\"4409\">Pozostawi\u0107 pod\u0142o\u017ce do namoczenia <strong data-start=\"4392\" data-end=\"4406\">8-12 godzin<\/strong>.<\/p>\n<\/li>\n<li data-section-id=\"5aqy5l\" data-start=\"4410\" data-end=\"4448\">\n<p data-start=\"4413\" data-end=\"4448\">Ostro\u017cnie ods\u0105cz nadmiar wody.<\/p>\n<\/li>\n<li data-section-id=\"1j286c\" data-start=\"4449\" data-end=\"4526\">\n<p data-start=\"4452\" data-end=\"4526\">Umie\u015b\u0107 zestaw do uprawy w torbie i zamknij j\u0105 za pomoc\u0105 spinaczy.<\/p>\n<\/li>\n<li data-section-id=\"xqjcs7\" data-start=\"4527\" data-end=\"4579\">\n<p data-start=\"4530\" data-end=\"4579\">Przechowywa\u0107 worek w ciep\u0142ym miejscu z po\u015brednim dost\u0119pem \u015bwiat\u0142a.<\/p>\n<\/li>\n<\/ol><p data-start=\"4581\" data-end=\"4709\">Wewn\u0105trz <strong data-start=\"4588\" data-end=\"4602\">10-14 dni<\/strong>, zaczn\u0105 formowa\u0107 si\u0119 ma\u0142e szpilki. Grzyby nale\u017cy zbiera\u0107, gdy <strong data-start=\"4666\" data-end=\"4708\">zas\u0142ona pod czapk\u0105 zaczyna si\u0119 rozrywa\u0107<\/strong>.<\/p><p data-start=\"4711\" data-end=\"4793\">Po zbiorach zestaw do uprawy mo\u017ce by\u0107 <strong data-start=\"4749\" data-end=\"4762\">ponownie nas\u0105czony<\/strong> aby uzyska\u0107 dodatkowe p\u0142ukanie.<\/p><p data-start=\"4795\" data-end=\"4866\">Przy odpowiedniej piel\u0119gnacji, pojedynczy zestaw do uprawy mo\u017ce produkowa\u0107 <strong data-start=\"4843\" data-end=\"4865\">do czterech sp\u0142uka\u0144<\/strong>.<\/p><hr data-start=\"4868\" data-end=\"4871\" \/><h1 data-section-id=\"ybm8az\" data-start=\"4873\" data-end=\"4895\">Przechowywanie i okres trwa\u0142o\u015bci<\/h1><p data-start=\"4897\" data-end=\"4959\">Nieotwarty zestaw do uprawy nale\u017cy przechowywa\u0107 w <strong data-start=\"4932\" data-end=\"4958\">lod\u00f3wka w temperaturze 2-8 \u00b0C<\/strong>.<\/p><p data-start=\"4961\" data-end=\"5001\">Okres trwa\u0142o\u015bci: <strong data-start=\"4973\" data-end=\"5001\">3-6 miesi\u0119cy w stanie nieotwartym<\/strong><\/p><p data-start=\"5003\" data-end=\"5103\">Aby uzyska\u0107 najlepsze wyniki, zaleca si\u0119 rozpocz\u0119cie uprawy <strong data-start=\"5064\" data-end=\"5102\">wkr\u00f3tce po otrzymaniu zestawu do uprawy<\/strong>.<\/p><hr data-start=\"5105\" data-end=\"5108\" \/><h1 data-section-id=\"1qgfiv8\" data-start=\"5110\" data-end=\"5135\">Legalne i odpowiedzialne u\u017cytkowanie<\/h1><p data-start=\"5137\" data-end=\"5292\">Grzyby magiczne s\u0105 regulowane w wielu krajach. W niekt\u00f3rych regionach, <strong data-start=\"5203\" data-end=\"5251\">Zestawy do uprawy i trufle pozostaj\u0105 legalnymi produktami<\/strong>, podczas gdy w innych mog\u0105 by\u0107 one ograniczone.<\/p><p data-start=\"5294\" data-end=\"5371\">Zawsze sprawdzaj <strong data-start=\"5307\" data-end=\"5337\">lokalne prawa i przepisy<\/strong> przed zakupem lub upraw\u0105.<\/p><p data-start=\"5373\" data-end=\"5539\">Grzyby psilocybinowe s\u0105 uwa\u017cane za <strong data-start=\"5409\" data-end=\"5426\">nie uzale\u017cnia<\/strong>, ale mog\u0105 wywo\u0142ywa\u0107 silne efekty psychologiczne. Zawsze zaleca si\u0119 odpowiedzialne korzystanie z nich w bezpiecznym \u015brodowisku.<\/p><hr data-start=\"5541\" data-end=\"5544\" \/><h1 data-section-id=\"173ny1l\" data-start=\"5546\" data-end=\"5598\">Zam\u00f3w sw\u00f3j zestaw do uprawy grzyb\u00f3w McKennaii ju\u017c dzi\u015b<\/h1><p data-start=\"5600\" data-end=\"5773\">The <strong data-start=\"5604\" data-end=\"5641\">McKennaii Zestaw do uprawy magicznych grzyb\u00f3w<\/strong> Oferuje niezawodne i satysfakcjonuj\u0105ce do\u015bwiadczenie w uprawie dla ka\u017cdego zainteresowanego w\u0142asn\u0105 upraw\u0105. <strong data-start=\"5740\" data-end=\"5772\">Grzyby Psilocybe cubensis<\/strong>.<\/p><p data-start=\"5775\" data-end=\"5934\">Dzi\u0119ki szybkiemu wzrostowi, imponuj\u0105cym rumie\u0144com i silnym efektom psychodelicznym, McKennaii pozostaje jedn\u0105 z najlepszych odmian na \u015bwiecie. <strong data-start=\"5876\" data-end=\"5933\">Najpopularniejsze dost\u0119pne obecnie zestawy do uprawy grzyb\u00f3w magicznych<\/strong>.<\/p><p data-start=\"5936\" data-end=\"6076\">Zam\u00f3w <strong data-start=\"5947\" data-end=\"5975\">Zestaw do uprawy McKennaii ju\u017c dzi\u015b<\/strong> i zacznij uprawia\u0107 jedn\u0105 z najbardziej kultowych odmian grzyb\u00f3w - w zaciszu w\u0142asnego domu.<\/p>","protected":false},"excerpt":{"rendered":"<p>Zestaw do uprawy magicznych grzyb\u00f3w McKennaii zapewnia szybk\u0105 kolonizacj\u0119 i g\u0119ste, mocne sp\u0142ukiwanie ze sprawdzonego szczepu Psilocybe cubensis. Dost\u0119pny w pojemno\u015bciach 280cc, 750cc, 1200cc i 2100cc. Nie wymaga przygotowania - w pe\u0142ni skolonizowany i gotowy do produkcji od pierwszego dnia.<\/p>","protected":false},"featured_media":4634,"comment_status":"open","ping_status":"closed","template":"","meta":[],"product_brand":[32],"product_cat":[17],"product_tag":[],"class_list":{"0":"post-712","1":"product","2":"type-product","3":"status-publish","4":"has-post-thumbnail","6":"product_brand-mondo","7":"product_cat-magic-mushroom-grow-kits","9":"first","10":"instock","11":"taxable","12":"shipping-taxable","13":"purchasable","14":"product-type-variable"},"jetpack_sharing_enabled":true,"_links":{"self":[{"href":"https:\/\/www.mondogrowkits.com\/pl\/wp-json\/wp\/v2\/product\/712","targetHints":{"allow":["GET"]}}],"collection":[{"href":"https:\/\/www.mondogrowkits.com\/pl\/wp-json\/wp\/v2\/product"}],"about":[{"href":"https:\/\/www.mondogrowkits.com\/pl\/wp-json\/wp\/v2\/types\/product"}],"replies":[{"embeddable":true,"href":"https:\/\/www.mondogrowkits.com\/pl\/wp-json\/wp\/v2\/comments?post=712"}],"wp:featuredmedia":[{"embeddable":true,"href":"https:\/\/www.mondogrowkits.com\/pl\/wp-json\/wp\/v2\/media\/4634"}],"wp:attachment":[{"href":"https:\/\/www.mondogrowkits.com\/pl\/wp-json\/wp\/v2\/media?parent=712"}],"wp:term":[{"taxonomy":"product_brand","embeddable":true,"href":"https:\/\/www.mondogrowkits.com\/pl\/wp-json\/wp\/v2\/product_brand?post=712"},{"taxonomy":"product_cat","embeddable":true,"href":"https:\/\/www.mondogrowkits.com\/pl\/wp-json\/wp\/v2\/product_cat?post=712"},{"taxonomy":"product_tag","embeddable":true,"href":"https:\/\/www.mondogrowkits.com\/pl\/wp-json\/wp\/v2\/product_tag?post=712"}],"curies":[{"name":"wp","href":"https:\/\/api.w.org\/{rel}","templated":true}]}}