{"id":2811,"date":"2025-12-11T12:23:17","date_gmt":"2025-12-11T11:23:17","guid":{"rendered":"https:\/\/www.mondogrowkits.com\/?page_id=2811"},"modified":"2026-05-07T12:16:00","modified_gmt":"2026-05-07T11:16:00","slug":"manual-do-kit-de-cultivo","status":"publish","type":"page","link":"https:\/\/www.mondogrowkits.com\/pt\/grow-kit-manual\/","title":{"rendered":"Manual do kit de cultivo"},"content":{"rendered":"<section class=\"section\" id=\"section_991143600\">\n\t\t<div class=\"section-bg fill\" >\n\t\t\t\t\t\t\t\t\t\n\t\t\t\n\n\t\t<\/div>\n\n\t\t\n\n\t\t<div class=\"section-content relative\">\n\t\t\t\n\n\t<div id=\"gap-816494996\" class=\"gap-element clearfix\" style=\"display:block; height:auto;\">\n\t\t\n<style>\n#gap-816494996 {\n  padding-top: 30px;\n}\n<\/style>\n\t<\/div>\n\t\n\n<div class=\"row row-large align-middle\"  id=\"row-747549644\">\n\n\n\t<div id=\"col-2051543980\" class=\"col medium-12 small-12 large-7\"  >\n\t\t\t\t<div class=\"col-inner\"  >\n\t\t\t\n\t\t\t\n\n\t<div id=\"text-3258825554\" class=\"text\">\n\t\t\n\n<h1>Mondo Growkit - Guia de ativa\u00e7\u00e3o<\/h1>\n\t\t\n<style>\n#text-3258825554 {\n  font-size: 1.4rem;\n  color: #d55a46;\n}\n#text-3258825554 > * {\n  color: #d55a46;\n}\n<\/style>\n\t<\/div>\n\t\n\t<div id=\"text-1847609527\" class=\"text\">\n\t\t\n\n<h2>Como come\u00e7ar<\/h2>\n\t\t\n<style>\n#text-1847609527 {\n  font-size: 1.2rem;\n}\n<\/style>\n\t<\/div>\n\t\n<p data-start=\"127\" data-end=\"336\">Este guia de ativa\u00e7\u00e3o fornece todas as instru\u00e7\u00f5es essenciais para ativar e utilizar corretamente o kit de cultivo Mondo. Explica os passos chave desde a ativa\u00e7\u00e3o at\u00e9 \u00e0 colheita, assegurando um ciclo de cultivo suave e bem sucedido.<\/p>\n<p data-start=\"338\" data-end=\"495\">Encontrar\u00e1 orienta\u00e7\u00f5es claras sobre as condi\u00e7\u00f5es ambientais, a rega, a manuten\u00e7\u00e3o e as fases de crescimento para ajudar a evitar erros comuns e obter resultados \u00f3ptimos.<\/p>\n<p data-start=\"497\" data-end=\"607\">Siga cada passo cuidadosamente para ativar o seu Mondo Growkit corretamente e garantir um crescimento saud\u00e1vel e consistente.<\/p>\n<a href=\"https:\/\/www.mondogrowkits.com\/wp-content\/uploads\/2026\/05\/mondo-magic-mushroom-growkit-manual.pdf\" target=\"_blank\" class=\"button primary is-large\" rel=\"noopener\" style=\"border-radius:99px;\">\n\t\t<span>Descarregar o manual<\/span>\n\t<\/a>\n\n\n<a href=\"https:\/\/www.youtube.com\/watch?v=xZMN5-o8_lo\" target=\"_blank\" class=\"button secondary is-large\" rel=\"noopener\" style=\"border-radius:99px;\">\n\t\t<span>V\u00eddeo de instru\u00e7\u00f5es<\/span>\n\t<\/a>\n\n\n\n\t\t<\/div>\n\t\t\t\t\t<\/div>\n\n\t\n\n\t<div id=\"col-457997388\" class=\"col medium-12 small-12 large-5\"  >\n\t\t\t\t<div class=\"col-inner\"  >\n\t\t\t\n\t\t\t\n\n\t<div class=\"img has-hover x md-x lg-x y md-y lg-y\" id=\"image_521724731\">\n\t\t\t\t\t\t\t\t<div class=\"img-inner image-cover dark\" style=\"padding-top:100%;\">\n\t\t\t<img decoding=\"async\" width=\"800\" height=\"800\" src=\"https:\/\/www.mondogrowkits.com\/wp-content\/uploads\/2025\/05\/ChatGPT-Image-23-mrt-2026-17_18_03-800x800.png\" class=\"attachment-large size-large\" alt=\"Golden Teacher - Kit de cultivo de cogumelos m\u00e1gicos\" srcset=\"https:\/\/www.mondogrowkits.com\/wp-content\/uploads\/2025\/05\/ChatGPT-Image-23-mrt-2026-17_18_03-800x800.png 800w, https:\/\/www.mondogrowkits.com\/wp-content\/uploads\/2025\/05\/ChatGPT-Image-23-mrt-2026-17_18_03-400x400.png 400w, https:\/\/www.mondogrowkits.com\/wp-content\/uploads\/2025\/05\/ChatGPT-Image-23-mrt-2026-17_18_03-100x100.png 100w, https:\/\/www.mondogrowkits.com\/wp-content\/uploads\/2025\/05\/ChatGPT-Image-23-mrt-2026-17_18_03-1000x1000.png 1000w, https:\/\/www.mondogrowkits.com\/wp-content\/uploads\/2025\/05\/ChatGPT-Image-23-mrt-2026-17_18_03-280x280.png 280w, https:\/\/www.mondogrowkits.com\/wp-content\/uploads\/2025\/05\/ChatGPT-Image-23-mrt-2026-17_18_03-768x768.png 768w, https:\/\/www.mondogrowkits.com\/wp-content\/uploads\/2025\/05\/ChatGPT-Image-23-mrt-2026-17_18_03-12x12.png 12w, https:\/\/www.mondogrowkits.com\/wp-content\/uploads\/2025\/05\/ChatGPT-Image-23-mrt-2026-17_18_03.png 1024w\" sizes=\"(max-width: 800px) 100vw, 800px\" title=\"\">\t\t\t\t\t\t\n\t\t\t\t\t<\/div>\n\t\t\t\t\t\t\t\t\n<style>\n#image_521724731 {\n  width: 100%;\n}\n<\/style>\n\t<\/div>\n\t\n\n\n\t\t<\/div>\n\t\t\t\t\t<\/div>\n\n\t\n\n<\/div>\n<div class=\"row\"  id=\"row-903409186\">\n\n\n\t<div id=\"col-814004420\" class=\"col small-12 large-12\"  >\n\t\t\t\t<div class=\"col-inner\"  >\n\t\t\t\n\t\t\t\n\n\n\n<iframe width=\"1200\" height=\"650\" src=\"https:\/\/www.youtube.com\/embed\/xZMN5-o8_lo?si=XEVvNLqkpAjH-avD\" title=\"Leitor de v\u00eddeo do YouTube\" frameborder=\"0\" allow=\"accelerometer; autoplay; clipboard-write; encrypted-media; gyroscope; picture-in-picture; web-share\" referrerpolicy=\"strict-origin-when-cross-origin\" allowfullscreen><\/iframe>\n\n\n\t\t<\/div>\n\t\t\t\t\t<\/div>\n\n\t\n\n<\/div>\n<div class=\"row\"  id=\"row-485756150\">\n\n\n\t<div id=\"col-199733801\" class=\"col small-12 large-12\"  >\n\t\t\t\t<div class=\"col-inner\"  >\n\t\t\t\n\t<div class=\"is-border\"\n\t\tstyle=\"border-width:0px 0px 0px 0px;\">\n\t<\/div>\n\t\t\t\n\n<h2>Manual do kit de cultivo<\/h2>\n<h3>Informa\u00e7\u00f5es sobre o produto<\/h3>\n<p><strong>Produto:<\/strong> Kit de cultivo de substrato<br \/>\n<strong>Descri\u00e7\u00e3o:<\/strong> Um kit de cultivo de substrato pronto para o processo de ativa\u00e7\u00e3o e crescimento.<br \/>\n<strong>P\u00fablico:<\/strong> Clientes de n\u00edvel iniciante com ou sem experi\u00eancia pr\u00e9via de cultivo.<\/p>\n<h3>Componentes inclu\u00eddos<\/h3>\n<ul>\n<li>Kit de cultivo de substrato<\/li>\n<li>Saco de filtro com autocolante de selagem<\/li>\n<\/ul>\n<h3>Instru\u00e7\u00f5es passo a passo<\/h3>\n<h4>Etapa 1: Prepara\u00e7\u00e3o<\/h4>\n<h5>Inspe\u00e7\u00e3o<\/h5>\n<ul>\n<li>Inspecionar o kit de cultivo quanto a contamina\u00e7\u00e3o:\n<ul>\n<li><strong>Cores seguras:<\/strong> Mic\u00e9lio branco, branco-amarelado<\/li>\n<li><strong>Cores inseguras (contamina\u00e7\u00e3o):<\/strong> Verde, preto, vermelho, cor-de-rosa<\/li>\n<\/ul>\n<\/li>\n<li>Inspecionar a caixa para verificar se est\u00e1 intacta.<\/li>\n<li>Se houver contamina\u00e7\u00e3o ou se a caixa estiver partida, n\u00e3o active o kit. Contactar imediatamente o apoio ao cliente, uma vez que os produtos contaminados n\u00e3o podem ser guardados.<\/li>\n<\/ul>\n<h5>Desinfe\u00e7\u00e3o<\/h5>\n<ul>\n<li>Limpe bem o seu local de trabalho, m\u00e3os e antebra\u00e7os com sab\u00e3o antibacteriano e spray desinfetante.<\/li>\n<li>Se tiver cabelo comprido, recomenda-se que o prenda.<\/li>\n<li>Para maior esterilidade, pode utilizar luvas esterilizadas e uma m\u00e1scara facial.<\/li>\n<li>Trabalhar num ambiente com pouca corrente de ar e completamente limpo.<\/li>\n<\/ul>\n<h4>Etapa 2: Hidrata\u00e7\u00e3o<\/h4>\n<ul>\n<li>Abrir um dos lados da tampa, encher o kit com \u00e1gua pot\u00e1vel e fechar a tampa.<\/li>\n<li>Coloca o kit de cultivo no frigor\u00edfico durante 9-24 horas para ficar de molho. A dura\u00e7\u00e3o depende do tamanho do kit e da temperatura ambiente em tua casa.<\/li>\n<\/ul>\n<h4>Passo 3: Ativa\u00e7\u00e3o<\/h4>\n<ul>\n<li>Repetir os passos de desinfe\u00e7\u00e3o a partir da etapa 1.<\/li>\n<li>Abrir a tampa num dos cantos e escoar cuidadosamente o excesso de \u00e1gua.<\/li>\n<li>Adicionar aproximadamente 150 ml de \u00e1gua pot\u00e1vel diretamente ao saco de cultivo fornecido.<\/li>\n<li>Coloca o kit de cultivo dentro do saco de cultivo.<\/li>\n<li>Retire a tampa do kit de cultivo (n\u00e3o a deite fora; vai precisar dela mais tarde).<\/li>\n<li>Pulverizar \u00e1gua no interior do saco para aumentar a humidade.<\/li>\n<li>Dobre bem a parte superior do saco e feche-o com o autocolante fornecido. Certifique-se de que o saco est\u00e1 inchado e cont\u00e9m bastante ar fresco.<\/li>\n<li>Colocar o kit de cultivo num local luminoso com luz solar indireta.<\/li>\n<li>Manter uma temperatura constante entre 23-27\u00b0C (nunca exceder 27\u00b0C).<\/li>\n<\/ul>\n<h4>Etapa 4: Frutifica\u00e7\u00e3o<\/h4>\n<ul>\n<li>Se houver pouca ou nenhuma condensa\u00e7\u00e3o no interior do saco de cultivo, abre-o, borrifa \u00e1gua no interior e volta a fech\u00e1-lo.<\/li>\n<li>Quando aparecerem os primeiros pinos, parar de borrifar a \u00e1gua.<\/li>\n<li>Introduzir ar fresco abrindo o saco, espremendo suavemente o ar velho (CO\u2082), deixando entrar ar fresco (O\u2082) e voltando a selar o saco inchado.<\/li>\n<li>Repetir esta troca de ar fresco 1 a 3 vezes por dia.<\/li>\n<\/ul>\n<h4>Etapa 5: Colheita<\/h4>\n<ul>\n<li>Repetir os passos de desinfe\u00e7\u00e3o a partir da etapa 1.<\/li>\n<li>Colher os cogumelos antes de as tampas se abrirem completamente para evitar a liberta\u00e7\u00e3o de esporos.<\/li>\n<li>Torcer e puxar suavemente os cogumelos do substrato.<\/li>\n<\/ul>\n<h4>Etapa 6: Segunda descarga<\/h4>\n<ul>\n<li>Repetir os passos 2-5.<\/li>\n<li>Certifique-se de que desinfecta a tampa antes de a utilizar novamente para fechar o kit.<\/li>\n<\/ul>\n<h3>Sugest\u00f5es e truques<\/h3>\n<ul>\n<li>A luz solar indireta, as temperaturas entre 24-27\u00b0C e o ar fresco s\u00e3o essenciais para um crescimento saud\u00e1vel.<\/li>\n<li>Se n\u00e3o houver luz solar indireta, utilize uma luz de crescimento.<\/li>\n<li>Se for dif\u00edcil manter uma temperatura constante, utilize tapetes t\u00e9rmicos.<\/li>\n<li>Para manter um microclima est\u00e1vel, considere a utiliza\u00e7\u00e3o de um Mondotub.<\/li>\n<li>Colher os cogumelos antes de as tampas se abrirem completamente para evitar a liberta\u00e7\u00e3o de esporos, que podem inibir o crescimento futuro.<\/li>\n<\/ul>\n<h3>Precau\u00e7\u00f5es<\/h3>\n<ul>\n<li>A n\u00e3o desinfe\u00e7\u00e3o adequada das m\u00e3os, superf\u00edcies ou ferramentas pode resultar em contamina\u00e7\u00e3o. Os produtos contaminados n\u00e3o podem ser guardados.<\/li>\n<li>Evitar a luz solar direta e ambientes demasiado quentes, pois o calor excessivo pode desidratar e matar o mic\u00e9lio.<\/li>\n<li>Os kits de cultivo podem produzir v\u00e1rios fluxos com os cuidados adequados, mas por raz\u00f5es de seguran\u00e7a, n\u00e3o recomendamos mais do que um segundo fluxo.<\/li>\n<\/ul>\n<h3>Refer\u00eancia r\u00e1pida para a resolu\u00e7\u00e3o de problemas<\/h3>\n<ul>\n<li><strong>Crescimento lento ou nulo:<\/strong> Verificar a temperatura e a humidade e assegurar uma troca de ar fresco suficiente.<\/li>\n<li><strong>Deforma\u00e7\u00e3o dos cogumelos:<\/strong> Geralmente causada por uma insuficiente troca de ar ou humidade excessiva.<\/li>\n<li><strong>Os pinos formam-se mas n\u00e3o amadurecem:<\/strong> Aumentar a troca de ar fresco, assegurar uma ilumina\u00e7\u00e3o adequada e verificar a temperatura ambiente.<\/li>\n<li><strong>Bolor ou cores invulgares:<\/strong> Deitar fora imediatamente se a contamina\u00e7\u00e3o for vis\u00edvel e higienizar a \u00e1rea.<\/li>\n<\/ul>\n<h3>Apoio ao cliente<\/h3>\n<p>Para obter assist\u00eancia, contacte a nossa equipa de apoio ao cliente atrav\u00e9s da p\u00e1gina de contacto.<\/p>\n\n\t\t<\/div>\n\t\t\t\t\t<\/div>\n\n\t\n\n<\/div>\n\n\t\t<\/div>\n\n\t\t\n<style>\n#section_991143600 {\n  padding-top: 30px;\n  padding-bottom: 30px;\n}\n<\/style>\n\t<\/section>","protected":false},"excerpt":{"rendered":"","protected":false},"author":1,"featured_media":674,"parent":0,"menu_order":0,"comment_status":"closed","ping_status":"closed","template":"page-blank.php","meta":{"footnotes":""},"class_list":["post-2811","page","type-page","status-publish","has-post-thumbnail","hentry"],"jetpack_sharing_enabled":true,"_links":{"self":[{"href":"https:\/\/www.mondogrowkits.com\/pt\/wp-json\/wp\/v2\/pages\/2811","targetHints":{"allow":["GET"]}}],"collection":[{"href":"https:\/\/www.mondogrowkits.com\/pt\/wp-json\/wp\/v2\/pages"}],"about":[{"href":"https:\/\/www.mondogrowkits.com\/pt\/wp-json\/wp\/v2\/types\/page"}],"author":[{"embeddable":true,"href":"https:\/\/www.mondogrowkits.com\/pt\/wp-json\/wp\/v2\/users\/1"}],"replies":[{"embeddable":true,"href":"https:\/\/www.mondogrowkits.com\/pt\/wp-json\/wp\/v2\/comments?post=2811"}],"version-history":[{"count":8,"href":"https:\/\/www.mondogrowkits.com\/pt\/wp-json\/wp\/v2\/pages\/2811\/revisions"}],"predecessor-version":[{"id":5279,"href":"https:\/\/www.mondogrowkits.com\/pt\/wp-json\/wp\/v2\/pages\/2811\/revisions\/5279"}],"wp:featuredmedia":[{"embeddable":true,"href":"https:\/\/www.mondogrowkits.com\/pt\/wp-json\/wp\/v2\/media\/674"}],"wp:attachment":[{"href":"https:\/\/www.mondogrowkits.com\/pt\/wp-json\/wp\/v2\/media?parent=2811"}],"curies":[{"name":"wp","href":"https:\/\/api.w.org\/{rel}","templated":true}]}}