{"id":3317,"date":"2026-01-25T13:29:44","date_gmt":"2026-01-25T12:29:44","guid":{"rendered":"https:\/\/www.mondogrowkits.com\/?page_id=3317"},"modified":"2026-01-25T13:37:53","modified_gmt":"2026-01-25T12:37:53","slug":"seringa-de-esporos-manual-2","status":"publish","type":"page","link":"https:\/\/www.mondogrowkits.com\/pt\/spore-syringe-manual-2\/","title":{"rendered":"Manual da seringa de esporos"},"content":{"rendered":"<section class=\"section\" id=\"section_911643414\">\t\t<div class=\"section-bg fill\" >\t\t\t\t\t\t\t\t\t\t\t\t\t\t<\/div>\t\t\t\t<div class=\"section-content relative\">\t\t\t\t<div id=\"gap-140593662\" class=\"gap-element clearfix\" style=\"display:block; height:auto;\">\t\t<style>\n#gap-140593662 {\n  padding-top: 30px;\n}\n<\/style>\t<\/div>\t<div class=\"row row-large\"  id=\"row-410595644\">\t<div id=\"col-488361870\" class=\"col medium-12 small-12 large-7\"  >\t\t\t\t<div class=\"col-inner\"  >\t\t\t\t\t\t\t<div id=\"text-88141213\" class=\"text\">\t\t<h1>Spore Syringe - Guia de Ativa\u00e7\u00e3o<\/h1>\t\t<style>\n#text-88141213 {\n  font-size: 1.4rem;\n  color: #d55a46;\n}\n#text-88141213 > * {\n  color: #d55a46;\n}\n<\/style>\t<\/div>\t\t<div id=\"text-2857444709\" class=\"text\">\t\t<h2>Como come\u00e7ar<\/h2>\t\t<style>\n#text-2857444709 {\n  font-size: 1.2rem;\n}\n<\/style>\t<\/div>\t<p>Este guia fornece todas as instru\u00e7\u00f5es essenciais para a utiliza\u00e7\u00e3o correta de um <a href=\"https:\/\/www.mondogrowkits.com\/pt\/psilocybe-cubensis-spore-syringes\/\">seringa de esporos<\/a> para a inocula\u00e7\u00e3o do substrato. Explica os principais passos de prepara\u00e7\u00e3o e inje\u00e7\u00e3o necess\u00e1rios para garantir um processo de inocula\u00e7\u00e3o limpo e bem sucedido.<\/p><p>Encontrar\u00e1 orienta\u00e7\u00f5es claras sobre inspe\u00e7\u00e3o, esteriliza\u00e7\u00e3o e t\u00e9cnicas de inje\u00e7\u00e3o adequadas para ajudar a minimizar os riscos de contamina\u00e7\u00e3o e apoiar o desenvolvimento saud\u00e1vel do mic\u00e9lio.<\/p><p>Siga cuidadosamente cada passo para utilizar corretamente a sua seringa de esporos e promover uma coloniza\u00e7\u00e3o consistente e fi\u00e1vel da <a href=\"https:\/\/www.mondogrowkits.com\/pt\/sterilised-substrate\/\">substrato<\/a>.<\/p><a href=\"https:\/\/www.mondogrowkits.com\/wp-content\/uploads\/2025\/12\/Spore-Syringe-Manual.pdf\" target=\"_blank\" class=\"button primary is-large\" rel=\"noopener\" style=\"border-radius:99px;\">\n\t\t<span>Descarregar o manual<\/span>\n\t<\/a><a class=\"button secondary is-large\" style=\"border-radius:99px;\">\n\t\t<span>V\u00eddeo de instru\u00e7\u00f5es<\/span>\n\t<\/a>\t\t<\/div>\t\t\t\t\t<\/div>\t\t<div id=\"col-2118366681\" class=\"col medium-12 small-12 large-5\"  >\t\t\t\t<div class=\"col-inner\"  >\t\t\t\t\t\t\t<div class=\"img has-hover x md-x lg-x y md-y lg-y\" id=\"image_1497397370\">\t\t\t\t\t\t\t\t<div class=\"img-inner image-cover dark\" style=\"padding-top:100%;\">\t\t\t<img decoding=\"async\" width=\"800\" height=\"800\" src=\"https:\/\/www.mondogrowkits.com\/wp-content\/uploads\/2025\/07\/SPORE_SYRINGE_longest1500-800x800.png\" class=\"attachment-large size-large\" alt=\"Seringa de esporos de Psilocybe Cubensis\" srcset=\"https:\/\/www.mondogrowkits.com\/wp-content\/uploads\/2025\/07\/SPORE_SYRINGE_longest1500-800x800.png 800w, https:\/\/www.mondogrowkits.com\/wp-content\/uploads\/2025\/07\/SPORE_SYRINGE_longest1500-400x400.png 400w, https:\/\/www.mondogrowkits.com\/wp-content\/uploads\/2025\/07\/SPORE_SYRINGE_longest1500-100x100.png 100w, https:\/\/www.mondogrowkits.com\/wp-content\/uploads\/2025\/07\/SPORE_SYRINGE_longest1500-1000x1000.png 1000w, https:\/\/www.mondogrowkits.com\/wp-content\/uploads\/2025\/07\/SPORE_SYRINGE_longest1500-280x280.png 280w, https:\/\/www.mondogrowkits.com\/wp-content\/uploads\/2025\/07\/SPORE_SYRINGE_longest1500-768x768.png 768w, https:\/\/www.mondogrowkits.com\/wp-content\/uploads\/2025\/07\/SPORE_SYRINGE_longest1500-12x12.png 12w, https:\/\/www.mondogrowkits.com\/wp-content\/uploads\/2025\/07\/SPORE_SYRINGE_longest1500.png 1500w\" sizes=\"(max-width: 800px) 100vw, 800px\" title=\"\">\t\t\t\t\t\t\t\t\t\t\t<\/div>\t\t\t\t\t\t\t\t<style>\n#image_1497397370 {\n  width: 100%;\n}\n<\/style>\t<\/div>\t\t\t<\/div>\t\t\t\t\t<\/div>\t<\/div><div class=\"row\"  id=\"row-1526838603\">\t<div id=\"col-447052464\" class=\"col small-12 large-12\"  >\t\t\t\t<div class=\"col-inner\"  >\t\t\t\t<div class=\"is-border\"\n\t\tstyle=\"border-width:0px 0px 0px 0px;\">\t<\/div>\t\t\t<h2>Manual da seringa de esporos<\/h2><h3>Informa\u00e7\u00f5es sobre o produto<\/h3><p>    <strong>Produto:<\/strong> Seringa de esporos<br \/>    <strong>Descri\u00e7\u00e3o:<\/strong> Uma seringa contendo 20 ml de suspens\u00e3o de esporos em \u00e1gua desmineralizada, adequada para inocula\u00e7\u00e3o direta em substratos.<br \/>    <strong>P\u00fablico:<\/strong> Clientes de n\u00edvel interm\u00e9dio com experi\u00eancia pr\u00e9via de cultivo.<\/p><h3>Componentes inclu\u00eddos<\/h3><ul>\n<li>Seringa de esporos de 20 ml (suspens\u00e3o de esporos em \u00e1gua desmineralizada)<\/li>\n<li>1x agulha esterilizada<\/li>\n<li>Cotonetes com \u00e1lcool<\/li>\n<\/ul><h3>Instru\u00e7\u00f5es passo a passo<\/h3><h4>Etapa 1: Preparativos<\/h4><h5>Inspe\u00e7\u00e3o<\/h5><ul>\n<li>Inspecionar a seringa de esporos para garantir que o l\u00edquido est\u00e1 limpo e sem contamina\u00e7\u00e3o vis\u00edvel.<\/li>\n<\/ul><h5>Prepara\u00e7\u00e3o e desinfe\u00e7\u00e3o de seringas<\/h5><ul>\n<li>Retirar a tampa de prote\u00e7\u00e3o da seringa.<\/li>\n<li>Desinfetar a ponta da seringa com a compressa com \u00e1lcool fornecida.<\/li>\n<li>Retirar cuidadosamente a agulha esterilizada da sua embalagem.<\/li>\n<li>Fixar bem a agulha na seringa e desinfect\u00e1-la.<\/li>\n<li>Desinfetar cuidadosamente a porta de inje\u00e7\u00e3o do substrato escolhido.<\/li>\n<\/ul><h4>Passo 2: Injetar no substrato<\/h4><ul>\n<li>Agitar suavemente a seringa para distribuir uniformemente os esporos no l\u00edquido.<\/li>\n<li>Injecta todo o conte\u00fado da seringa atrav\u00e9s da porta de inje\u00e7\u00e3o do teu kit de cultivo.<\/li>\n<li>Inclinar a caixa de cultivo para os lados e para cima e para baixo, ou massajar suavemente o saco de cultivo, para distribuir uniformemente a solu\u00e7\u00e3o de esporos pelo substrato.<\/li>\n<\/ul>\t\t<\/div>\t\t\t\t\t<\/div>\t<\/div>\t\t<\/div>\t\t<style>\n#section_911643414 {\n  padding-top: 30px;\n  padding-bottom: 30px;\n}\n<\/style>\t<\/section>","protected":false},"excerpt":{"rendered":"","protected":false},"author":1,"featured_media":674,"parent":0,"menu_order":0,"comment_status":"closed","ping_status":"closed","template":"page-blank.php","meta":{"footnotes":""},"class_list":["post-3317","page","type-page","status-publish","has-post-thumbnail","hentry"],"jetpack_sharing_enabled":true,"_links":{"self":[{"href":"https:\/\/www.mondogrowkits.com\/pt\/wp-json\/wp\/v2\/pages\/3317","targetHints":{"allow":["GET"]}}],"collection":[{"href":"https:\/\/www.mondogrowkits.com\/pt\/wp-json\/wp\/v2\/pages"}],"about":[{"href":"https:\/\/www.mondogrowkits.com\/pt\/wp-json\/wp\/v2\/types\/page"}],"author":[{"embeddable":true,"href":"https:\/\/www.mondogrowkits.com\/pt\/wp-json\/wp\/v2\/users\/1"}],"replies":[{"embeddable":true,"href":"https:\/\/www.mondogrowkits.com\/pt\/wp-json\/wp\/v2\/comments?post=3317"}],"version-history":[{"count":2,"href":"https:\/\/www.mondogrowkits.com\/pt\/wp-json\/wp\/v2\/pages\/3317\/revisions"}],"predecessor-version":[{"id":3320,"href":"https:\/\/www.mondogrowkits.com\/pt\/wp-json\/wp\/v2\/pages\/3317\/revisions\/3320"}],"wp:featuredmedia":[{"embeddable":true,"href":"https:\/\/www.mondogrowkits.com\/pt\/wp-json\/wp\/v2\/media\/674"}],"wp:attachment":[{"href":"https:\/\/www.mondogrowkits.com\/pt\/wp-json\/wp\/v2\/media?parent=3317"}],"curies":[{"name":"wp","href":"https:\/\/api.w.org\/{rel}","templated":true}]}}