{"id":4139,"date":"2026-03-05T18:45:24","date_gmt":"2026-03-05T17:45:24","guid":{"rendered":"https:\/\/www.mondogrowkits.com\/?page_id=4139"},"modified":"2026-05-13T15:36:04","modified_gmt":"2026-05-13T14:36:04","slug":"golden-teacher-psilocybe-cubensis-estirpe","status":"publish","type":"page","link":"https:\/\/www.mondogrowkits.com\/pt\/magic-mushroom-strain-library\/golden-teacher-psilocybe-cubensis-strain\/","title":{"rendered":"Golden Teacher (Psilocybe cubensis) Estirpe"},"content":{"rendered":"<section class=\"section\" id=\"section_873364567\">\t\t<div class=\"section-bg fill\" >\t\t\t\t\t\t\t\t\t<div class=\"section-bg-overlay absolute fill\"><\/div>\t\t\t\t\t<\/div>\t\t\t\t<div class=\"section-content relative\">\t\t\t<div class=\"row row-large align-middle\"  id=\"row-1889548689\">\t<div id=\"col-1355860929\" class=\"col medium-6 small-12 large-6\"  >\t\t\t\t<div class=\"col-inner text-left\"  >\t\t\t\t\t\t<h1 data-start=\"1054\" data-end=\"1098\">Golden Teacher (Psilocybe cubensis) Estirpe<\/h1><p data-start=\"1100\" data-end=\"1343\">Golden Teacher \u00e9 um dos mais famosos <strong data-start=\"1141\" data-end=\"1171\">estirpes de Psilocybe cubensis<\/strong> no mundo e tem sido amplamente cultivada durante d\u00e9cadas. A variedade \u00e9 conhecida pela sua carater\u00edstica <strong data-start=\"1269\" data-end=\"1342\">c\u00e1psulas de cor dourada, crescimento fi\u00e1vel e efeitos psicad\u00e9licos equilibrados<\/strong>.<\/p><p data-start=\"1345\" data-end=\"1504\">Devido \u00e0 sua <strong data-start=\"1360\" data-end=\"1401\">pot\u00eancia moderada e f\u00e1cil cultivo<\/strong>, A Golden Teacher tornou-se uma das estirpes mais populares tanto para <a href=\"https:\/\/www.mondogrowkits.com\/pt\/mondo-growkits-best-strains-beginners-advanced\/\">iniciantes<\/a> e cultivadores experientes.<\/p><p data-start=\"1506\" data-end=\"1709\">Muitos cultivadores principiantes come\u00e7am com um <strong data-start=\"1547\" data-end=\"1589\">Golden Teacher Kit de cultivo de cogumelos m\u00e1gicos<\/strong>, enquanto os cultivadores mais experientes podem cultivar a estirpe utilizando um <strong data-start=\"1655\" data-end=\"1708\">Golden Teacher - Psilocybe Cubensis Seringa de esporos<\/strong>.<\/p><p data-start=\"1711\" data-end=\"1860\">Os cogumelos Golden Teacher est\u00e3o frequentemente associados a <strong data-start=\"1762\" data-end=\"1818\">experi\u00eancias psicad\u00e9licas introspectivas e perspicazes<\/strong>, \u00c9 a\u00ed que a estirpe recebe o seu nome.<\/p>\t\t<\/div>\t\t\t\t\t<\/div>\t\t<div id=\"col-1555880285\" class=\"col medium-6 small-12 large-6\"  >\t\t\t\t<div class=\"col-inner\"  >\t\t\t\t\t\t\t<div class=\"img has-hover x md-x lg-x y md-y lg-y\" id=\"image_508805087\">\t\t\t\t\t\t\t\t<div class=\"img-inner image-cover dark\" style=\"padding-top:75%;\">\t\t\t<img decoding=\"async\" width=\"800\" height=\"800\" src=\"https:\/\/www.mondogrowkits.com\/wp-content\/uploads\/2025\/05\/ChatGPT-Image-23-mrt-2026-17_18_03-800x800.png\" class=\"attachment-large size-large\" alt=\"Golden Teacher - Kit de cultivo de cogumelos m\u00e1gicos\" srcset=\"https:\/\/www.mondogrowkits.com\/wp-content\/uploads\/2025\/05\/ChatGPT-Image-23-mrt-2026-17_18_03-800x800.png 800w, https:\/\/www.mondogrowkits.com\/wp-content\/uploads\/2025\/05\/ChatGPT-Image-23-mrt-2026-17_18_03-400x400.png 400w, https:\/\/www.mondogrowkits.com\/wp-content\/uploads\/2025\/05\/ChatGPT-Image-23-mrt-2026-17_18_03-100x100.png 100w, https:\/\/www.mondogrowkits.com\/wp-content\/uploads\/2025\/05\/ChatGPT-Image-23-mrt-2026-17_18_03-1000x1000.png 1000w, https:\/\/www.mondogrowkits.com\/wp-content\/uploads\/2025\/05\/ChatGPT-Image-23-mrt-2026-17_18_03-280x280.png 280w, https:\/\/www.mondogrowkits.com\/wp-content\/uploads\/2025\/05\/ChatGPT-Image-23-mrt-2026-17_18_03-768x768.png 768w, https:\/\/www.mondogrowkits.com\/wp-content\/uploads\/2025\/05\/ChatGPT-Image-23-mrt-2026-17_18_03-12x12.png 12w, https:\/\/www.mondogrowkits.com\/wp-content\/uploads\/2025\/05\/ChatGPT-Image-23-mrt-2026-17_18_03.png 1024w\" sizes=\"(max-width: 800px) 100vw, 800px\" title=\"\">\t\t\t\t\t\t\t\t\t\t\t<\/div>\t\t\t\t\t\t\t\t<style>\n#image_508805087 {\n  width: 100%;\n}\n<\/style>\t<\/div>\t\t\t<\/div>\t\t\t\t\t<\/div>\t<\/div><div class=\"row\"  id=\"row-1894026091\">\t<div id=\"col-322410110\" class=\"col small-12 large-12\"  >\t\t\t\t<div class=\"col-inner\"  >\t\t\t\t\t\t<h2 data-start=\"1867\" data-end=\"1898\">Perfil da estirpe Golden Teacher<\/h2><div class=\"TyagGW_tableContainer\"><div class=\"group TyagGW_tableWrapper flex flex-col-reverse w-fit\" tabindex=\"-1\"><table class=\"w-fit min-w-(--thread-content-width)\" data-start=\"1900\" data-end=\"2100\">\n<thead data-start=\"1900\" data-end=\"1921\">\n<tr data-start=\"1900\" data-end=\"1921\">\n<th class=\"\" data-start=\"1900\" data-end=\"1911\" data-col-size=\"sm\">Im\u00f3veis<\/th>\n<th class=\"\" data-start=\"1911\" data-end=\"1921\" data-col-size=\"sm\">Classifica\u00e7\u00e3o<\/th>\n<\/tr>\n<\/thead>\n<tbody data-start=\"1932\" data-end=\"2100\">\n<tr data-start=\"1932\" data-end=\"1951\">\n<td data-start=\"1932\" data-end=\"1942\" data-col-size=\"sm\">Pot\u00eancia<\/td>\n<td data-col-size=\"sm\" data-start=\"1942\" data-end=\"1951\">\u2b50\u2b50\u2b50\u2606\u2606<\/td>\n<\/tr>\n<tr data-start=\"1952\" data-end=\"1978\">\n<td data-start=\"1952\" data-end=\"1969\" data-col-size=\"sm\">Efeitos Visuais<\/td>\n<td data-col-size=\"sm\" data-start=\"1969\" data-end=\"1978\">\u2b50\u2b50\u2b50\u2b50\u2606<\/td>\n<\/tr>\n<tr data-start=\"1979\" data-end=\"2011\">\n<td data-start=\"1979\" data-end=\"2002\" data-col-size=\"sm\">Experi\u00eancia espiritual<\/td>\n<td data-col-size=\"sm\" data-start=\"2002\" data-end=\"2011\">\u2b50\u2b50\u2b50\u2b50\u2606<\/td>\n<\/tr>\n<tr data-start=\"2012\" data-end=\"2041\">\n<td data-start=\"2012\" data-end=\"2032\" data-col-size=\"sm\">Amig\u00e1vel para principiantes<\/td>\n<td data-start=\"2032\" data-end=\"2041\" data-col-size=\"sm\">\u2b50\u2b50\u2b50\u2b50\u2b50<\/td>\n<\/tr>\n<tr data-start=\"2042\" data-end=\"2072\">\n<td data-start=\"2042\" data-end=\"2063\" data-col-size=\"sm\">Dificuldade de crescimento<\/td>\n<td data-start=\"2063\" data-end=\"2072\" data-col-size=\"sm\">\u2b50\u2b50\u2606\u2606\u2606<\/td>\n<\/tr>\n<tr data-start=\"2073\" data-end=\"2100\">\n<td data-start=\"2073\" data-end=\"2091\" data-col-size=\"sm\">Potencial de rendimento<\/td>\n<td data-start=\"2091\" data-end=\"2100\" data-col-size=\"sm\">\u2b50\u2b50\u2b50\u2b50\u2606<\/td>\n<\/tr>\n<\/tbody>\n<\/table><\/div><\/div><hr data-start=\"2102\" data-end=\"2105\"><h2 data-start=\"2107\" data-end=\"2127\">Factos r\u00e1pidos sobre a variedade<\/h2><div class=\"TyagGW_tableContainer\"><div class=\"group TyagGW_tableWrapper flex flex-col-reverse w-fit\" tabindex=\"-1\"><table class=\"w-fit min-w-(--thread-content-width)\" data-start=\"2129\" data-end=\"2423\">\n<thead data-start=\"2129\" data-end=\"2151\">\n<tr data-start=\"2129\" data-end=\"2151\">\n<th class=\"\" data-start=\"2129\" data-end=\"2140\" data-col-size=\"sm\">Im\u00f3veis<\/th>\n<th class=\"\" data-start=\"2140\" data-end=\"2151\" data-col-size=\"sm\">Detalhes<\/th>\n<\/tr>\n<\/thead>\n<tbody data-start=\"2162\" data-end=\"2423\">\n<tr data-start=\"2162\" data-end=\"2194\">\n<td data-start=\"2162\" data-end=\"2172\" data-col-size=\"sm\">Esp\u00e9cies<\/td>\n<td data-start=\"2172\" data-end=\"2194\" data-col-size=\"sm\">Psilocibo cubensis<\/td>\n<\/tr>\n<tr data-start=\"2195\" data-end=\"2222\">\n<td data-start=\"2195\" data-end=\"2204\" data-col-size=\"sm\">Estirpe<\/td>\n<td data-start=\"2204\" data-end=\"2222\" data-col-size=\"sm\">Golden Teacher<\/td>\n<\/tr>\n<tr data-start=\"2223\" data-end=\"2243\">\n<td data-start=\"2223\" data-end=\"2233\" data-col-size=\"sm\">Pot\u00eancia<\/td>\n<td data-start=\"2233\" data-end=\"2243\" data-col-size=\"sm\">M\u00e9dio<\/td>\n<\/tr>\n<tr data-start=\"2244\" data-end=\"2265\">\n<td data-start=\"2244\" data-end=\"2257\" data-col-size=\"sm\">Dificuldade<\/td>\n<td data-col-size=\"sm\" data-start=\"2257\" data-end=\"2265\">F\u00e1cil<\/td>\n<\/tr>\n<tr data-start=\"2266\" data-end=\"2303\">\n<td data-start=\"2266\" data-end=\"2275\" data-col-size=\"sm\">Origem<\/td>\n<td data-start=\"2275\" data-end=\"2303\" data-col-size=\"sm\">Am\u00e9rica do Sul (acreditado)<\/td>\n<\/tr>\n<tr data-start=\"2304\" data-end=\"2335\">\n<td data-start=\"2304\" data-end=\"2320\" data-col-size=\"sm\">Dura\u00e7\u00e3o da viagem<\/td>\n<td data-col-size=\"sm\" data-start=\"2320\" data-end=\"2335\">4 - 6 horas<\/td>\n<\/tr>\n<tr data-start=\"2336\" data-end=\"2372\">\n<td data-start=\"2336\" data-end=\"2356\" data-col-size=\"sm\">Tempo de coloniza\u00e7\u00e3o<\/td>\n<td data-col-size=\"sm\" data-start=\"2356\" data-end=\"2372\">10 - 20 dias<\/td>\n<\/tr>\n<tr data-start=\"2373\" data-end=\"2403\">\n<td data-start=\"2373\" data-end=\"2388\" data-col-size=\"sm\">Tempo de colheita<\/td>\n<td data-col-size=\"sm\" data-start=\"2388\" data-end=\"2403\">2 - 3 semanas<\/td>\n<\/tr>\n<tr data-start=\"2404\" data-end=\"2423\">\n<td data-start=\"2404\" data-end=\"2414\" data-col-size=\"sm\">Descargas<\/td>\n<td data-col-size=\"sm\" data-start=\"2414\" data-end=\"2423\">2 - 4<\/td>\n<\/tr>\n<\/tbody>\n<\/table><\/div><\/div><hr data-start=\"2425\" data-end=\"2428\"><h2 data-start=\"2430\" data-end=\"2470\">Aspeto dos cogumelos Golden Teacher<\/h2><p data-start=\"2472\" data-end=\"2593\">Os cogumelos Golden Teacher s\u00e3o facilmente reconhec\u00edveis devido \u00e0 sua <strong data-start=\"2534\" data-end=\"2565\">tampas douradas cor de caramelo<\/strong> e caules relativamente grossos.<\/p><h3 data-start=\"2595\" data-end=\"2602\">Tampa<\/h3><ul data-start=\"2604\" data-end=\"2711\">\n<li data-start=\"2604\" data-end=\"2637\">\n<p data-start=\"2606\" data-end=\"2637\">Cor: castanho dourado a amarelo<\/p>\n<\/li>\n<li data-start=\"2638\" data-end=\"2658\">\n<p data-start=\"2640\" data-end=\"2658\">Di\u00e2metro: 2-8 cm<\/p>\n<\/li>\n<li data-start=\"2659\" data-end=\"2711\">\n<p data-start=\"2661\" data-end=\"2711\">Forma: convexa quando jovem, achatada quando adulta<\/p>\n<\/li>\n<\/ul><h3 data-start=\"2713\" data-end=\"2721\">Caule<\/h3><ul data-start=\"2723\" data-end=\"2802\">\n<li data-start=\"2723\" data-end=\"2753\">\n<p data-start=\"2725\" data-end=\"2753\">Cor: branco a creme claro<\/p>\n<\/li>\n<li data-start=\"2754\" data-end=\"2774\">\n<p data-start=\"2756\" data-end=\"2774\">Espesso e resistente<\/p>\n<\/li>\n<li data-start=\"2775\" data-end=\"2802\">\n<p data-start=\"2777\" data-end=\"2802\">Contus\u00f5es azuis quando danificadas<\/p>\n<\/li>\n<\/ul><h3 data-start=\"2804\" data-end=\"2814\">Esporos<\/h3><ul data-start=\"2816\" data-end=\"2896\">\n<li data-start=\"2816\" data-end=\"2853\">\n<p data-start=\"2818\" data-end=\"2853\">Cor dos esporos: roxo escuro a preto<\/p>\n<\/li>\n<li data-start=\"2854\" data-end=\"2896\">\n<p data-start=\"2856\" data-end=\"2896\">Adequado para impress\u00f5es de esporos e microscopia<\/p>\n<\/li>\n<\/ul><hr data-start=\"2898\" data-end=\"2901\"><h2 data-start=\"2903\" data-end=\"2939\">Pot\u00eancia e efeitos do Golden Teacher<\/h2><p data-start=\"2941\" data-end=\"3140\">O Golden Teacher \u00e9 geralmente considerado um <strong data-start=\"2982\" data-end=\"3029\">estirpe moderadamente potente de Psilocybe cubensis<\/strong>. A experi\u00eancia \u00e9 frequentemente descrita como equilibrada, combinando est\u00edmulos visuais com pensamentos introspectivos profundos.<\/p><p data-start=\"3142\" data-end=\"3174\">Os efeitos frequentemente notificados incluem:<\/p><ul data-start=\"3176\" data-end=\"3282\">\n<li data-start=\"3176\" data-end=\"3195\">\n<p data-start=\"3178\" data-end=\"3195\">cores melhoradas<\/p>\n<\/li>\n<li data-start=\"3196\" data-end=\"3215\">\n<p data-start=\"3198\" data-end=\"3215\">padr\u00f5es visuais<\/p>\n<\/li>\n<li data-start=\"3216\" data-end=\"3233\">\n<p data-start=\"3218\" data-end=\"3233\">introspe\u00e7\u00e3o<\/p>\n<\/li>\n<li data-start=\"3234\" data-end=\"3246\">\n<p data-start=\"3236\" data-end=\"3246\">euforia<\/p>\n<\/li>\n<li data-start=\"3247\" data-end=\"3261\">\n<p data-start=\"3249\" data-end=\"3261\">criatividade<\/p>\n<\/li>\n<li data-start=\"3262\" data-end=\"3282\">\n<p data-start=\"3264\" data-end=\"3282\">percep\u00e7\u00f5es espirituais<\/p>\n<\/li>\n<\/ul><p data-start=\"3284\" data-end=\"3418\">Em compara\u00e7\u00e3o com os mais fortes <a href=\"https:\/\/www.mondogrowkits.com\/pt\/magic-mushroom-strain-library\/\">estirpes<\/a> como <strong data-start=\"3318\" data-end=\"3332\">Penis Envy<\/strong>, O Golden Teacher tende a produzir uma experi\u00eancia psicad\u00e9lica mais manej\u00e1vel e suave.<\/p><hr data-start=\"3420\" data-end=\"3423\"><h2 data-start=\"3425\" data-end=\"3455\">Golden Teacher Dura\u00e7\u00e3o da viagem<\/h2><p data-start=\"3457\" data-end=\"3519\">Os efeitos come\u00e7am normalmente <strong data-start=\"3483\" data-end=\"3518\">20-60 minutos ap\u00f3s o consumo<\/strong>.<\/p><div class=\"TyagGW_tableContainer\"><div class=\"group TyagGW_tableWrapper flex flex-col-reverse w-fit\" tabindex=\"-1\"><table class=\"w-fit min-w-(--thread-content-width)\" data-start=\"3521\" data-end=\"3665\">\n<thead data-start=\"3521\" data-end=\"3541\">\n<tr data-start=\"3521\" data-end=\"3541\">\n<th class=\"\" data-start=\"3521\" data-end=\"3529\" data-col-size=\"sm\">Fase<\/th>\n<th class=\"\" data-start=\"3529\" data-end=\"3541\" data-col-size=\"sm\">Dura\u00e7\u00e3o<\/th>\n<\/tr>\n<\/thead>\n<tbody data-start=\"3552\" data-end=\"3665\">\n<tr data-start=\"3552\" data-end=\"3579\">\n<td data-start=\"3552\" data-end=\"3560\" data-col-size=\"sm\">In\u00edcio<\/td>\n<td data-col-size=\"sm\" data-start=\"3560\" data-end=\"3579\">20 - 60 minutos<\/td>\n<\/tr>\n<tr data-start=\"3580\" data-end=\"3602\">\n<td data-start=\"3580\" data-end=\"3587\" data-col-size=\"sm\">Pico<\/td>\n<td data-start=\"3587\" data-end=\"3602\" data-col-size=\"sm\">2 - 3 horas<\/td>\n<\/tr>\n<tr data-start=\"3603\" data-end=\"3630\">\n<td data-start=\"3603\" data-end=\"3615\" data-col-size=\"sm\">Descer<\/td>\n<td data-col-size=\"sm\" data-start=\"3615\" data-end=\"3630\">2 - 3 horas<\/td>\n<\/tr>\n<tr data-start=\"3631\" data-end=\"3665\">\n<td data-start=\"3631\" data-end=\"3650\" data-col-size=\"sm\">Experi\u00eancia total<\/td>\n<td data-col-size=\"sm\" data-start=\"3650\" data-end=\"3665\">4 - 6 horas<\/td>\n<\/tr>\n<\/tbody>\n<\/table><\/div><\/div><hr data-start=\"3667\" data-end=\"3670\"><h2 data-start=\"3672\" data-end=\"3701\">Golden Teacher Guia de dosagem<\/h2><p data-start=\"3703\" data-end=\"3763\">A dosagem varia consoante o n\u00edvel de experi\u00eancia e a sensibilidade.<\/p><div class=\"TyagGW_tableContainer\"><div class=\"group TyagGW_tableWrapper flex flex-col-reverse w-fit\" tabindex=\"-1\"><table class=\"w-fit min-w-(--thread-content-width)\" data-start=\"3765\" data-end=\"3976\">\n<thead data-start=\"3765\" data-end=\"3783\">\n<tr data-start=\"3765\" data-end=\"3783\">\n<th class=\"\" data-start=\"3765\" data-end=\"3772\" data-col-size=\"sm\">Dose<\/th>\n<th class=\"\" data-start=\"3772\" data-end=\"3783\" data-col-size=\"sm\">Efeitos<\/th>\n<\/tr>\n<\/thead>\n<tbody data-start=\"3794\" data-end=\"3976\">\n<tr data-start=\"3794\" data-end=\"3825\">\n<td data-start=\"3794\" data-end=\"3806\" data-col-size=\"sm\">0.5 - 1 g<\/td>\n<td data-col-size=\"sm\" data-start=\"3806\" data-end=\"3825\">Ligeiro aumento do humor<\/td>\n<\/tr>\n<tr data-start=\"3826\" data-end=\"3865\">\n<td data-start=\"3826\" data-end=\"3836\" data-col-size=\"sm\">1 - 2 g<\/td>\n<td data-start=\"3836\" data-end=\"3865\" data-col-size=\"sm\">Efeitos psicad\u00e9licos ligeiros<\/td>\n<\/tr>\n<tr data-start=\"3866\" data-end=\"3907\">\n<td data-start=\"3866\" data-end=\"3876\" data-col-size=\"sm\">2 - 3 g<\/td>\n<td data-col-size=\"sm\" data-start=\"3876\" data-end=\"3907\">Experi\u00eancia psicad\u00e9lica completa<\/td>\n<\/tr>\n<tr data-start=\"3908\" data-end=\"3936\">\n<td data-start=\"3908\" data-end=\"3918\" data-col-size=\"sm\">3 - 5 g<\/td>\n<td data-start=\"3918\" data-end=\"3936\" data-col-size=\"sm\">Imagens fortes<\/td>\n<\/tr>\n<tr data-start=\"3937\" data-end=\"3976\">\n<td data-start=\"3937\" data-end=\"3944\" data-col-size=\"sm\">5 g+<\/td>\n<td data-start=\"3944\" data-end=\"3976\" data-col-size=\"sm\">Experi\u00eancia espiritual intensa<\/td>\n<\/tr>\n<\/tbody>\n<\/table><\/div><\/div><p data-start=\"3978\" data-end=\"4014\">Os valores referem-se a <strong data-start=\"3994\" data-end=\"4013\">cogumelos secos<\/strong>.<\/p><hr data-start=\"4016\" data-end=\"4019\"><h2 data-start=\"4021\" data-end=\"4045\">Crescimento Golden Teacher<\/h2><p data-start=\"4047\" data-end=\"4141\">O Golden Teacher \u00e9 amplamente considerado <strong data-start=\"4083\" data-end=\"4140\">uma das variedades de Psilocybe cubensis mais f\u00e1ceis de cultivar<\/strong>.<\/p><p data-start=\"4143\" data-end=\"4298\">\u00c9 por isso que a estirpe \u00e9 normalmente utilizada numa <strong data-start=\"4188\" data-end=\"4230\">Golden Teacher Kit de cultivo de cogumelos m\u00e1gicos<\/strong>, O que permite aos principiantes cultivar cogumelos com um m\u00ednimo de prepara\u00e7\u00e3o.<\/p><p data-start=\"4300\" data-end=\"4452\">Os produtores avan\u00e7ados podem cultivar o Golden Teacher a partir de esporos utilizando um <strong data-start=\"4366\" data-end=\"4419\">Golden Teacher - Psilocybe Cubensis Seringa de esporos<\/strong> para inocular cereais ou <a href=\"https:\/\/www.mondogrowkits.com\/pt\/sterilised-substrate\/\">substrato<\/a>.<\/p><hr data-start=\"4454\" data-end=\"4457\"><h2 data-start=\"4459\" data-end=\"4485\">Condi\u00e7\u00f5es ideais de cultivo<\/h2><div class=\"TyagGW_tableContainer\"><div class=\"group TyagGW_tableWrapper flex flex-col-reverse w-fit\" tabindex=\"-1\"><table class=\"w-fit min-w-(--thread-content-width)\" data-start=\"4487\" data-end=\"4672\">\n<thead data-start=\"4487\" data-end=\"4511\">\n<tr data-start=\"4487\" data-end=\"4511\">\n<th class=\"\" data-start=\"4487\" data-end=\"4496\" data-col-size=\"sm\">Fator<\/th>\n<th class=\"\" data-start=\"4496\" data-end=\"4511\" data-col-size=\"sm\">Gama ideal<\/th>\n<\/tr>\n<\/thead>\n<tbody data-start=\"4522\" data-end=\"4672\">\n<tr data-start=\"4522\" data-end=\"4549\">\n<td data-start=\"4522\" data-end=\"4536\" data-col-size=\"sm\">Temperatura<\/td>\n<td data-start=\"4536\" data-end=\"4549\" data-col-size=\"sm\">20 - 24\u00b0C<\/td>\n<\/tr>\n<tr data-start=\"4550\" data-end=\"4573\">\n<td data-start=\"4550\" data-end=\"4561\" data-col-size=\"sm\">Humidade<\/td>\n<td data-start=\"4561\" data-end=\"4573\" data-col-size=\"sm\">85 - 95%<\/td>\n<\/tr>\n<tr data-start=\"4574\" data-end=\"4607\">\n<td data-start=\"4574\" data-end=\"4595\" data-col-size=\"sm\">Troca de ar fresco<\/td>\n<td data-col-size=\"sm\" data-start=\"4595\" data-end=\"4607\">Moderado<\/td>\n<\/tr>\n<tr data-start=\"4608\" data-end=\"4640\">\n<td data-start=\"4608\" data-end=\"4619\" data-col-size=\"sm\">Ilumina\u00e7\u00e3o<\/td>\n<td data-col-size=\"sm\" data-start=\"4619\" data-end=\"4640\">Luz diurna indireta<\/td>\n<\/tr>\n<tr data-start=\"4641\" data-end=\"4672\">\n<td data-start=\"4641\" data-end=\"4656\" data-col-size=\"sm\">Coloniza\u00e7\u00e3o<\/td>\n<td data-col-size=\"sm\" data-start=\"4656\" data-end=\"4672\">10 - 20 dias<\/td>\n<\/tr>\n<\/tbody>\n<\/table><\/div><\/div><hr data-start=\"4674\" data-end=\"4677\"><h2 data-start=\"4679\" data-end=\"4696\">Potencial de rendimento<\/h2><p data-start=\"4698\" data-end=\"4761\">Golden Teacher \u00e9 conhecido por <strong data-start=\"4726\" data-end=\"4760\">rendimentos consistentes e fi\u00e1veis<\/strong>.<\/p><p data-start=\"4763\" data-end=\"4787\">Resultados t\u00edpicos da colheita:<\/p><ul data-start=\"4789\" data-end=\"4870\">\n<li data-start=\"4789\" data-end=\"4830\">\n<p data-start=\"4791\" data-end=\"4830\">150 - 300 g de cogumelos frescos por cada descarga<\/p>\n<\/li>\n<li data-start=\"4831\" data-end=\"4870\">\n<p data-start=\"4833\" data-end=\"4870\">15 - 30 g de cogumelos secos por descarga<\/p>\n<\/li>\n<\/ul><p data-start=\"4872\" data-end=\"4914\"><a href=\"https:\/\/www.mondogrowkits.com\/pt\/grow-kits\/\">Kits de cultivo<\/a> normalmente produzem <strong data-start=\"4898\" data-end=\"4913\">2-4 descargas<\/strong>.<\/p><hr data-start=\"4916\" data-end=\"4919\"><h2 data-start=\"4921\" data-end=\"4958\">Origem da estirpe Golden Teacher<\/h2><p data-start=\"4960\" data-end=\"5090\">A origem exacta do Golden Teacher \u00e9 incerta, mas a maioria das fontes sugere que apareceu pela primeira vez em <strong data-start=\"5055\" data-end=\"5089\">Am\u00e9rica do Sul nos anos 80<\/strong>.<\/p><p data-start=\"5092\" data-end=\"5201\">Desde ent\u00e3o, a estirpe tornou-se uma das mais cultivadas <strong data-start=\"5160\" data-end=\"5200\">Estirpes de Psilocybe cubensis a n\u00edvel mundial<\/strong>.<\/p><hr data-start=\"5203\" data-end=\"5206\"><h2 data-start=\"5208\" data-end=\"5242\">Porque \u00e9 que o Golden Teacher \u00e9 t\u00e3o popular<\/h2><p data-start=\"5244\" data-end=\"5301\">O Golden Teacher continua a ser popular devido \u00e0 sua combina\u00e7\u00e3o de:<\/p><ul data-start=\"5303\" data-end=\"5432\">\n<li data-start=\"5303\" data-end=\"5336\">\n<p data-start=\"5305\" data-end=\"5336\">cultivo para principiantes<\/p>\n<\/li>\n<li data-start=\"5337\" data-end=\"5369\">\n<p data-start=\"5339\" data-end=\"5369\">efeitos psicad\u00e9licos equilibrados<\/p>\n<\/li>\n<li data-start=\"5370\" data-end=\"5391\">\n<p data-start=\"5372\" data-end=\"5391\">frutifica\u00e7\u00e3o fi\u00e1vel<\/p>\n<\/li>\n<li data-start=\"5392\" data-end=\"5411\">\n<p data-start=\"5394\" data-end=\"5411\">gen\u00e9tica est\u00e1vel<\/p>\n<\/li>\n<li data-start=\"5412\" data-end=\"5432\">\n<p data-start=\"5414\" data-end=\"5432\">bon\u00e9s dourados ic\u00f3nicos<\/p>\n<\/li>\n<\/ul><p data-start=\"5434\" data-end=\"5554\">Devido a estas qualidades, o Golden Teacher \u00e9 frequentemente recomendado como <strong data-start=\"5501\" data-end=\"5553\">a introdu\u00e7\u00e3o cl\u00e1ssica aos cogumelos psilocibinos<\/strong>.<\/p><h2>FAQ DO Golden Teacher<\/h2><div class=\"accordion\">\t<div id=\"accordion-604378587\" class=\"accordion-item\">\t\t<a id=\"accordion-604378587-label\" class=\"accordion-title plain\" href=\"#accordion-item-is-golden-teacher-good-for-beginners?\" aria-expanded=\"false\" aria-controls=\"accordion-604378587-content\">\n\t\t\t<button class=\"toggle\" aria-label=\"Toggle\"><i class=\"icon-angle-down\" aria-hidden=\"true\"><\/i><\/button>\n\t\t\t<span>O Golden Teacher \u00e9 bom para principiantes?<\/span>\n\t\t<\/a>\t\t<div id=\"accordion-604378587-content\" class=\"accordion-inner\" aria-labelledby=\"accordion-604378587-label\">\t\t\t<p>Sim. A Golden Teacher \u00e9 considerada uma das variedades de cogumelos com psilocibina mais amig\u00e1veis para principiantes.<\/p>\t\t<\/div>\t<\/div>\t\t<div id=\"accordion-4245980486\" class=\"accordion-item\">\t\t<a id=\"accordion-4245980486-label\" class=\"accordion-title plain\" href=\"#accordion-item-how-strong-is-golden-teacher?\" aria-expanded=\"false\" aria-controls=\"accordion-4245980486-content\">\n\t\t\t<button class=\"toggle\" aria-label=\"Toggle\"><i class=\"icon-angle-down\" aria-hidden=\"true\"><\/i><\/button>\n\t\t\t<span>Qual \u00e9 a for\u00e7a do Golden Teacher?<\/span>\n\t\t<\/a>\t\t<div id=\"accordion-4245980486-content\" class=\"accordion-inner\" aria-labelledby=\"accordion-4245980486-label\">\t\t\t<p>O Golden Teacher tem uma pot\u00eancia moderada, o que o torna manej\u00e1vel para a maioria dos utilizadores.<\/p>\t\t<\/div>\t<\/div>\t\t<div id=\"accordion-4230094769\" class=\"accordion-item\">\t\t<a id=\"accordion-4230094769-label\" class=\"accordion-title plain\" href=\"#accordion-item-how-long-does-a-golden-teacher-trip-last?\" aria-expanded=\"false\" aria-controls=\"accordion-4230094769-content\">\n\t\t\t<button class=\"toggle\" aria-label=\"Toggle\"><i class=\"icon-angle-down\" aria-hidden=\"true\"><\/i><\/button>\n\t\t\t<span>Quanto tempo dura uma viagem Golden Teacher?<\/span>\n\t\t<\/a>\t\t<div id=\"accordion-4230094769-content\" class=\"accordion-inner\" aria-labelledby=\"accordion-4230094769-label\">\t\t\t<p>A maioria das experi\u00eancias dura <strong data-start=\"5907\" data-end=\"5920\">4-6 horas<\/strong>.<\/p>\t\t<\/div>\t<\/div>\t\t<div id=\"accordion-2743828145\" class=\"accordion-item\">\t\t<a id=\"accordion-2743828145-label\" class=\"accordion-title plain\" href=\"#accordion-item-is-golden-teacher-easy-to-grow?\" aria-expanded=\"false\" aria-controls=\"accordion-2743828145-content\">\n\t\t\t<button class=\"toggle\" aria-label=\"Toggle\"><i class=\"icon-angle-down\" aria-hidden=\"true\"><\/i><\/button>\n\t\t\t<span>O Golden Teacher \u00e9 f\u00e1cil de cultivar?<\/span>\n\t\t<\/a>\t\t<div id=\"accordion-2743828145-content\" class=\"accordion-inner\" aria-labelledby=\"accordion-2743828145-label\">\t\t\t<p data-start=\"5960\" data-end=\"6065\">Sim. O Golden Teacher \u00e9 amplamente considerado como um dos mais f\u00e1ceis <strong data-start=\"6021\" data-end=\"6064\">Estirpes de Psilocybe cubensis para cultivar<\/strong>.<\/p>\t\t<\/div>\t<\/div>\t<\/div>\t\t<\/div>\t\t\t\t\t<\/div>\t<\/div>\t\t<\/div>\t\t<style>\n#section_873364567 {\n  padding-top: 60px;\n  padding-bottom: 60px;\n}\n#section_873364567 .section-bg-overlay {\n  background-color: rgba(255, 255, 255, 0.85);\n}\n<\/style>\t<\/section>\t<p><\/p>","protected":false},"excerpt":{"rendered":"","protected":false},"author":1,"featured_media":4633,"parent":4137,"menu_order":0,"comment_status":"closed","ping_status":"closed","template":"page-blank.php","meta":{"footnotes":""},"class_list":["post-4139","page","type-page","status-publish","has-post-thumbnail","hentry"],"jetpack_sharing_enabled":true,"_links":{"self":[{"href":"https:\/\/www.mondogrowkits.com\/pt\/wp-json\/wp\/v2\/pages\/4139","targetHints":{"allow":["GET"]}}],"collection":[{"href":"https:\/\/www.mondogrowkits.com\/pt\/wp-json\/wp\/v2\/pages"}],"about":[{"href":"https:\/\/www.mondogrowkits.com\/pt\/wp-json\/wp\/v2\/types\/page"}],"author":[{"embeddable":true,"href":"https:\/\/www.mondogrowkits.com\/pt\/wp-json\/wp\/v2\/users\/1"}],"replies":[{"embeddable":true,"href":"https:\/\/www.mondogrowkits.com\/pt\/wp-json\/wp\/v2\/comments?post=4139"}],"version-history":[{"count":5,"href":"https:\/\/www.mondogrowkits.com\/pt\/wp-json\/wp\/v2\/pages\/4139\/revisions"}],"predecessor-version":[{"id":4886,"href":"https:\/\/www.mondogrowkits.com\/pt\/wp-json\/wp\/v2\/pages\/4139\/revisions\/4886"}],"up":[{"embeddable":true,"href":"https:\/\/www.mondogrowkits.com\/pt\/wp-json\/wp\/v2\/pages\/4137"}],"wp:featuredmedia":[{"embeddable":true,"href":"https:\/\/www.mondogrowkits.com\/pt\/wp-json\/wp\/v2\/media\/4633"}],"wp:attachment":[{"href":"https:\/\/www.mondogrowkits.com\/pt\/wp-json\/wp\/v2\/media?parent=4139"}],"curies":[{"name":"wp","href":"https:\/\/api.w.org\/{rel}","templated":true}]}}