{"id":4210,"date":"2026-03-06T15:44:05","date_gmt":"2026-03-06T14:44:05","guid":{"rendered":"https:\/\/www.mondogrowkits.com\/?page_id=4210"},"modified":"2026-03-06T15:49:32","modified_gmt":"2026-03-06T14:49:32","slug":"procedimento-de-reclamacao","status":"publish","type":"page","link":"https:\/\/www.mondogrowkits.com\/pt\/complaints-procedure\/","title":{"rendered":"Procedimento de reclama\u00e7\u00e3o"},"content":{"rendered":"<section class=\"section\" id=\"section_1994499110\">\n\t\t<div class=\"section-bg fill\" >\n\t\t\t\t\t\t\t\t\t\n\t\t\t\n\n\t\t<\/div>\n\n\t\t\n\n\t\t<div class=\"section-content relative\">\n\t\t\t\n\n<div class=\"row\"  id=\"row-227371139\">\n\n\n\t<div id=\"col-743641859\" class=\"col small-12 large-12\"  >\n\t\t\t\t<div class=\"col-inner\"  >\n\t\t\t\n\t\t\t\n\n<h1>Procedimento de reclama\u00e7\u00e3o<\/strong><\/h1>\n<p data-start=\"79\" data-end=\"258\">\u00c9 sempre poss\u00edvel que algo n\u00e3o corra exatamente como planeado. Recomendamos que nos comunique primeiro as suas queixas, enviando uma mensagem de correio eletr\u00f3nico para <strong data-start=\"231\" data-end=\"257\"><a class=\"decorated-link cursor-pointer\" href=\"mailto:info@mondogrowkits.com\" rel=\"noopener\" data-start=\"233\" data-end=\"255\">info@mondogrowkits.com<\/a><\/strong>.<\/p>\n<p data-start=\"260\" data-end=\"441\">Se tal n\u00e3o conduzir a uma solu\u00e7\u00e3o, \u00e9 poss\u00edvel submeter o lit\u00edgio a media\u00e7\u00e3o atrav\u00e9s de <strong data-start=\"357\" data-end=\"374\">WebwinkelKeur<\/strong> via:<br data-start=\"379\" data-end=\"382\" \/><a class=\"decorated-link\" href=\"https:\/\/www.webwinkelkeur.nl\/kennisbank\/consumenten\/geschil\" target=\"_new\" rel=\"noopener\" data-start=\"382\" data-end=\"441\">https:\/\/www.webwinkelkeur.nl\/kennisbank\/consumenten\/geschil<\/a><\/p>\n\n\n\t\t<\/div>\n\t\t\t\t\t<\/div>\n\n\t\n\n<\/div>\n\n\t\t<\/div>\n\n\t\t\n<style>\n#section_1994499110 {\n  padding-top: 30px;\n  padding-bottom: 30px;\n}\n<\/style>\n\t<\/section>","protected":false},"excerpt":{"rendered":"","protected":false},"author":1,"featured_media":0,"parent":0,"menu_order":0,"comment_status":"closed","ping_status":"closed","template":"","meta":{"footnotes":""},"class_list":["post-4210","page","type-page","status-publish","hentry"],"jetpack_sharing_enabled":true,"_links":{"self":[{"href":"https:\/\/www.mondogrowkits.com\/pt\/wp-json\/wp\/v2\/pages\/4210","targetHints":{"allow":["GET"]}}],"collection":[{"href":"https:\/\/www.mondogrowkits.com\/pt\/wp-json\/wp\/v2\/pages"}],"about":[{"href":"https:\/\/www.mondogrowkits.com\/pt\/wp-json\/wp\/v2\/types\/page"}],"author":[{"embeddable":true,"href":"https:\/\/www.mondogrowkits.com\/pt\/wp-json\/wp\/v2\/users\/1"}],"replies":[{"embeddable":true,"href":"https:\/\/www.mondogrowkits.com\/pt\/wp-json\/wp\/v2\/comments?post=4210"}],"version-history":[{"count":3,"href":"https:\/\/www.mondogrowkits.com\/pt\/wp-json\/wp\/v2\/pages\/4210\/revisions"}],"predecessor-version":[{"id":4213,"href":"https:\/\/www.mondogrowkits.com\/pt\/wp-json\/wp\/v2\/pages\/4210\/revisions\/4213"}],"wp:attachment":[{"href":"https:\/\/www.mondogrowkits.com\/pt\/wp-json\/wp\/v2\/media?parent=4210"}],"curies":[{"name":"wp","href":"https:\/\/api.w.org\/{rel}","templated":true}]}}