{"id":1339,"date":"2025-09-11T16:51:20","date_gmt":"2025-09-11T16:51:20","guid":{"rendered":"https:\/\/www.mondogrowkits.com\/?post_type=product&#038;p=1339"},"modified":"2026-05-11T09:39:35","modified_gmt":"2026-05-11T08:39:35","slug":"cultura-liquida-azurescens","status":"publish","type":"product","link":"https:\/\/www.mondogrowkits.com\/pt\/liquid-culture-azurescens\/","title":{"rendered":"Psilocybe Azurescens Liquid Culture Seringa"},"content":{"rendered":"<h2 data-section-id=\"lm3jw1\" data-start=\"553\" data-end=\"618\">Psilocybe azurescens Liquid Culture Seringa - Gen\u00e9tica Premium<\/h2><p data-start=\"620\" data-end=\"889\">O Psilocybe azurescens <a href=\"https:\/\/www.mondogrowkits.com\/pt\/liquid-culture-syringe\/\">Seringa Liquid Culture<\/a> \u00e9 uma cultura de alta qualidade conhecida pela sua forte gen\u00e9tica, estrutura de mic\u00e9lio densa e carater\u00edsticas de crescimento consistentes. Esta esp\u00e9cie distinta \u00e9 amplamente apreciada pela sua resili\u00eancia e comportamento de cultivo \u00fanico.<\/p><p data-start=\"891\" data-end=\"1136\">O Psilocybe azurescens \u00e9 reconhecido pelo seu mic\u00e9lio vigoroso e robusto, que permite uma coloniza\u00e7\u00e3o eficaz em condi\u00e7\u00f5es \u00f3ptimas. A sua natureza est\u00e1vel e duradoura torna-a uma escolha preferida para os produtores que procuram resultados fi\u00e1veis e repet\u00edveis.<\/p><p data-start=\"1138\" data-end=\"1369\">Como este produto \u00e9 fornecido como uma cultura l\u00edquida, cont\u00e9m mic\u00e9lio ativo suspenso numa solu\u00e7\u00e3o rica em nutrientes. Isto permite uma coloniza\u00e7\u00e3o mais r\u00e1pida em compara\u00e7\u00e3o com as culturas tradicionais <a href=\"https:\/\/www.mondogrowkits.com\/pt\/psilocybe-cubensis-spore-syringes\/\">seringas de esporos<\/a> e melhora as taxas globais de sucesso.<\/p><p data-start=\"1371\" data-end=\"1473\">Em condi\u00e7\u00f5es \u00f3ptimas, o crescimento do mic\u00e9lio pode frequentemente ser observado v\u00e1rios dias ap\u00f3s a inocula\u00e7\u00e3o.<\/p><hr data-start=\"1475\" data-end=\"1478\" \/><h3 data-section-id=\"1ovje98\" data-start=\"1480\" data-end=\"1513\">O que \u00e9 o Psilocybe azurescens?<\/h3><p data-start=\"1515\" data-end=\"1746\">O Psilocybe azurescens \u00e9 uma esp\u00e9cie bem conhecida, valorizada pelas suas fortes carater\u00edsticas de crescimento e adaptabilidade. \u00c9 amplamente estudada e apreciada pela sua forma\u00e7\u00e3o densa de mic\u00e9lio e desenvolvimento fi\u00e1vel em condi\u00e7\u00f5es controladas.<\/p><p data-start=\"1748\" data-end=\"1854\">As suas necessidades espec\u00edficas de crescimento e o seu car\u00e1cter robusto tornam-na mais adequada para cultivadores com alguma experi\u00eancia.<\/p><hr data-start=\"1856\" data-end=\"1859\" \/><h3 data-section-id=\"cnkn3b\" data-start=\"1861\" data-end=\"1912\">Porqu\u00ea escolher o Psilocybe azurescens Liquid Culture?<\/h3><ul data-start=\"1914\" data-end=\"2188\">\n<li data-section-id=\"repfb8\" data-start=\"1914\" data-end=\"1953\">Esp\u00e9cie \u00fanica de Psilocybe azurescens<\/li>\n<li data-section-id=\"1g9k28x\" data-start=\"1954\" data-end=\"1991\">Coloniza\u00e7\u00e3o forte e resistente<\/li>\n<li data-section-id=\"6c83go\" data-start=\"1992\" data-end=\"2030\">Crescimento denso e vigoroso do mic\u00e9lio<\/li>\n<li data-section-id=\"vs2jta\" data-start=\"2031\" data-end=\"2066\">Desempenho fi\u00e1vel e est\u00e1vel<\/li>\n<li data-section-id=\"1l9ia8h\" data-start=\"2067\" data-end=\"2103\">Adequado para cultivadores experientes<\/li>\n<li data-section-id=\"19zbuxr\" data-start=\"2104\" data-end=\"2147\">Coloniza\u00e7\u00e3o mais r\u00e1pida do que as seringas de esporos<\/li>\n<li data-section-id=\"16w25lw\" data-start=\"2148\" data-end=\"2188\">Cultura l\u00edquida ativa - pronta a usar<\/li>\n<\/ul><p data-start=\"2190\" data-end=\"2306\">A cultura l\u00edquida de Psilocybe azurescens \u00e9 ideal para cultivadores que procuram uma experi\u00eancia de cultivo robusta e fi\u00e1vel.<\/p><hr data-start=\"2308\" data-end=\"2311\" \/><h3 data-section-id=\"1edg1fv\" data-start=\"2313\" data-end=\"2343\">Vantagens do Liquid Culture<\/h3><p data-start=\"2345\" data-end=\"2434\">As seringas de cultura l\u00edquida oferecem v\u00e1rias vantagens em rela\u00e7\u00e3o aos produtos tradicionais \u00e0 base de esporos.<\/p><p data-start=\"2436\" data-end=\"2524\">Uma vez que o mic\u00e9lio j\u00e1 est\u00e1 ativo, a coloniza\u00e7\u00e3o come\u00e7a imediatamente ap\u00f3s a inocula\u00e7\u00e3o.<\/p><p data-start=\"2526\" data-end=\"2547\">Os principais benef\u00edcios incluem:<\/p><ul data-start=\"2549\" data-end=\"2706\">\n<li data-section-id=\"5at1tr\" data-start=\"2549\" data-end=\"2578\">Tempos de coloniza\u00e7\u00e3o mais r\u00e1pidos<\/li>\n<li data-section-id=\"cqwl0j\" data-start=\"2579\" data-end=\"2603\">Taxas de sucesso mais elevadas<\/li>\n<li data-section-id=\"ur01ho\" data-start=\"2604\" data-end=\"2637\">Distribui\u00e7\u00e3o homog\u00e9nea do mic\u00e9lio<\/li>\n<li data-section-id=\"nuiwlo\" data-start=\"2638\" data-end=\"2670\">Aplica\u00e7\u00e3o f\u00e1cil e precisa<\/li>\n<li data-section-id=\"s8uau9\" data-start=\"2671\" data-end=\"2706\">Resultados consistentes e fi\u00e1veis<\/li>\n<\/ul><p data-start=\"2708\" data-end=\"2796\">A cultura l\u00edquida \u00e9 a escolha preferida dos produtores que valorizam a efici\u00eancia e a consist\u00eancia.<\/p><hr data-start=\"2798\" data-end=\"2801\" \/><h3 data-section-id=\"1ltc4xe\" data-start=\"2803\" data-end=\"2828\">Utiliza\u00e7\u00e3o e aplica\u00e7\u00e3o<\/h3><p data-start=\"2830\" data-end=\"2930\">A seringa de cultura l\u00edquida Psilocybe azurescens \u00e9 f\u00e1cil de utilizar e adequada para substratos espec\u00edficos.<\/p><p data-start=\"2932\" data-end=\"3070\">Antes de utilizar, agitar suavemente a seringa para distribuir uniformemente o mic\u00e9lio. Injetar a solu\u00e7\u00e3o no seu <a href=\"https:\/\/www.mondogrowkits.com\/pt\/sterilised-substrate\/\">substrato esterilizado<\/a> ou meio de cultura.<\/p><p data-start=\"3072\" data-end=\"3172\">Uma vez que a cultura cont\u00e9m mic\u00e9lio ativo, a coloniza\u00e7\u00e3o come\u00e7a normalmente mais depressa do que com os esporos.<\/p><p data-start=\"3174\" data-end=\"3253\">Trabalhar sempre num ambiente limpo e esterilizado para minimizar os riscos de contamina\u00e7\u00e3o.<\/p><p data-start=\"3255\" data-end=\"3340\">Nota: Este produto destina-se estritamente a fins de microscopia e educativos.<\/p><hr data-start=\"3342\" data-end=\"3345\" \/><h3 data-section-id=\"1w10lnv\" data-start=\"3347\" data-end=\"3371\">Armazenamento e prazo de validade<\/h3><p data-start=\"3373\" data-end=\"3434\">Armazenar a seringa de cultura l\u00edquida num frigor\u00edfico a 2-8 \u00b0C.<\/p><p data-start=\"3436\" data-end=\"3487\">Prazo de validade: At\u00e9 2-3 meses quando armazenado corretamente<\/p><p data-start=\"3489\" data-end=\"3576\">Evitar a luz solar direta e o calor. Deixar a seringa atingir a temperatura ambiente antes de a utilizar.<\/p><hr data-start=\"3578\" data-end=\"3581\" \/><h3 data-section-id=\"x3hwks\" data-start=\"3583\" data-end=\"3641\">Psilocybe azurescens - Gen\u00e9tica forte e distinta<\/h3><p data-start=\"3643\" data-end=\"3784\">O Psilocybe azurescens \u00e9 apreciado pela sua forte coloniza\u00e7\u00e3o e comportamento de crescimento \u00fanico, tornando-o uma escolha de confian\u00e7a entre os cultivadores experientes.<\/p><p data-start=\"3786\" data-end=\"3893\">As suas carater\u00edsticas duradouras e o seu desempenho consistente tornam-no adequado para instala\u00e7\u00f5es de cultivo especializadas.<\/p><hr data-start=\"3895\" data-end=\"3898\" \/><h3 data-section-id=\"vlvyzq\" data-start=\"3900\" data-end=\"3964\">Encomende hoje a sua seringa Psilocybe azurescens Liquid Culture<\/h3><p data-start=\"3966\" data-end=\"4088\">A seringa Psilocybe azurescens Liquid Culture oferece uma excelente combina\u00e7\u00e3o de resist\u00eancia, fiabilidade e desempenho.<\/p><p data-start=\"4090\" data-end=\"4214\">Com mic\u00e9lio ativo e gen\u00e9tica comprovada, esta cultura l\u00edquida \u00e9 ideal para conseguir uma coloniza\u00e7\u00e3o consistente e bem sucedida.<\/p><p data-start=\"4216\" data-end=\"4274\" data-is-last-node=\"\" data-is-only-node=\"\">Encomende hoje e experimente a qualidade superior da cultura l\u00edquida.<\/p>","protected":false},"excerpt":{"rendered":"<p data-start=\"115\" data-end=\"375\">A Psilocybe azurescens Liquid Culture Syringe \u00e9 uma cultura l\u00edquida de qualidade superior conhecida pelo seu crescimento de mic\u00e9lio forte e resistente. Esta esp\u00e9cie \u00fanica \u00e9 valorizada pela sua gen\u00e9tica robusta e desempenho consistente, tornando-a especialmente adequada para cultivadores experientes.<\/p>\n<p data-start=\"377\" data-end=\"546\">A seringa cont\u00e9m mic\u00e9lio ativo suspenso numa solu\u00e7\u00e3o rica em nutrientes, garantindo uma coloniza\u00e7\u00e3o mais r\u00e1pida e taxas de sucesso mais elevadas em compara\u00e7\u00e3o com as seringas de esporos tradicionais.<\/p>","protected":false},"featured_media":4547,"comment_status":"open","ping_status":"closed","template":"","meta":[],"product_brand":[32],"product_cat":[68],"product_tag":[],"class_list":{"0":"post-1339","1":"product","2":"type-product","3":"status-publish","4":"has-post-thumbnail","6":"product_brand-mondo","7":"product_cat-liquid-culture-syringe","9":"first","10":"instock","11":"taxable","12":"shipping-taxable","13":"purchasable","14":"product-type-simple"},"jetpack_sharing_enabled":true,"_links":{"self":[{"href":"https:\/\/www.mondogrowkits.com\/pt\/wp-json\/wp\/v2\/product\/1339","targetHints":{"allow":["GET"]}}],"collection":[{"href":"https:\/\/www.mondogrowkits.com\/pt\/wp-json\/wp\/v2\/product"}],"about":[{"href":"https:\/\/www.mondogrowkits.com\/pt\/wp-json\/wp\/v2\/types\/product"}],"replies":[{"embeddable":true,"href":"https:\/\/www.mondogrowkits.com\/pt\/wp-json\/wp\/v2\/comments?post=1339"}],"wp:featuredmedia":[{"embeddable":true,"href":"https:\/\/www.mondogrowkits.com\/pt\/wp-json\/wp\/v2\/media\/4547"}],"wp:attachment":[{"href":"https:\/\/www.mondogrowkits.com\/pt\/wp-json\/wp\/v2\/media?parent=1339"}],"wp:term":[{"taxonomy":"product_brand","embeddable":true,"href":"https:\/\/www.mondogrowkits.com\/pt\/wp-json\/wp\/v2\/product_brand?post=1339"},{"taxonomy":"product_cat","embeddable":true,"href":"https:\/\/www.mondogrowkits.com\/pt\/wp-json\/wp\/v2\/product_cat?post=1339"},{"taxonomy":"product_tag","embeddable":true,"href":"https:\/\/www.mondogrowkits.com\/pt\/wp-json\/wp\/v2\/product_tag?post=1339"}],"curies":[{"name":"wp","href":"https:\/\/api.w.org\/{rel}","templated":true}]}}