{"id":1373,"date":"2025-09-11T16:49:41","date_gmt":"2025-09-11T16:49:41","guid":{"rendered":"https:\/\/www.mondogrowkits.com\/?post_type=product&#038;p=1373"},"modified":"2026-05-11T17:30:37","modified_gmt":"2026-05-11T16:30:37","slug":"cultura-liquida-inveja-do-penis","status":"publish","type":"product","link":"https:\/\/www.mondogrowkits.com\/pt\/liquid-culture-penis-envy\/","title":{"rendered":"Penis Envy - Psilocybe Cubensis Seringa Liquid Culture"},"content":{"rendered":"<h2 data-section-id=\"1r2ozpw\" data-start=\"630\" data-end=\"704\">Penis Envy Liquid Culture Seringa - Lend\u00e1ria estirpe Psilocybe Cubensis<\/h2><p data-start=\"706\" data-end=\"1026\">O <strong data-start=\"710\" data-end=\"768\">Penis Envy - Psilocybe Cubensis Seringa Liquid Culture<\/strong> \u00e9 uma das variedades mais famosas e distintas da <a href=\"https:\/\/www.mondogrowkits.com\/pt\/what-is-psilocybin\/\">Psilocibo cubensis<\/a> fam\u00edlia. Conhecida pela sua morfologia \u00fanica e gen\u00e9tica forte, esta variedade ganhou reconhecimento mundial entre os produtores pelo seu desempenho consistente e coloniza\u00e7\u00e3o fi\u00e1vel.<\/p><p data-start=\"1028\" data-end=\"1278\">A Penis Envy \u00e9 reconhecida pelo seu mic\u00e9lio denso e vigoroso, permitindo uma coloniza\u00e7\u00e3o est\u00e1vel e eficiente numa variedade de substratos. A sua gen\u00e9tica est\u00e1vel torna-a uma op\u00e7\u00e3o fi\u00e1vel para os cultivadores que procuram resultados previs\u00edveis e de alta qualidade.<\/p><p data-start=\"1280\" data-end=\"1525\">Porque este produto \u00e9 fornecido como um <a href=\"https:\/\/www.mondogrowkits.com\/pt\/seringa-de-cultura-liquida\/\">cultura l\u00edquida<\/a>, A seringa de esporos da Bayer, Inc., cont\u00e9m mic\u00e9lio ativo suspenso numa solu\u00e7\u00e3o rica em nutrientes. Isto permite uma coloniza\u00e7\u00e3o significativamente mais r\u00e1pida em compara\u00e7\u00e3o com as seringas de esporos tradicionais e melhora as taxas globais de sucesso.<\/p><p data-start=\"1527\" data-end=\"1627\">Em condi\u00e7\u00f5es \u00f3ptimas, o crescimento do mic\u00e9lio pode frequentemente ser observado alguns dias ap\u00f3s a inocula\u00e7\u00e3o.<\/p><hr data-start=\"1629\" data-end=\"1632\" \/><h3 data-section-id=\"19poz2f\" data-start=\"1634\" data-end=\"1675\">Porqu\u00ea escolher o Penis Envy Liquid Culture?<\/h3><p data-start=\"1677\" data-end=\"1944\">Uma das variedades mais famosas de Psilocybe cubensis<br data-start=\"1728\" data-end=\"1731\" \/>Crescimento forte e denso do mic\u00e9lio<br data-start=\"1765\" data-end=\"1768\" \/>Coloniza\u00e7\u00e3o fi\u00e1vel e consistente<br data-start=\"1806\" data-end=\"1809\" \/>Adequado para <a href=\"https:\/\/www.mondogrowkits.com\/pt\/mondo-growkits-melhores-estirpes-principiantes-avancados\/\">iniciantes<\/a> e cultivadores experientes<br data-start=\"1857\" data-end=\"1860\" \/>Coloniza\u00e7\u00e3o mais r\u00e1pida do que as seringas de esporos<br data-start=\"1901\" data-end=\"1904\" \/>Cultura l\u00edquida ativa - pronta a utilizar<\/p><p data-start=\"1946\" data-end=\"2028\">A Penis Envy \u00e9 ideal para cultivadores que procuram uma variedade de qualidade superior e bem estabelecida.<\/p><hr data-start=\"2030\" data-end=\"2033\" \/><h3 data-section-id=\"1edg1fv\" data-start=\"2035\" data-end=\"2065\">Vantagens do Liquid Culture<\/h3><p data-start=\"2067\" data-end=\"2158\">As seringas de cultura l\u00edquida oferecem vantagens significativas em rela\u00e7\u00e3o aos produtos tradicionais \u00e0 base de esporos.<\/p><p data-start=\"2160\" data-end=\"2248\">Uma vez que o mic\u00e9lio j\u00e1 est\u00e1 ativo, a coloniza\u00e7\u00e3o come\u00e7a imediatamente ap\u00f3s a inocula\u00e7\u00e3o.<\/p><p data-start=\"2250\" data-end=\"2271\">Os principais benef\u00edcios incluem:<\/p><p data-start=\"2273\" data-end=\"2430\">- Tempos de coloniza\u00e7\u00e3o mais r\u00e1pidos<br data-start=\"2300\" data-end=\"2303\" \/>- Taxas de sucesso mais elevadas<br data-start=\"2325\" data-end=\"2328\" \/>- Distribui\u00e7\u00e3o homog\u00e9nea do mic\u00e9lio<br data-start=\"2359\" data-end=\"2362\" \/>- Aplica\u00e7\u00e3o f\u00e1cil e precisa<br data-start=\"2392\" data-end=\"2395\" \/>- Resultados consistentes e fi\u00e1veis<\/p><p data-start=\"2432\" data-end=\"2516\">A cultura l\u00edquida \u00e9 a escolha preferida dos produtores que procuram efici\u00eancia e estabilidade.<\/p><hr data-start=\"2518\" data-end=\"2521\" \/><h3 data-section-id=\"1ltc4xe\" data-start=\"2523\" data-end=\"2548\">Utiliza\u00e7\u00e3o e aplica\u00e7\u00e3o<\/h3><p data-start=\"2550\" data-end=\"2639\">A seringa de cultura l\u00edquida Penis Envy \u00e9 f\u00e1cil de utilizar e adequada para v\u00e1rios substratos.<\/p><p data-start=\"2641\" data-end=\"2777\">Antes de utilizar, agitar suavemente a seringa para distribuir uniformemente o mic\u00e9lio. Injetar o l\u00edquido no seu <a href=\"https:\/\/www.mondogrowkits.com\/pt\/substrato-esterilizado\/\">substrato esterilizado<\/a> ou meio de cultura.<\/p><p data-start=\"2779\" data-end=\"2879\">Uma vez que a cultura cont\u00e9m mic\u00e9lio ativo, a coloniza\u00e7\u00e3o come\u00e7a normalmente mais depressa do que com os esporos.<\/p><p data-start=\"2881\" data-end=\"2960\">Trabalhar sempre num ambiente limpo e esterilizado para minimizar os riscos de contamina\u00e7\u00e3o.<\/p><p data-start=\"2962\" data-end=\"3051\"><strong data-start=\"2962\" data-end=\"2971\">Nota:<\/strong> Este produto destina-se estritamente a fins microsc\u00f3picos e educativos.<\/p><hr data-start=\"3053\" data-end=\"3056\" \/><h3 data-section-id=\"1w10lnv\" data-start=\"3058\" data-end=\"3082\">Armazenamento e prazo de validade<\/h3><p data-start=\"3084\" data-end=\"3145\">Armazenar a seringa de cultura l\u00edquida num frigor\u00edfico a 2-8 \u00b0C.<\/p><p data-start=\"3147\" data-end=\"3196\">Prazo de validade: At\u00e9 2-3 meses quando armazenado corretamente<\/p><p data-start=\"3198\" data-end=\"3294\">Manter afastado da luz solar direta e do calor. Deixar a seringa atingir a temperatura ambiente antes de a utilizar.<\/p><hr data-start=\"3296\" data-end=\"3299\" \/><h3 data-section-id=\"1t7b36m\" data-start=\"3301\" data-end=\"3346\">Penis Envy - Gen\u00e9tica ic\u00f3nica e poderosa<\/h3><p data-start=\"3348\" data-end=\"3495\">O Penis Envy \u00e9 amplamente considerado como uma das esp\u00e9cies mais emblem\u00e1ticas de Psilocybe cubensis <a href=\"https:\/\/www.mondogrowkits.com\/pt\/biblioteca-de-variedades-de-cogumelos-magicos\/\">estirpes<\/a>, O seu nome \u00e9 uma refer\u00eancia para a ra\u00e7a, apreciada pela sua gen\u00e9tica forte e desempenho consistente.<\/p><p data-start=\"3497\" data-end=\"3573\">A sua reputa\u00e7\u00e3o e fiabilidade fazem dela uma escolha de topo entre os produtores de todo o mundo.<\/p><hr data-start=\"3575\" data-end=\"3578\" \/><h3 data-section-id=\"1oiyx52\" data-start=\"3580\" data-end=\"3634\">Encomende hoje a sua seringa Penis Envy Liquid Culture<\/h3><p data-start=\"3636\" data-end=\"3775\">O <strong data-start=\"3640\" data-end=\"3698\">Penis Envy - Psilocybe Cubensis Seringa Liquid Culture<\/strong> oferece uma combina\u00e7\u00e3o perfeita de resist\u00eancia, fiabilidade e gen\u00e9tica de primeira qualidade.<\/p><p data-start=\"3777\" data-end=\"3898\">Com mic\u00e9lio ativo e desempenho comprovado, esta cultura l\u00edquida \u00e9 ideal para obter uma coloniza\u00e7\u00e3o r\u00e1pida e consistente.<\/p><p data-start=\"3900\" data-end=\"3963\" data-is-last-node=\"\" data-is-only-node=\"\">Encomende hoje e obtenha resultados de cultura l\u00edquida de alta qualidade.<\/p>","protected":false},"excerpt":{"rendered":"<p data-start=\"146\" data-end=\"462\"><strong data-start=\"146\" data-end=\"204\">Penis Envy - Psilocybe Cubensis Seringa Liquid Culture<\/strong> \u00e9 uma cultura l\u00edquida premium e muito procurada, conhecida pela sua forte coloniza\u00e7\u00e3o e gen\u00e9tica poderosa. Esta variedade \u00fanica \u00e9 valorizada pelo seu crescimento denso de mic\u00e9lio e desempenho consistente, tornando-a adequada tanto para cultivadores principiantes como experientes.<\/p>\n<p data-start=\"464\" data-end=\"623\">A seringa cont\u00e9m mic\u00e9lio ativo numa solu\u00e7\u00e3o rica em nutrientes, garantindo uma coloniza\u00e7\u00e3o mais r\u00e1pida e taxas de sucesso mais elevadas em compara\u00e7\u00e3o com as seringas de esporos tradicionais.<\/p>","protected":false},"featured_media":4547,"comment_status":"open","ping_status":"closed","template":"","meta":[],"product_brand":[32],"product_cat":[68],"product_tag":[],"class_list":{"0":"post-1373","1":"product","2":"type-product","3":"status-publish","4":"has-post-thumbnail","6":"product_brand-mondo","7":"product_cat-liquid-culture-syringe","9":"first","10":"instock","11":"taxable","12":"shipping-taxable","13":"purchasable","14":"product-type-simple"},"jetpack_sharing_enabled":true,"_links":{"self":[{"href":"https:\/\/www.mondogrowkits.com\/pt\/wp-json\/wp\/v2\/product\/1373","targetHints":{"allow":["GET"]}}],"collection":[{"href":"https:\/\/www.mondogrowkits.com\/pt\/wp-json\/wp\/v2\/product"}],"about":[{"href":"https:\/\/www.mondogrowkits.com\/pt\/wp-json\/wp\/v2\/types\/product"}],"replies":[{"embeddable":true,"href":"https:\/\/www.mondogrowkits.com\/pt\/wp-json\/wp\/v2\/comments?post=1373"}],"wp:featuredmedia":[{"embeddable":true,"href":"https:\/\/www.mondogrowkits.com\/pt\/wp-json\/wp\/v2\/media\/4547"}],"wp:attachment":[{"href":"https:\/\/www.mondogrowkits.com\/pt\/wp-json\/wp\/v2\/media?parent=1373"}],"wp:term":[{"taxonomy":"product_brand","embeddable":true,"href":"https:\/\/www.mondogrowkits.com\/pt\/wp-json\/wp\/v2\/product_brand?post=1373"},{"taxonomy":"product_cat","embeddable":true,"href":"https:\/\/www.mondogrowkits.com\/pt\/wp-json\/wp\/v2\/product_cat?post=1373"},{"taxonomy":"product_tag","embeddable":true,"href":"https:\/\/www.mondogrowkits.com\/pt\/wp-json\/wp\/v2\/product_tag?post=1373"}],"curies":[{"name":"wp","href":"https:\/\/api.w.org\/{rel}","templated":true}]}}