{"id":2468,"date":"2026-02-03T12:06:35","date_gmt":"2026-02-03T11:06:35","guid":{"rendered":"https:\/\/www.mondogrowkits.com\/?post_type=product&#038;p=2468"},"modified":"2026-05-17T12:24:13","modified_gmt":"2026-05-17T11:24:13","slug":"garrafa-de-agua-nebulizada","status":"publish","type":"product","link":"https:\/\/www.mondogrowkits.com\/pt\/water-mist-bottle\/","title":{"rendered":"Garrafa de n\u00e9voa de \u00e1gua"},"content":{"rendered":"<h3><b>Porque \u00e9 que a humidade \u00e9 importante?<\/b><\/h3>\n<p><span style=\"font-weight: 400;\">Gra\u00e7as \u00e0 n\u00e9voa altamente fina, distribui eficazmente pequenas part\u00edculas de \u00e1gua de forma extremamente uniforme por todo o saco de cultivo. Com esta garrafa de neblina, \u00e9 f\u00e1cil conseguir uma percentagem elevada de humidade dentro do saco de cultivo, que os cogumelos necessitam para crescerem. A humidade deve ser mantida em cerca de 80-90%.<\/span><span style=\"font-weight: 400;\"><br \/>\n<\/span><span style=\"font-weight: 400;\"><br \/>\n<\/span><span style=\"font-weight: 400;\">Se n\u00e3o se mantiverem os cogumelos em n\u00edveis de humidade suficientemente elevados, o mic\u00e9lio pode secar, o que, por sua vez, leva a que os cogumelos n\u00e3o cres\u00e7am.<\/span><\/p>\n<h3><b>F\u00e1cil de utilizar<\/b><\/h3>\n<p><span style=\"font-weight: 400;\">Foi concebida ergonomicamente para que possa pulverizar \u00e1gua sem nunca manter o pulso num \u00e2ngulo estranho. Em compara\u00e7\u00e3o com as garrafas de spray convencionais, \u00e9 poss\u00edvel pulverizar \u00e1gua quando est\u00e1 de lado ou de cabe\u00e7a para baixo.<\/span><\/p>","protected":false},"excerpt":{"rendered":"<p><span style=\"font-weight: 400;\">Mantenha os seus cogumelos no ambiente h\u00famido que merecem com este frasco de n\u00e9voa suave. Pulveriza uniformemente com uma n\u00e9voa muito fina. Utiliza-a sempre que houver pouca ou nenhuma condensa\u00e7\u00e3o no saco de cultivo, pois tanto o mic\u00e9lio como os cogumelos gostam de crescer em ambientes muito h\u00famidos.<\/span><\/p>","protected":false},"featured_media":3135,"comment_status":"open","ping_status":"closed","template":"","meta":[],"product_brand":[32],"product_cat":[85],"product_tag":[],"class_list":{"0":"post-2468","1":"product","2":"type-product","3":"status-publish","4":"has-post-thumbnail","6":"product_brand-mondo","7":"product_cat-disinfectant-spray-bottles","9":"first","10":"instock","11":"taxable","12":"shipping-taxable","13":"purchasable","14":"product-type-simple"},"jetpack_sharing_enabled":true,"_links":{"self":[{"href":"https:\/\/www.mondogrowkits.com\/pt\/wp-json\/wp\/v2\/product\/2468","targetHints":{"allow":["GET"]}}],"collection":[{"href":"https:\/\/www.mondogrowkits.com\/pt\/wp-json\/wp\/v2\/product"}],"about":[{"href":"https:\/\/www.mondogrowkits.com\/pt\/wp-json\/wp\/v2\/types\/product"}],"replies":[{"embeddable":true,"href":"https:\/\/www.mondogrowkits.com\/pt\/wp-json\/wp\/v2\/comments?post=2468"}],"wp:featuredmedia":[{"embeddable":true,"href":"https:\/\/www.mondogrowkits.com\/pt\/wp-json\/wp\/v2\/media\/3135"}],"wp:attachment":[{"href":"https:\/\/www.mondogrowkits.com\/pt\/wp-json\/wp\/v2\/media?parent=2468"}],"wp:term":[{"taxonomy":"product_brand","embeddable":true,"href":"https:\/\/www.mondogrowkits.com\/pt\/wp-json\/wp\/v2\/product_brand?post=2468"},{"taxonomy":"product_cat","embeddable":true,"href":"https:\/\/www.mondogrowkits.com\/pt\/wp-json\/wp\/v2\/product_cat?post=2468"},{"taxonomy":"product_tag","embeddable":true,"href":"https:\/\/www.mondogrowkits.com\/pt\/wp-json\/wp\/v2\/product_tag?post=2468"}],"curies":[{"name":"wp","href":"https:\/\/api.w.org\/{rel}","templated":true}]}}