{"id":3091,"date":"2026-01-29T13:39:33","date_gmt":"2026-01-29T12:39:33","guid":{"rendered":"https:\/\/www.mondogrowkits.com\/?post_type=product&#038;p=3091"},"modified":"2026-05-17T06:56:08","modified_gmt":"2026-05-17T05:56:08","slug":"kit-de-cultivo-de-cogumelos-magicos-hillbilly-pumkin","status":"publish","type":"product","link":"https:\/\/www.mondogrowkits.com\/pt\/hillbilly-pumkin-magic-mushroom-grow-kit\/","title":{"rendered":"Hillbilly Pumkin\u2019 - Kit de cultivo de cogumelos m\u00e1gicos"},"content":{"rendered":"<h1 data-section-id=\"8wjlzl\" data-start=\"290\" data-end=\"369\">Kit de cultivo de cogumelos m\u00e1gicos \u2019Hillbilly Pumpkin' - Variedade \u00fanica de Psilocybe Cubensis<\/h1><p data-start=\"371\" data-end=\"684\">O <strong data-start=\"375\" data-end=\"421\">Kit de cultivo de cogumelos m\u00e1gicos \u2019Hillbilly Pumpkin<\/strong> \u00e9 uma carater\u00edstica distintiva <strong data-start=\"439\" data-end=\"468\">Estirpe de Psilocybe cubensis<\/strong> conhecida pelo seu invulgar aspeto de cogumelo e desempenho de crescimento fi\u00e1vel. Esta variedade tornou-se cada vez mais popular entre os produtores gra\u00e7as \u00e0 sua <strong data-start=\"616\" data-end=\"683\">coloniza\u00e7\u00e3o r\u00e1pida, aglomerados densos e gorros \u00fanicos em forma de ab\u00f3bora<\/strong>.<\/p><p data-start=\"686\" data-end=\"947\">Os cogumelos \u2019Hillbilly Pumpkin\" s\u00e3o reconhecidos pela sua <strong data-start=\"739\" data-end=\"789\">caules grossos e gomos redondos e ligeiramente achatados<\/strong>, que frequentemente desenvolvem tons quentes de laranja-castanho durante a matura\u00e7\u00e3o. Os gorros podem assemelhar-se \u00e0 forma de pequenas ab\u00f3boras, dando \u00e0 variedade o seu nome carater\u00edstico.<\/p><p data-start=\"949\" data-end=\"1278\">Durante a fase de frutifica\u00e7\u00e3o, os cogumelos crescem normalmente em <strong data-start=\"1008\" data-end=\"1028\">aglomerados compactos<\/strong>, A sua gen\u00e9tica \u00e9 est\u00e1vel e o crescimento vigoroso do mic\u00e9lio \u00e9 muito bom, produzindo fluxos impressionantes quando cultivada nas condi\u00e7\u00f5es corretas. Devido \u00e0 sua gen\u00e9tica est\u00e1vel e ao crescimento vigoroso do mic\u00e9lio, a <strong data-start=\"1163\" data-end=\"1194\">Kit de cultivo \u2019Hillbilly Pumpkin<\/strong> oferece uma experi\u00eancia de cultivo fi\u00e1vel tanto para principiantes como para cultivadores experientes.<\/p><p data-start=\"1280\" data-end=\"1379\">Em condi\u00e7\u00f5es \u00f3ptimas, os primeiros pinos de cogumelos come\u00e7am geralmente a aparecer dentro de <strong data-start=\"1361\" data-end=\"1378\">10 a 14 dias<\/strong>.<\/p><p data-start=\"1381\" data-end=\"1565\">Cada kit de cultivo \u00e9 entregue <strong data-start=\"1403\" data-end=\"1440\">totalmente colonizado e pronto a crescer<\/strong>, ou seja, o <a href=\"https:\/\/www.mondogrowkits.com\/pt\/substrato-esterilizado\/\">substrato<\/a> j\u00e1 cont\u00e9m mic\u00e9lio ativo e o cultivo pode come\u00e7ar imediatamente com uma prepara\u00e7\u00e3o m\u00ednima.<\/p><hr data-start=\"1567\" data-end=\"1570\" \/><h1 data-section-id=\"1gynh34\" data-start=\"1572\" data-end=\"1617\">Porqu\u00ea escolher o kit de cultivo Hillbilly Pumpkin\u2019?<\/h1><p data-start=\"1619\" data-end=\"1946\">\u2714 \u00danico <strong data-start=\"1628\" data-end=\"1682\">Variedade de Psilocybe cubensis com chap\u00e9u em forma de ab\u00f3bora<\/strong><br data-start=\"1682\" data-end=\"1685\" \/>\u2714 Conhecido por <strong data-start=\"1697\" data-end=\"1740\">coloniza\u00e7\u00e3o r\u00e1pida e frutifica\u00e7\u00e3o fi\u00e1vel<\/strong><br data-start=\"1740\" data-end=\"1743\" \/>Caules grossos e cachos densos de cogumelos<br data-start=\"1784\" data-end=\"1787\" \/>Produz v\u00e1rios jactos com os cuidados adequados<br data-start=\"1831\" data-end=\"1834\" \/>Substrato totalmente colonizado - pronto a crescer imediatamente<br data-start=\"1889\" data-end=\"1892\" \/>Substrato de cultura natural com mic\u00e9lio ativo<\/p><p data-start=\"1948\" data-end=\"2088\">A variedade Hillbilly Pumpkin\u2019 \u00e9 popular entre os cultivadores que gostam de <strong data-start=\"2013\" data-end=\"2087\">variedades distintivas de cogumelos combinadas com um desempenho de crescimento est\u00e1vel<\/strong>.<\/p><hr data-start=\"2523\" data-end=\"2526\" \/><h1 data-section-id=\"2t1372\" data-start=\"2528\" data-end=\"2554\">Condi\u00e7\u00f5es ideais de cultivo<\/h1><p data-start=\"2556\" data-end=\"2646\">Os cogumelos Hillbilly Pumpkin\u2019 crescem melhor em ambientes quentes e h\u00famidos com luz indireta.<\/p><p data-start=\"2648\" data-end=\"2679\">Condi\u00e7\u00f5es de cultivo recomendadas:<\/p><p data-start=\"2681\" data-end=\"2860\"><strong data-start=\"2681\" data-end=\"2697\">Temperatura:<\/strong> 18-27 \u00b0C<br data-start=\"2706\" data-end=\"2709\" \/><strong data-start=\"2709\" data-end=\"2733\">Temperatura \u00f3ptima:<\/strong> 22-25 \u00b0C<br data-start=\"2742\" data-end=\"2745\" \/><strong data-start=\"2745\" data-end=\"2758\">Ilumina\u00e7\u00e3o:<\/strong> Luz do dia indireta ou luz ambiente<br data-start=\"2798\" data-end=\"2801\" \/><strong data-start=\"2801\" data-end=\"2814\">Humidade:<\/strong> Humidade elevada com troca regular de ar fresco<\/p><p data-start=\"2862\" data-end=\"2983\">A condensa\u00e7\u00e3o no interior do saco de cultivo ajuda a manter os n\u00edveis de humidade adequados. Evita pulverizar \u00e1gua diretamente sobre o substrato.<\/p><p data-start=\"2985\" data-end=\"3081\">Os pinos de cogumelos pequenos aparecem normalmente dentro de <strong data-start=\"3027\" data-end=\"3041\">10-14 dias<\/strong>, dependendo das condi\u00e7\u00f5es ambientais.<\/p><hr data-start=\"3083\" data-end=\"3086\" \/><h1 data-section-id=\"1hfzt1h\" data-start=\"3088\" data-end=\"3135\">Efeitos dos cogumelos m\u00e1gicos \u2019Hillbilly Pumpkin<\/h1><p data-start=\"3137\" data-end=\"3277\">O <strong data-start=\"3141\" data-end=\"3189\">Variedade \u2019Hillbilly Pumpkin\" de Psilocybe cubensis<\/strong> \u00e9 conhecido por oferecer um <strong data-start=\"3216\" data-end=\"3276\">experi\u00eancia psicad\u00e9lica equilibrada e visualmente estimulante<\/strong>.<\/p><p data-start=\"3279\" data-end=\"3313\">Os efeitos frequentemente notificados incluem:<\/p><p data-start=\"3315\" data-end=\"3480\">- Melhoria das cores e da perce\u00e7\u00e3o visual<br data-start=\"3355\" data-end=\"3358\" \/>- Padr\u00f5es visuais ligeiros a moderados<br data-start=\"3392\" data-end=\"3395\" \/>- Humor elevado e sentimentos de euforia<br data-start=\"3435\" data-end=\"3438\" \/>- Aumento da criatividade e da introspe\u00e7\u00e3o<\/p><p data-start=\"3482\" data-end=\"3568\">Muitos utilizadores descrevem a experi\u00eancia como <strong data-start=\"3520\" data-end=\"3567\">animador, colorido e mentalmente envolvente<\/strong>.<\/p><hr data-start=\"3570\" data-end=\"3573\" \/><h1 data-section-id=\"ljcc7e\" data-start=\"3575\" data-end=\"3614\">Kit completo de cultivo de cogumelos tudo-em-um<\/h1><p data-start=\"3616\" data-end=\"3728\">Cada <strong data-start=\"3621\" data-end=\"3667\">Kit de cultivo de cogumelos m\u00e1gicos \u2019Hillbilly Pumpkin<\/strong> inclui tudo o que \u00e9 necess\u00e1rio para come\u00e7ar a cultivar imediatamente.<\/p><p data-start=\"3730\" data-end=\"3748\">O seu kit cont\u00e9m:<\/p><p data-start=\"3750\" data-end=\"3965\">Substrato totalmente colonizado com mic\u00e9lio ativo<br data-start=\"3798\" data-end=\"3801\" \/>Componentes do substrato que ret\u00eam a humidade<br data-start=\"3842\" data-end=\"3845\" \/>Saco de cultivo com filtros de ar integrados<br data-start=\"3883\" data-end=\"3886\" \/>Dois clipes de papel para fechar o saco de cultivo<br data-start=\"3927\" data-end=\"3930\" \/>Instru\u00e7\u00f5es pormenorizadas de cultivo<\/p><p data-start=\"3967\" data-end=\"4072\">O kit de cultivo foi concebido para <strong data-start=\"4000\" data-end=\"4071\">cultivo de cogumelos m\u00e1gicos simples, eficaz e para principiantes<\/strong>.<\/p><hr data-start=\"4074\" data-end=\"4077\" \/><h1 data-section-id=\"3kfd2k\" data-start=\"4079\" data-end=\"4112\">Como cultivar - Guia de in\u00edcio r\u00e1pido<\/h1><p data-start=\"4114\" data-end=\"4213\">Cultivo de cogumelos com o <strong data-start=\"4141\" data-end=\"4172\">Kit de cultivo \u2019Hillbilly Pumpkin<\/strong> \u00e9 simples e requer apenas alguns passos.<\/p><ol data-start=\"4215\" data-end=\"4560\">\n<li data-section-id=\"x1d9t\" data-start=\"4215\" data-end=\"4274\">\n<p data-start=\"4218\" data-end=\"4274\">Lave as m\u00e3os e limpe o exterior do kit de cultivo.<\/p>\n<\/li>\n<li data-section-id=\"hci7ne\" data-start=\"4275\" data-end=\"4338\">\n<p data-start=\"4278\" data-end=\"4338\">Retirar a tampa e encher o recipiente com \u00e1gua morna.<\/p>\n<\/li>\n<li data-section-id=\"owtwed\" data-start=\"4339\" data-end=\"4386\">\n<p data-start=\"4342\" data-end=\"4386\">Deixar o substrato de molho durante <strong data-start=\"4369\" data-end=\"4383\">8-12 horas<\/strong>.<\/p>\n<\/li>\n<li data-section-id=\"5aqy5l\" data-start=\"4387\" data-end=\"4425\">\n<p data-start=\"4390\" data-end=\"4425\">Escorrer cuidadosamente o excesso de \u00e1gua.<\/p>\n<\/li>\n<li data-section-id=\"9asdz4\" data-start=\"4426\" data-end=\"4502\">\n<p data-start=\"4429\" data-end=\"4502\">Coloca o kit de cultivo dentro do saco de cultivo e fecha-o com os clipes de papel.<\/p>\n<\/li>\n<li data-section-id=\"1fhyrkq\" data-start=\"4503\" data-end=\"4560\">\n<p data-start=\"4506\" data-end=\"4560\">Manter o saco de cultivo num local quente com luz indireta.<\/p>\n<\/li>\n<\/ol><p data-start=\"4562\" data-end=\"4701\">Dentro de <strong data-start=\"4569\" data-end=\"4583\">10-14 dias<\/strong>, Quando os cogumelos come\u00e7arem a aparecer, come\u00e7ar\u00e3o a aparecer pequenos alfinetes de cogumelos. Colher os cogumelos quando os <strong data-start=\"4658\" data-end=\"4700\">o v\u00e9u por baixo da tampa come\u00e7a a rasgar-se<\/strong>.<\/p><p data-start=\"4703\" data-end=\"4785\">Ap\u00f3s a colheita, o kit de cultivo pode ser <strong data-start=\"4741\" data-end=\"4754\">re-embebido<\/strong> para produzir descargas adicionais.<\/p><p data-start=\"4787\" data-end=\"4853\">Com os devidos cuidados, um kit de cultivo pode produzir <strong data-start=\"4830\" data-end=\"4852\">at\u00e9 quatro descargas<\/strong>.<\/p><hr data-start=\"4855\" data-end=\"4858\" \/><h1 data-section-id=\"ybm8az\" data-start=\"4860\" data-end=\"4882\">Armazenamento e prazo de validade<\/h1><p data-start=\"4884\" data-end=\"4946\">Guardar o kit de cultivo fechado na <strong data-start=\"4919\" data-end=\"4945\">frigor\u00edfico a 2-8 \u00b0C<\/strong>.<\/p><p data-start=\"4948\" data-end=\"4988\">Prazo de validade: <strong data-start=\"4960\" data-end=\"4988\">3-6 meses sem abrir<\/strong><\/p><p data-start=\"4990\" data-end=\"5089\">Para obter os melhores resultados, recomenda-se que se inicie o cultivo <strong data-start=\"5051\" data-end=\"5088\">logo ap\u00f3s receber o kit de cultivo<\/strong>.<\/p><hr data-start=\"5091\" data-end=\"5094\" \/><h1 data-section-id=\"1qgfiv8\" data-start=\"5096\" data-end=\"5121\">Utiliza\u00e7\u00e3o legal e respons\u00e1vel<\/h1><p data-start=\"5123\" data-end=\"5278\">Os cogumelos m\u00e1gicos s\u00e3o regulamentados em muitos pa\u00edses. Nalgumas regi\u00f5es, <strong data-start=\"5189\" data-end=\"5237\">os kits de cultivo e as trufas continuam a ser produtos legais<\/strong>, enquanto noutros podem ser restringidos.<\/p><p data-start=\"5280\" data-end=\"5357\">Verificar sempre <strong data-start=\"5293\" data-end=\"5323\">leis e regulamentos locais<\/strong> antes de comprar ou cultivar.<\/p><p data-start=\"5359\" data-end=\"5518\"><a href=\"https:\/\/www.mondogrowkits.com\/pt\/what-is-psilocybin\/\">Psilocibina<\/a> os cogumelos s\u00e3o considerados <strong data-start=\"5395\" data-end=\"5412\">n\u00e3o viciante<\/strong>, mas podem produzir fortes efeitos psicol\u00f3gicos. Recomenda-se uma utiliza\u00e7\u00e3o respons\u00e1vel num ambiente seguro.<\/p><hr data-start=\"5520\" data-end=\"5523\" \/><h1 data-section-id=\"4pbymw\" data-start=\"5525\" data-end=\"5586\">Encomende hoje o seu kit de cultivo de cogumelos m\u00e1gicos Hillbilly Pumpkin<\/h1><p data-start=\"5588\" data-end=\"5748\">O <strong data-start=\"5592\" data-end=\"5638\">Kit de cultivo de cogumelos m\u00e1gicos \u2019Hillbilly Pumpkin<\/strong> oferece uma experi\u00eancia de cultivo gratificante com cogumelos distintos, crescimento fi\u00e1vel e colheitas m\u00faltiplas.<\/p><p data-start=\"5750\" data-end=\"5923\">Com os seus gorros \u00fanicos em forma de ab\u00f3bora e uma gen\u00e9tica forte, esta variedade tornou-se uma das favoritas entre os cultivadores que procuram <strong data-start=\"5868\" data-end=\"5922\">um kit de cultivo Psilocybe cubensis visualmente distinto<\/strong>.<\/p><p data-start=\"5925\" data-end=\"6034\">Encomendar o seu <strong data-start=\"5936\" data-end=\"5988\">Kit de cultivo de cogumelos m\u00e1gicos Hillbilly Pumpkin\u2019 hoje<\/strong> e come\u00e7ar a cultivar os seus pr\u00f3prios cogumelos em casa.<\/p>","protected":false},"excerpt":{"rendered":"<p>O kit de cultivo de cogumelos m\u00e1gicos Hillbilly Pumkin\u2019 \u00e9 uma estirpe de Psilocybe cubensis vigorosa e f\u00e1cil de cultivar, conhecida pela sua r\u00e1pida coloniza\u00e7\u00e3o e colheitas consistentes com v\u00e1rias descargas. Dispon\u00edvel num kit de 1200cc. Um \u00f3timo passo em frente para os cultivadores que v\u00e3o al\u00e9m das variedades para principiantes.<\/p>","protected":false},"featured_media":2902,"comment_status":"open","ping_status":"closed","template":"","meta":[],"product_brand":[32],"product_cat":[17],"product_tag":[],"class_list":{"0":"post-3091","1":"product","2":"type-product","3":"status-publish","4":"has-post-thumbnail","6":"product_brand-mondo","7":"product_cat-magic-mushroom-grow-kits","9":"first","10":"instock","11":"taxable","12":"shipping-taxable","13":"purchasable","14":"product-type-simple"},"jetpack_sharing_enabled":true,"_links":{"self":[{"href":"https:\/\/www.mondogrowkits.com\/pt\/wp-json\/wp\/v2\/product\/3091","targetHints":{"allow":["GET"]}}],"collection":[{"href":"https:\/\/www.mondogrowkits.com\/pt\/wp-json\/wp\/v2\/product"}],"about":[{"href":"https:\/\/www.mondogrowkits.com\/pt\/wp-json\/wp\/v2\/types\/product"}],"replies":[{"embeddable":true,"href":"https:\/\/www.mondogrowkits.com\/pt\/wp-json\/wp\/v2\/comments?post=3091"}],"wp:featuredmedia":[{"embeddable":true,"href":"https:\/\/www.mondogrowkits.com\/pt\/wp-json\/wp\/v2\/media\/2902"}],"wp:attachment":[{"href":"https:\/\/www.mondogrowkits.com\/pt\/wp-json\/wp\/v2\/media?parent=3091"}],"wp:term":[{"taxonomy":"product_brand","embeddable":true,"href":"https:\/\/www.mondogrowkits.com\/pt\/wp-json\/wp\/v2\/product_brand?post=3091"},{"taxonomy":"product_cat","embeddable":true,"href":"https:\/\/www.mondogrowkits.com\/pt\/wp-json\/wp\/v2\/product_cat?post=3091"},{"taxonomy":"product_tag","embeddable":true,"href":"https:\/\/www.mondogrowkits.com\/pt\/wp-json\/wp\/v2\/product_tag?post=3091"}],"curies":[{"name":"wp","href":"https:\/\/api.w.org\/{rel}","templated":true}]}}