{"id":3168,"date":"2026-02-03T15:00:48","date_gmt":"2026-02-03T14:00:48","guid":{"rendered":"https:\/\/www.mondogrowkits.com\/?post_type=product&#038;p=3168"},"modified":"2026-05-14T08:29:50","modified_gmt":"2026-05-14T07:29:50","slug":"b-saco-de-cultivo-para-cogumelos-magicos","status":"publish","type":"product","link":"https:\/\/www.mondogrowkits.com\/pt\/b-magic-mushroom-growbag\/","title":{"rendered":"B+ - Saco de cultivo de cogumelos m\u00e1gicos"},"content":{"rendered":"<h2 data-section-id=\"1a5y1lg\" data-start=\"568\" data-end=\"642\">B+ - Saco de cultivo para cogumelos m\u00e1gicos - Vers\u00e1til, resistente e ideal para principiantes<\/h2><p data-start=\"644\" data-end=\"947\">O Magic Mushroom Grow Bag B+ \u00e9 um sistema de cultivo preparado profissionalmente que cont\u00e9m <a href=\"https:\/\/www.mondogrowkits.com\/pt\/what-is-psilocybin\/\">psilocibo cubensis<\/a> substrato. Todo o processo de inocula\u00e7\u00e3o e incuba\u00e7\u00e3o foi efectuado em condi\u00e7\u00f5es controladas, permitindo a frutifica\u00e7\u00e3o imediata quando colocado num ambiente interior adequado.<\/p><p data-start=\"949\" data-end=\"1084\">O B+ \u00e9 conhecido pela sua <strong data-start=\"969\" data-end=\"1019\">adaptabilidade excecional e forte resist\u00eancia<\/strong>, o que o torna um dos cubensis mais vers\u00e1teis <a href=\"https:\/\/www.mondogrowkits.com\/pt\/magic-mushroom-strain-library\/\">estirpes<\/a> dispon\u00edvel.<\/p><hr data-start=\"1086\" data-end=\"1089\" \/><h2 data-section-id=\"svan0i\" data-start=\"1091\" data-end=\"1150\">Dificuldade de crescimento: F\u00e1cil - Extremamente tolerante e flex\u00edvel<\/h2><p data-start=\"1152\" data-end=\"1319\">A B+ \u00e9 amplamente considerada como uma das variedades mais tolerantes. Tem um bom desempenho numa gama mais ampla de temperaturas e n\u00edveis de humidade em compara\u00e7\u00e3o com a maioria das outras estirpes.<\/p><p data-start=\"1321\" data-end=\"1452\">Em compara\u00e7\u00e3o com <a href=\"https:\/\/www.mondogrowkits.com\/pt\/magic-mushroom-strain-library\/golden-teacher-psilocybe-cubensis-strain\/\">Golden Teacher<\/a>, O B+ \u00e9 ligeiramente mais tolerante \u00e0s flutua\u00e7\u00f5es ambientais, o que o torna ideal para configura\u00e7\u00f5es menos controladas.<\/p><p data-start=\"1454\" data-end=\"1464\">Ideal para:<\/p><ul data-start=\"1465\" data-end=\"1578\">\n<li data-section-id=\"1r9g6ir\" data-start=\"1465\" data-end=\"1487\">Primeiros produtores<\/li>\n<li data-section-id=\"1bacx0h\" data-start=\"1488\" data-end=\"1529\">Produtores com ambientes menos est\u00e1veis<\/li>\n<li data-section-id=\"1hf4uku\" data-start=\"1530\" data-end=\"1578\">Utilizadores que procuram um processo de cultivo de baixo risco<\/li>\n<\/ul><hr data-start=\"1580\" data-end=\"1583\" \/><h2 data-section-id=\"qf4oq\" data-start=\"1585\" data-end=\"1632\">Carater\u00edsticas de crescimento - Flex\u00edvel e robusto<\/h2><p data-start=\"1634\" data-end=\"1696\">O B+ destaca-se pela sua <strong data-start=\"1656\" data-end=\"1695\">adaptabilidade e desempenho est\u00e1vel<\/strong>:<\/p><ul data-start=\"1698\" data-end=\"1872\">\n<li data-section-id=\"mmjidd\" data-start=\"1698\" data-end=\"1729\">Velocidade de coloniza\u00e7\u00e3o moderada<\/li>\n<li data-section-id=\"19j0ldo\" data-start=\"1730\" data-end=\"1781\">Forte resist\u00eancia a pequenos stresses ambientais<\/li>\n<li data-section-id=\"1krgg18\" data-start=\"1782\" data-end=\"1823\">Desenvolvimento consistente e uniforme da descarga<\/li>\n<li data-section-id=\"7390xp\" data-start=\"1824\" data-end=\"1872\">Cogumelos m\u00e9dios a grandes com tamanho vari\u00e1vel<\/li>\n<\/ul><p data-start=\"1874\" data-end=\"1959\">\u00c9 menos agressivo do que <a href=\"https:\/\/www.mondogrowkits.com\/pt\/magic-mushroom-strain-library\/mckennaii-psilocybe-cubensis-strain\/\">McKennaii<\/a> mas mais tolerante do que quase todas as outras estirpes.<\/p><hr data-start=\"1961\" data-end=\"1964\" \/><h2 data-section-id=\"1x9uz5o\" data-start=\"1966\" data-end=\"2012\">Desempenho de rendimento em compara\u00e7\u00e3o com outras estirpes<\/h2><p data-start=\"2014\" data-end=\"2078\">O B+ fornece <strong data-start=\"2026\" data-end=\"2077\">rendimentos moderados a elevados com forte consist\u00eancia<\/strong>.<\/p><p data-start=\"2080\" data-end=\"2106\">Em compara\u00e7\u00e3o com outras estirpes:<\/p><ul data-start=\"2107\" data-end=\"2273\">\n<li data-section-id=\"15ulqru\" data-start=\"2107\" data-end=\"2145\">Mais tolerante do que o Golden Teacher<\/li>\n<li data-section-id=\"6az3yr\" data-start=\"2146\" data-end=\"2176\">Mais est\u00e1vel do que o Amazonian<\/li>\n<li data-section-id=\"1uladbm\" data-start=\"2177\" data-end=\"2215\">Ligeiramente menos denso do que McKennaii<\/li>\n<li data-section-id=\"15f9fwc\" data-start=\"2216\" data-end=\"2273\">Fiabilidade compar\u00e1vel \u00e0 do Mazatapec, mas mais flex\u00edvel<\/li>\n<\/ul><p data-start=\"2275\" data-end=\"2329\">Isto torna-o ideal para os produtores que valorizam a flexibilidade.<\/p><hr data-start=\"2331\" data-end=\"2334\" \/><h2 data-section-id=\"1mjkycd\" data-start=\"2336\" data-end=\"2388\">Substrato totalmente colonizado - N\u00e3o \u00e9 necess\u00e1ria qualquer prepara\u00e7\u00e3o<\/h2><p data-start=\"2390\" data-end=\"2516\">Cada saco de cultivo cont\u00e9m plantas ricas em nutrientes <a href=\"https:\/\/www.mondogrowkits.com\/pt\/sterilised-substrate\/\">substrato<\/a> que j\u00e1 foi totalmente colonizado com mic\u00e9lio saud\u00e1vel de Psilocybe cubensis.<\/p><p data-start=\"2518\" data-end=\"2529\">Isto significa:<\/p><ul data-start=\"2530\" data-end=\"2616\">\n<li data-section-id=\"1bwq18v\" data-start=\"2530\" data-end=\"2557\">N\u00e3o \u00e9 necess\u00e1ria inocula\u00e7\u00e3o<\/li>\n<li data-section-id=\"1nbh3a1\" data-start=\"2558\" data-end=\"2585\">N\u00e3o \u00e9 necess\u00e1ria esteriliza\u00e7\u00e3o<\/li>\n<li data-section-id=\"1i25w4v\" data-start=\"2586\" data-end=\"2616\">Redu\u00e7\u00e3o do risco de contamina\u00e7\u00e3o<\/li>\n<\/ul><p data-start=\"2618\" data-end=\"2653\">Pode come\u00e7ar a frutificar imediatamente.<\/p><hr data-start=\"2655\" data-end=\"2658\" \/><h2 data-section-id=\"eks98y\" data-start=\"2660\" data-end=\"2695\">Fluxos esperados e ciclo de crescimento<\/h2><p data-start=\"2697\" data-end=\"2808\">Em condi\u00e7\u00f5es interiores est\u00e1veis (20-24\u00b0C), o B+ <a href=\"https:\/\/www.mondogrowkits.com\/pt\/magic-mushroom-grow-bags\/\">Saco de cultivo de cogumelos m\u00e1gicos<\/a> normalmente produz <strong data-start=\"2789\" data-end=\"2807\">2 a 4 descargas<\/strong>.<\/p><p data-start=\"2810\" data-end=\"2833\">Os melhores resultados dependem de:<\/p><ul data-start=\"2834\" data-end=\"2927\">\n<li data-section-id=\"sazju1\" data-start=\"2834\" data-end=\"2856\">Temperatura est\u00e1vel<\/li>\n<li data-section-id=\"1jekqqj\" data-start=\"2857\" data-end=\"2876\">Humidade adequada<\/li>\n<li data-section-id=\"1m6hfm\" data-start=\"2877\" data-end=\"2895\">Manuseamento limpo<\/li>\n<li data-section-id=\"zjyyil\" data-start=\"2896\" data-end=\"2927\">Re-hidrata\u00e7\u00e3o entre as descargas<\/li>\n<\/ul><p data-start=\"2929\" data-end=\"3008\">Gra\u00e7as \u00e0 sua resist\u00eancia, o B+ funciona de forma fi\u00e1vel mesmo com pequenas inconsist\u00eancias.<\/p><hr data-start=\"3010\" data-end=\"3013\" \/><h2 data-section-id=\"1f7pnlk\" data-start=\"3015\" data-end=\"3045\">Porqu\u00ea escolher o saco de cultivo B+?<\/h2><p data-start=\"3047\" data-end=\"3093\">Substrato de psilocibo cubensis totalmente colonizado<\/p><p data-start=\"3095\" data-end=\"3123\">Pronto para frutificar imediatamente<\/p><p data-start=\"3125\" data-end=\"3164\">Estirpe altamente resistente e adapt\u00e1vel<\/p><p data-start=\"3166\" data-end=\"3199\">F\u00e1cil para principiantes e indulgente<\/p><p data-start=\"3201\" data-end=\"3237\">Desempenho consistente em v\u00e1rias descargas<\/p><p data-start=\"3239\" data-end=\"3279\">Ideal para ambientes menos controlados<\/p><hr data-start=\"3281\" data-end=\"3284\" \/><p data-start=\"3286\" data-end=\"3500\" data-is-last-node=\"\" data-is-only-node=\"\">O saco de cultivo para cogumelos Magic Mushroom B+ \u00e9 perfeito para os produtores que pretendem um <strong data-start=\"3351\" data-end=\"3417\">experi\u00eancia de cultivo flex\u00edvel, de baixo risco e altamente fi\u00e1vel<\/strong>, o que a torna uma das melhores estirpes para <a href=\"https:\/\/www.mondogrowkits.com\/pt\/mondo-growkits-best-strains-beginners-advanced\/\">iniciantes<\/a> e condi\u00e7\u00f5es de crescimento imperfeitas.<\/p>","protected":false},"excerpt":{"rendered":"<p data-start=\"115\" data-end=\"366\">O saco de cultivo de cogumelos Magic Mushroom B+ \u00e9 um sistema totalmente colonizado, pronto a dar frutos, que cont\u00e9m mic\u00e9lio de psilocibo cubensis. Conhecida pela sua adaptabilidade e resili\u00eancia, esta variedade \u00e9 ideal para principiantes que procuram resultados fi\u00e1veis numa vasta gama de condi\u00e7\u00f5es.<\/p>\n<ul data-start=\"368\" data-end=\"561\">\n<li data-section-id=\"aeimkw\" data-start=\"368\" data-end=\"397\">Substrato totalmente colonizado<\/li>\n<li data-section-id=\"1s6w1hc\" data-start=\"398\" data-end=\"428\">Pronto para frutificar imediatamente<\/li>\n<li data-section-id=\"1k77gu8\" data-start=\"429\" data-end=\"475\">N\u00e3o \u00e9 necess\u00e1ria uma seringa de esporos ou esteriliza\u00e7\u00e3o<\/li>\n<li data-section-id=\"1heerd2\" data-start=\"476\" data-end=\"511\">Produz 2-4 descargas consistentes<\/li>\n<li data-section-id=\"egrenc\" data-start=\"512\" data-end=\"561\">Estirpe altamente resistente e amiga dos principiantes<\/li>\n<\/ul>","protected":false},"featured_media":3169,"comment_status":"open","ping_status":"closed","template":"","meta":[],"product_brand":[32],"product_cat":[58],"product_tag":[],"class_list":{"0":"post-3168","1":"product","2":"type-product","3":"status-publish","4":"has-post-thumbnail","6":"product_brand-mondo","7":"product_cat-magic-mushroom-grow-bags","9":"first","10":"instock","11":"taxable","12":"shipping-taxable","13":"purchasable","14":"product-type-simple"},"jetpack_sharing_enabled":true,"_links":{"self":[{"href":"https:\/\/www.mondogrowkits.com\/pt\/wp-json\/wp\/v2\/product\/3168","targetHints":{"allow":["GET"]}}],"collection":[{"href":"https:\/\/www.mondogrowkits.com\/pt\/wp-json\/wp\/v2\/product"}],"about":[{"href":"https:\/\/www.mondogrowkits.com\/pt\/wp-json\/wp\/v2\/types\/product"}],"replies":[{"embeddable":true,"href":"https:\/\/www.mondogrowkits.com\/pt\/wp-json\/wp\/v2\/comments?post=3168"}],"wp:featuredmedia":[{"embeddable":true,"href":"https:\/\/www.mondogrowkits.com\/pt\/wp-json\/wp\/v2\/media\/3169"}],"wp:attachment":[{"href":"https:\/\/www.mondogrowkits.com\/pt\/wp-json\/wp\/v2\/media?parent=3168"}],"wp:term":[{"taxonomy":"product_brand","embeddable":true,"href":"https:\/\/www.mondogrowkits.com\/pt\/wp-json\/wp\/v2\/product_brand?post=3168"},{"taxonomy":"product_cat","embeddable":true,"href":"https:\/\/www.mondogrowkits.com\/pt\/wp-json\/wp\/v2\/product_cat?post=3168"},{"taxonomy":"product_tag","embeddable":true,"href":"https:\/\/www.mondogrowkits.com\/pt\/wp-json\/wp\/v2\/product_tag?post=3168"}],"curies":[{"name":"wp","href":"https:\/\/api.w.org\/{rel}","templated":true}]}}