{"id":594,"date":"2025-05-06T12:37:06","date_gmt":"2025-05-06T12:37:06","guid":{"rendered":"https:\/\/staging.mondogrowkits.com\/?post_type=product&#038;p=594"},"modified":"2026-04-24T06:56:24","modified_gmt":"2026-04-24T05:56:24","slug":"trufas-magicas-tampanensis","status":"publish","type":"product","link":"https:\/\/www.mondogrowkits.com\/pt\/tampanensis-magic-truffles\/","title":{"rendered":"Tampanensis - Trufas m\u00e1gicas"},"content":{"rendered":"<h2 data-start=\"768\" data-end=\"838\">Trufas m\u00e1gicas Tampanensis - Criativas, animadoras e para principiantes<\/h2><p data-start=\"840\" data-end=\"1112\">As trufas Tampanensis prov\u00eam de <em data-start=\"878\" data-end=\"901\">Psilocibo tampanensis<\/em>, uma esp\u00e9cie conhecida por produzir escler\u00f3cios (trufas m\u00e1gicas) com um teor equilibrado de psilocibina. Em compara\u00e7\u00e3o com variedades mais fortes como <a href=\"https:\/\/www.mondogrowkits.com\/pt\/hollandia-magic-truffles\/\">Holanda<\/a> ou Utopia, Tampanensis oferece uma experi\u00eancia mais f\u00e1cil de gerir e social.<\/p><p data-start=\"1114\" data-end=\"1161\">Esta variedade \u00e9 frequentemente escolhida pelos utilizadores que pretendem:<\/p><ul data-start=\"1163\" data-end=\"1326\">\n<li data-start=\"1163\" data-end=\"1196\">\n<p data-start=\"1165\" data-end=\"1196\">Uma viagem positiva e animadora<\/p>\n<\/li>\n<li data-start=\"1197\" data-end=\"1239\">\n<p data-start=\"1199\" data-end=\"1239\">Aumento da criatividade e do pensamento aberto<\/p>\n<\/li>\n<li data-start=\"1240\" data-end=\"1279\">\n<p data-start=\"1242\" data-end=\"1279\">Melhoria visual ligeira a moderada<\/p>\n<\/li>\n<li data-start=\"1280\" data-end=\"1326\">\n<p data-start=\"1282\" data-end=\"1326\">Uma experi\u00eancia psicad\u00e9lica mais control\u00e1vel<\/p>\n<\/li>\n<\/ul><hr data-start=\"1328\" data-end=\"1331\" \/><h2 data-start=\"1333\" data-end=\"1362\">A experi\u00eancia Tampanensis<\/h2><ul data-start=\"1364\" data-end=\"1675\">\n<li data-start=\"1364\" data-end=\"1404\">\n<p data-start=\"1366\" data-end=\"1404\">Distor\u00e7\u00f5es visuais ligeiras a moderadas<\/p>\n<\/li>\n<li data-start=\"1405\" data-end=\"1447\">\n<p data-start=\"1407\" data-end=\"1447\">Cores e perce\u00e7\u00e3o sensorial melhoradas<\/p>\n<\/li>\n<li data-start=\"1448\" data-end=\"1478\">\n<p data-start=\"1450\" data-end=\"1478\">Humor elevado e riso<\/p>\n<\/li>\n<li data-start=\"1479\" data-end=\"1529\">\n<p data-start=\"1481\" data-end=\"1529\">Aumento da criatividade e da fluidez de pensamento<\/p>\n<\/li>\n<li data-start=\"1530\" data-end=\"1554\">\n<p data-start=\"1532\" data-end=\"1554\">Distor\u00e7\u00e3o temporal ligeira<\/p>\n<\/li>\n<li data-start=\"1555\" data-end=\"1590\">\n<p data-start=\"1557\" data-end=\"1590\">Estado emocional social e aberto<\/p>\n<\/li>\n<li data-start=\"1591\" data-end=\"1634\">\n<p data-start=\"1593\" data-end=\"1634\">Efeitos que duram aproximadamente 4-6 horas<\/p>\n<\/li>\n<li data-start=\"1635\" data-end=\"1675\">\n<p data-start=\"1637\" data-end=\"1675\">In\u00edcio tipicamente dentro de 30-60 minutos<\/p>\n<\/li>\n<\/ul><p data-start=\"1677\" data-end=\"1820\">O Tampanensis \u00e9 frequentemente descrito como \u201camig\u00e1vel\u201d e acess\u00edvel, o que o torna adequado para primeiras experi\u00eancias ou sess\u00f5es descontra\u00eddas com amigos de confian\u00e7a.<\/p><hr data-start=\"1822\" data-end=\"1825\" \/><h1 data-start=\"1827\" data-end=\"1846\">Diretrizes de dosagem<\/h1><p data-start=\"1848\" data-end=\"1943\">Os efeitos variam consoante o peso corporal, o metabolismo, a mentalidade e o ambiente. Utilizar sempre de forma respons\u00e1vel.<\/p><h3 data-start=\"1945\" data-end=\"1960\">2 - 5 gramas<\/h3><ul data-start=\"1961\" data-end=\"2045\">\n<li data-start=\"1961\" data-end=\"1991\">\n<p data-start=\"1963\" data-end=\"1991\">Melhoria sensorial subtil<\/p>\n<\/li>\n<li data-start=\"1992\" data-end=\"2010\">\n<p data-start=\"1994\" data-end=\"2010\">Ligeira melhoria do humor<\/p>\n<\/li>\n<li data-start=\"2011\" data-end=\"2045\">\n<p data-start=\"2013\" data-end=\"2045\">Aumento da concentra\u00e7\u00e3o e da criatividade<\/p>\n<\/li>\n<\/ul><h3 data-start=\"2047\" data-end=\"2063\">5 - 10 gramas<\/h3><ul data-start=\"2064\" data-end=\"2194\">\n<li data-start=\"2064\" data-end=\"2088\">\n<p data-start=\"2066\" data-end=\"2088\">Efeitos visuais claros<\/p>\n<\/li>\n<li data-start=\"2089\" data-end=\"2115\">\n<p data-start=\"2091\" data-end=\"2115\">Movimento do padr\u00e3o de luz<\/p>\n<\/li>\n<li data-start=\"2116\" data-end=\"2148\">\n<p data-start=\"2118\" data-end=\"2148\">Maior consci\u00eancia emocional<\/p>\n<\/li>\n<li data-start=\"2149\" data-end=\"2194\">\n<p data-start=\"2151\" data-end=\"2194\">Melhoria da aprecia\u00e7\u00e3o da m\u00fasica e da natureza<\/p>\n<\/li>\n<\/ul><h3 data-start=\"2196\" data-end=\"2213\">10 - 15 gramas<\/h3><ul data-start=\"2214\" data-end=\"2338\">\n<li data-start=\"2214\" data-end=\"2247\">\n<p data-start=\"2216\" data-end=\"2247\">Distor\u00e7\u00f5es visuais percept\u00edveis<\/p>\n<\/li>\n<li data-start=\"2248\" data-end=\"2272\">\n<p data-start=\"2250\" data-end=\"2272\">Introspe\u00e7\u00e3o mais profunda<\/p>\n<\/li>\n<li data-start=\"2273\" data-end=\"2303\">\n<p data-start=\"2275\" data-end=\"2303\">Perce\u00e7\u00e3o alterada do tempo<\/p>\n<\/li>\n<li data-start=\"2304\" data-end=\"2338\">\n<p data-start=\"2306\" data-end=\"2338\">Imers\u00e3o psicad\u00e9lica mais forte<\/p>\n<\/li>\n<\/ul><p data-start=\"2340\" data-end=\"2438\">Doses mais elevadas aumentam significativamente a intensidade. N\u00e3o exceder uma embalagem completa numa \u00fanica sess\u00e3o.<\/p><hr data-start=\"2440\" data-end=\"2443\" \/><h1 data-start=\"2445\" data-end=\"2475\">Microdosagem com Tampanensis<\/h1><p data-start=\"2477\" data-end=\"2555\">O Tampanensis \u00e9 mais adequado para microdosagem do que o Tampanensis de elevada pot\u00eancia <a href=\"https:\/\/www.mondogrowkits.com\/pt\/magic-mushroom-strain-library\/\">estirpes<\/a>.<\/p><p data-start=\"2557\" data-end=\"2573\">A 0,5 - 1 grama:<\/p><ul data-start=\"2574\" data-end=\"2673\">\n<li data-start=\"2574\" data-end=\"2592\">\n<p data-start=\"2576\" data-end=\"2592\">Clareza subtil<\/p>\n<\/li>\n<li data-start=\"2593\" data-end=\"2620\">\n<p data-start=\"2595\" data-end=\"2620\">Ligeira melhoria do humor<\/p>\n<\/li>\n<li data-start=\"2621\" data-end=\"2645\">\n<p data-start=\"2623\" data-end=\"2645\">Aumento da criatividade<\/p>\n<\/li>\n<li data-start=\"2646\" data-end=\"2673\">\n<p data-start=\"2648\" data-end=\"2673\">Ligeira agudiza\u00e7\u00e3o sensorial<\/p>\n<\/li>\n<\/ul><p data-start=\"2675\" data-end=\"2731\">Mesmo com doses baixas, evitar conduzir ou operar m\u00e1quinas.<\/p><hr data-start=\"2733\" data-end=\"2736\" \/><h1 data-start=\"2738\" data-end=\"2777\">Como utilizar as Trufas M\u00e1gicas Tampanensis<\/h1><h2 data-start=\"2779\" data-end=\"2800\">Consumo direto<\/h2><ul data-start=\"2801\" data-end=\"2916\">\n<li data-start=\"2801\" data-end=\"2852\">\n<p data-start=\"2803\" data-end=\"2852\">Consumir com o est\u00f4mago vazio para uma melhor absor\u00e7\u00e3o<\/p>\n<\/li>\n<li data-start=\"2853\" data-end=\"2890\">\n<p data-start=\"2855\" data-end=\"2890\">Mastigar bem antes de engolir<\/p>\n<\/li>\n<li data-start=\"2891\" data-end=\"2916\">\n<p data-start=\"2893\" data-end=\"2916\">Beber \u00e1gua se necess\u00e1rio<\/p>\n<\/li>\n<\/ul><p data-start=\"2918\" data-end=\"2974\">O sabor \u00e9 terroso e ligeiramente aveludado, com um ligeiro amargor.<\/p><h2 data-start=\"2976\" data-end=\"2990\">Ch\u00e1 de trufas<\/h2><ul data-start=\"2991\" data-end=\"3133\">\n<li data-start=\"2991\" data-end=\"3016\">\n<p data-start=\"2993\" data-end=\"3016\">Cortar em peda\u00e7os pequenos<\/p>\n<\/li>\n<li data-start=\"3017\" data-end=\"3068\">\n<p data-start=\"3019\" data-end=\"3068\">Deixar em infus\u00e3o em \u00e1gua quente (n\u00e3o a ferver) durante 20 minutos<\/p>\n<\/li>\n<li data-start=\"3069\" data-end=\"3095\">\n<p data-start=\"3071\" data-end=\"3095\">Coar antes de beber<\/p>\n<\/li>\n<li data-start=\"3096\" data-end=\"3133\">\n<p data-start=\"3098\" data-end=\"3133\">Opcional: adicionar mel ou ch\u00e1 de ervas<\/p>\n<\/li>\n<\/ul><p data-start=\"3135\" data-end=\"3185\">N\u00e3o ferver, pois o calor excessivo pode reduzir a pot\u00eancia.<\/p><hr data-start=\"3187\" data-end=\"3190\" \/><h1 data-start=\"3192\" data-end=\"3215\">Informa\u00e7\u00f5es importantes<\/h1><ul data-start=\"3217\" data-end=\"3427\">\n<li data-start=\"3217\" data-end=\"3256\">\n<p data-start=\"3219\" data-end=\"3256\">Utiliza\u00e7\u00e3o num ambiente seguro e familiar<\/p>\n<\/li>\n<li data-start=\"3257\" data-end=\"3288\">\n<p data-start=\"3259\" data-end=\"3288\">Manter uma mentalidade positiva<\/p>\n<\/li>\n<li data-start=\"3289\" data-end=\"3341\">\n<p data-start=\"3291\" data-end=\"3341\">Ter um acompanhante s\u00f3brio presente se for inexperiente<\/p>\n<\/li>\n<li data-start=\"3342\" data-end=\"3393\">\n<p data-start=\"3344\" data-end=\"3393\">N\u00e3o misturar com \u00e1lcool ou outras subst\u00e2ncias<\/p>\n<\/li>\n<li data-start=\"3394\" data-end=\"3427\">\n<p data-start=\"3396\" data-end=\"3427\">N\u00e3o participar no tr\u00e1fego<\/p>\n<\/li>\n<\/ul><p data-start=\"3429\" data-end=\"3534\">Podem ocorrer n\u00e1useas ligeiras na primeira hora, especialmente com o est\u00f4mago vazio. Normalmente, esta situa\u00e7\u00e3o desaparece naturalmente.<\/p><hr data-start=\"3536\" data-end=\"3539\" \/><h1 data-start=\"3541\" data-end=\"3562\">Embalagem dispon\u00edvel<\/h1><ul data-start=\"3564\" data-end=\"3617\">\n<li data-start=\"3564\" data-end=\"3591\">\n<p data-start=\"3566\" data-end=\"3591\"><strong data-start=\"3566\" data-end=\"3589\">15 gramas de pacote fresco<\/strong><\/p>\n<\/li>\n<li data-start=\"3592\" data-end=\"3617\">\n<p data-start=\"3594\" data-end=\"3617\"><strong data-start=\"3594\" data-end=\"3617\">20 gramas de pacote fresco<\/strong><\/p>\n<\/li>\n<\/ul><p data-start=\"3619\" data-end=\"3681\">Ambas as op\u00e7\u00f5es cont\u00eam trufas frescas prontas a serem utilizadas de forma respons\u00e1vel.<\/p><hr data-start=\"3683\" data-end=\"3686\" \/><h1 data-start=\"3688\" data-end=\"3710\">Instru\u00e7\u00f5es de armazenamento<\/h1><ul data-start=\"3712\" data-end=\"3905\">\n<li data-start=\"3712\" data-end=\"3750\">\n<p data-start=\"3714\" data-end=\"3750\">Conservar no frigor\u00edfico sem abrir<\/p>\n<\/li>\n<li data-start=\"3751\" data-end=\"3778\">\n<p data-start=\"3753\" data-end=\"3778\">Respeitar a data de expira\u00e7\u00e3o<\/p>\n<\/li>\n<li data-start=\"3779\" data-end=\"3858\">\n<p data-start=\"3781\" data-end=\"3858\">Depois de aberto, embrulhar as sobras em papel e refrigerar a cerca de 3\u00b0C<\/p>\n<\/li>\n<li data-start=\"3859\" data-end=\"3905\">\n<p data-start=\"3861\" data-end=\"3905\">Consumir no prazo de v\u00e1rias semanas ap\u00f3s a abertura<\/p>\n<\/li>\n<\/ul><p data-start=\"3907\" data-end=\"3993\">Para uma conserva\u00e7\u00e3o a longo prazo, as trufas devem ser completamente secas sem calor antes de serem congeladas.<\/p><hr data-start=\"3995\" data-end=\"3998\" \/><h2 data-start=\"4000\" data-end=\"4026\">Porqu\u00ea escolher a Tampanensis?<\/h2><ul data-start=\"4028\" data-end=\"4203\">\n<li data-start=\"4028\" data-end=\"4057\">\n<p data-start=\"4030\" data-end=\"4057\">Pot\u00eancia para principiantes<\/p>\n<\/li>\n<li data-start=\"4058\" data-end=\"4096\">\n<p data-start=\"4060\" data-end=\"4096\">Experi\u00eancia equilibrada e f\u00e1cil de gerir<\/p>\n<\/li>\n<li data-start=\"4097\" data-end=\"4133\">\n<p data-start=\"4099\" data-end=\"4133\">Car\u00e1cter criativo e animador<\/p>\n<\/li>\n<li data-start=\"4134\" data-end=\"4162\">\n<p data-start=\"4136\" data-end=\"4162\">Adequado para microdosagem<\/p>\n<\/li>\n<li data-start=\"4163\" data-end=\"4203\">\n<p data-start=\"4165\" data-end=\"4203\">Dispon\u00edvel em embalagens frescas de 15g e 20g<\/p>\n<\/li>\n<\/ul><p data-start=\"4205\" data-end=\"4382\" data-is-last-node=\"\" data-is-only-node=\"\">Se procura uma experi\u00eancia psicad\u00e9lica positiva, criativa e acess\u00edvel sem intensidade extrema, Tampanensis <a href=\"https:\/\/www.mondogrowkits.com\/pt\/magic-truffles\/\">Trufas m\u00e1gicas<\/a> oferecer uma viagem equilibrada e agrad\u00e1vel.<\/p>","protected":false},"excerpt":{"rendered":"<p><strong>Trufas m\u00e1gicas Tampanensis<\/strong> s\u00e3o uma variedade de trufas de psilocibina fresca de intensidade ligeira a m\u00e9dia, ideal para principiantes ou utilizadores que procuram uma experi\u00eancia psicad\u00e9lica equilibrada e estimulante. Conhecidas pelo seu car\u00e1cter acess\u00edvel e intensidade control\u00e1vel, as Tampanensis aumentam a criatividade, o humor e a perce\u00e7\u00e3o sensorial sem sobrecarregar os extremos visuais.<\/p>\n<p>Dispon\u00edvel em <strong>Embalagens frescas de 15 gramas e 20 gramas<\/strong>, A Tampanensis proporciona uma viagem psicad\u00e9lica suave e control\u00e1vel que \u00e9 adequada para a primeira explora\u00e7\u00e3o ou para sess\u00f5es mais leves.<\/p>","protected":false},"featured_media":4349,"comment_status":"open","ping_status":"closed","template":"","meta":[],"product_brand":[32],"product_cat":[19],"product_tag":[],"class_list":{"0":"post-594","1":"product","2":"type-product","3":"status-publish","4":"has-post-thumbnail","6":"product_brand-mondo","7":"product_cat-magic-truffles","8":"product_shipping_class-only-europe","10":"first","11":"instock","12":"taxable","13":"shipping-taxable","14":"product-type-variable"},"jetpack_sharing_enabled":true,"_links":{"self":[{"href":"https:\/\/www.mondogrowkits.com\/pt\/wp-json\/wp\/v2\/product\/594","targetHints":{"allow":["GET"]}}],"collection":[{"href":"https:\/\/www.mondogrowkits.com\/pt\/wp-json\/wp\/v2\/product"}],"about":[{"href":"https:\/\/www.mondogrowkits.com\/pt\/wp-json\/wp\/v2\/types\/product"}],"replies":[{"embeddable":true,"href":"https:\/\/www.mondogrowkits.com\/pt\/wp-json\/wp\/v2\/comments?post=594"}],"wp:featuredmedia":[{"embeddable":true,"href":"https:\/\/www.mondogrowkits.com\/pt\/wp-json\/wp\/v2\/media\/4349"}],"wp:attachment":[{"href":"https:\/\/www.mondogrowkits.com\/pt\/wp-json\/wp\/v2\/media?parent=594"}],"wp:term":[{"taxonomy":"product_brand","embeddable":true,"href":"https:\/\/www.mondogrowkits.com\/pt\/wp-json\/wp\/v2\/product_brand?post=594"},{"taxonomy":"product_cat","embeddable":true,"href":"https:\/\/www.mondogrowkits.com\/pt\/wp-json\/wp\/v2\/product_cat?post=594"},{"taxonomy":"product_tag","embeddable":true,"href":"https:\/\/www.mondogrowkits.com\/pt\/wp-json\/wp\/v2\/product_tag?post=594"}],"curies":[{"name":"wp","href":"https:\/\/api.w.org\/{rel}","templated":true}]}}