{"id":219,"date":"2025-04-19T09:31:11","date_gmt":"2025-04-19T09:31:11","guid":{"rendered":"https:\/\/staging.mondogrowkits.com\/?page_id=219"},"modified":"2026-05-12T12:16:38","modified_gmt":"2026-05-12T11:16:38","slug":"om-mondo","status":"publish","type":"page","link":"https:\/\/www.mondogrowkits.com\/sv\/about-mondo\/","title":{"rendered":"Om Mondo"},"content":{"rendered":"<section class=\"section\" id=\"section_1225902777\">\t\t<div class=\"section-bg fill\" >\t\t\t\t\t\t\t\t\t\t\t\t\t\t<\/div>\t\t\t<div class=\"ux-shape-divider ux-shape-divider--top ux-shape-divider--style-waves\">\t\t<svg viewbox=\"0 0 1200 120\" xmlns=\"http:\/\/www.w3.org\/2000\/svg\" preserveaspectratio=\"none\">  <path class=\"ux-shape-fill\" d=\"M321.39 63.56c58 10.79 114.16 30.13 172 41.86 82.39 16.72 168.19 17.73 250.45.39C823.78 89 906.67 48 985.66 27.17c70.05-18.48 146.53-26.09 214.34-3V120H0V92.65a600.21 600.21 0 01321.39-29.09z\"\/><\/svg>\t<\/div>\t\t<div class=\"section-content relative\">\t\t\t<div class=\"row\"  id=\"row-1388153849\">\t<div id=\"col-894800266\" class=\"col small-12 large-12\"  >\t\t\t\t<div class=\"col-inner\" style=\"background-color:rgb(255,255,255);\" >\t\t\t\t<div class=\"is-border\"\n\t\tstyle=\"border-color:rgb(213, 90, 70);border-radius:10px;border-width:2px 2px 2px 2px;\">\t<\/div>\t\t\t\t<div id=\"text-5246336\" class=\"text\">\t\t<h1 style=\"text-align: left;\">Om Mondo<\/h1>\t\t<style>\n#text-5246336 {\n  font-size: 1.55rem;\n  color: #1c4882;\n}\n#text-5246336 > * {\n  color: #1c4882;\n}\n@media (min-width:550px) {\n  #text-5246336 {\n    font-size: 1.9rem;\n  }\n}\n<\/style>\t<\/div>\t\t<div id=\"text-3403390760\" class=\"text\">\t\t<p style=\"text-align: left;\"><strong data-start=\"215\" data-end=\"224\">Mondo<\/strong> \u00e4r mer \u00e4n bara ett namn - det \u00e4r ett p\u00e5litligt varum\u00e4rke som \u00e4r erk\u00e4nt \u00f6ver hela v\u00e4rlden f\u00f6r kvalitet, innovation och naturlig tillv\u00e4xt. I \u00e5ratal har b\u00e5de <a href=\"https:\/\/www.mondogrowkits.com\/sv\/mondo-growkits-best-strains-beginners-advanced\/\">nyb\u00f6rjare<\/a> och erfarna anv\u00e4ndare har v\u00e4nt sig till v\u00e5ra produkter f\u00f6r att utforska v\u00e4rlden av magiska svampar och mikrodosering p\u00e5 ett s\u00e4kert, ansvarsfullt och tillg\u00e4ngligt s\u00e4tt.<\/p><h3 class=\"\" data-start=\"510\" data-end=\"535\">Vad Mondo st\u00e5r f\u00f6r<\/h3><p class=\"\" data-start=\"537\" data-end=\"866\">Det som b\u00f6rjade som en enkel serie av <a href=\"https:\/\/www.mondogrowkits.com\/sv\/grow-kits\/\">odlingssatser<\/a> har vuxit till ett internationellt varum\u00e4rke som erbjuder ett komplett sortiment av naturliga svamprelaterade produkter. Mondo kombinerar en djup passion f\u00f6r mykologi med m\u00e5nga \u00e5rs erfarenhet av att utveckla p\u00e5litliga och l\u00e4ttanv\u00e4nda verktyg. Idag har vi stolta kunder i hela Europa och i USA.<\/p><p class=\"\" data-start=\"868\" data-end=\"1123\">V\u00e5rt uppdrag? Att ge m\u00e4nniskor m\u00f6jlighet att utforska kraften i svampar och botaniska extrakt p\u00e5 ett s\u00e4tt som \u00e4r s\u00e4kert, \u00e4rligt och uppbackat av kunskap. Varje produkt \u00e4r noggrant utformad, testad och f\u00f6rfinad - s\u00e5 att du kan fokusera fullt ut p\u00e5 din egen resa.<\/p>\t\t<style>\n#text-3403390760 {\n  color: rgb(0,0,0);\n}\n#text-3403390760 > * {\n  color: rgb(0,0,0);\n}\n<\/style>\t<\/div>\t\t\t<\/div>\t\t\t\t<style>\n#col-894800266 > .col-inner {\n  padding: 20px 20px 20px 20px;\n  border-radius: 10px;\n}\n<\/style>\t<\/div>\t<\/div><div class=\"row align-equal\"  id=\"row-987690085\">\t<div id=\"col-240797588\" class=\"col medium-6 small-12 large-6\"  >\t\t\t\t<div class=\"col-inner\" style=\"background-color:rgb(255,255,255);\" >\t\t\t\t<div class=\"is-border\"\n\t\tstyle=\"border-color:rgb(213, 90, 70);border-radius:10px;border-width:2px 2px 2px 2px;\">\t<\/div>\t\t\t\t<div id=\"text-1840003076\" class=\"text\">\t\t<h2>Vad vi erbjuder<\/h2>\t\t<style>\n#text-1840003076 {\n  color: #1c4882;\n}\n#text-1840003076 > * {\n  color: #1c4882;\n}\n<\/style>\t<\/div>\t<p class=\"\" data-start=\"1144\" data-end=\"1216\">Under namnet Mondo hittar du ett brett utbud av h\u00f6gkvalitativa produkter:<\/p><ul data-start=\"1218\" data-end=\"1719\">\n<li class=\"\" data-start=\"1218\" data-end=\"1303\">\n<p class=\"\" data-start=\"1220\" data-end=\"1303\"><strong data-start=\"1220\" data-end=\"1242\">Odlingssatser f\u00f6r magiska svampar<\/strong> - anv\u00e4ndarv\u00e4nliga och f\u00e4rdiga kit f\u00f6r hemodling<\/p>\n<\/li>\n<li class=\"\" data-start=\"1304\" data-end=\"1367\">\n<p class=\"\" data-start=\"1306\" data-end=\"1367\"><strong data-start=\"1306\" data-end=\"1333\">Sporeprints och sprutor<\/strong> - f\u00f6r mer avancerade odlare<\/p>\n<\/li>\n<li class=\"\" data-start=\"1368\" data-end=\"1440\">\n<p class=\"\" data-start=\"1370\" data-end=\"1440\"><strong data-start=\"1370\" data-end=\"1388\">F\u00e4rska magiska tryfflar<\/strong> - potent, f\u00e4rskt och av h\u00f6g och j\u00e4mn kvalitet<\/p>\n<\/li>\n<li class=\"\" data-start=\"1441\" data-end=\"1529\">\n<p class=\"\" data-start=\"1443\" data-end=\"1529\"><strong data-start=\"1443\" data-end=\"1467\">Produkter f\u00f6r mikrodosering<\/strong> - naturligt st\u00f6d f\u00f6r fokus, kreativitet och mental klarhet<\/p>\n<\/li>\n<li class=\"\" data-start=\"1530\" data-end=\"1627\">\n<p class=\"\" data-start=\"1532\" data-end=\"1627\"><strong data-start=\"1532\" data-end=\"1556\">Tinkturer &amp; extrakt<\/strong> - koncentrerade flytande formler gjorda av kraftfulla svampf\u00f6reningar<\/p>\n<\/li>\n<li class=\"\" data-start=\"1628\" data-end=\"1719\">\n<p class=\"\" data-start=\"1630\" data-end=\"1719\"><strong data-start=\"1630\" data-end=\"1638\">SWBS<\/strong> - Specialiserade h\u00e4lsokost- och botaniska kosttillskott som st\u00f6der b\u00e5de kropp och sj\u00e4l<\/p>\n<\/li>\n<\/ul>\t\t<\/div>\t\t\t\t<style>\n#col-240797588 > .col-inner {\n  padding: 20px 20px 20px 20px;\n  border-radius: 10px;\n}\n<\/style>\t<\/div>\t\t<div id=\"col-588343633\" class=\"col medium-6 small-12 large-6\"  >\t\t\t\t<div class=\"col-inner\" style=\"background-color:rgb(255,255,255);\" >\t\t\t\t<div class=\"is-border\"\n\t\tstyle=\"border-color:rgb(213, 90, 70);border-radius:10px;border-width:2px 2px 2px 2px;\">\t<\/div>\t\t\t\t<div id=\"text-75709135\" class=\"text\">\t\t<h2>Varf\u00f6r v\u00e4lja Mondo?<\/h2>\t\t<style>\n#text-75709135 {\n  color: #1c4882;\n}\n#text-75709135 > * {\n  color: #1c4882;\n}\n<\/style>\t<\/div>\t<p class=\"\" data-start=\"1744\" data-end=\"1767\">Med Mondo v\u00e4ljer du:<\/p><ul data-start=\"1769\" data-end=\"2026\">\n<li class=\"\" data-start=\"1769\" data-end=\"1827\">\n<p class=\"\" data-start=\"1771\" data-end=\"1827\">H\u00f6gkvalitativa produkter med st\u00f6d av forskning och expertis<\/p>\n<\/li>\n<li class=\"\" data-start=\"1828\" data-end=\"1882\">\n<p class=\"\" data-start=\"1830\" data-end=\"1882\">Frakt till de flesta EU-l\u00e4nder<\/p>\n<\/li>\n<li class=\"\" data-start=\"1883\" data-end=\"1945\">\n<p class=\"\" data-start=\"1885\" data-end=\"1945\">Tydlig och \u00e4rlig kommunikation och engagerad kundsupport<\/p>\n<\/li>\n<li class=\"\" data-start=\"1946\" data-end=\"1976\">\n<p class=\"\" data-start=\"1948\" data-end=\"1976\">Snabb och diskret leverans<\/p>\n<\/li>\n<li class=\"\" data-start=\"1977\" data-end=\"2026\">\n<p class=\"\" data-start=\"1979\" data-end=\"2026\">En v\u00e4xande global gemenskap av medvetna anv\u00e4ndare<\/p>\n<\/li>\n<\/ul><a href=\"\/sv\/shop\/\" class=\"button secondary\" style=\"border-radius:99px;\">\n\t\t<span>Butik<\/span>\n\t<\/a><a href=\"https:\/\/www.mondogrowkits.com\/sv\/oversikt-over-sjofarten\/\" class=\"button primary is-outline\" style=\"border-radius:99px;\">\n\t\t<span>Frakt<\/span>\n\t<\/a><a href=\"https:\/\/www.mondogrowkits.com\/sv\/kontakt\/\" class=\"button primary is-outline\" style=\"border-radius:99px;\">\n\t\t<span>Kontakt<\/span>\n\t<\/a>\t\t<\/div>\t\t\t\t<style>\n#col-588343633 > .col-inner {\n  padding: 20px 20px 20px 20px;\n  border-radius: 10px;\n}\n<\/style>\t<\/div>\t\t<div id=\"col-1426823614\" class=\"col small-12 large-12\"  >\t\t\t\t<div class=\"col-inner\" style=\"background-color:rgb(255,255,255);\" >\t\t\t\t<div class=\"is-border\"\n\t\tstyle=\"border-color:rgb(213, 90, 70);border-radius:10px;border-width:2px 2px 2px 2px;\">\t<\/div>\t\t\t\t<div id=\"text-229911002\" class=\"text\">\t\t<h2>Ett varum\u00e4rke som v\u00e4xer med dig<\/h2>\t\t<style>\n#text-229911002 {\n  color: #1c4882;\n}\n#text-229911002 > * {\n  color: #1c4882;\n}\n<\/style>\t<\/div>\t<p>Oavsett om du precis har kommit ig\u00e5ng eller har m\u00e5nga \u00e5rs erfarenhet finns Mondo h\u00e4r f\u00f6r att st\u00f6dja varje steg p\u00e5 din resa. Vi \u00e4r stolta \u00f6ver att vara ett varum\u00e4rke som du kan lita p\u00e5 - med r\u00f6tter i naturen, vetenskapligt st\u00f6d och engagemang f\u00f6r din tillv\u00e4xt.<\/p>\t\t<\/div>\t\t\t\t<style>\n#col-1426823614 > .col-inner {\n  padding: 20px 20px 20px 20px;\n  border-radius: 10px;\n}\n<\/style>\t<\/div>\t<\/div>\t\t<\/div>\t\t<style>\n#section_1225902777 {\n  padding-top: 60px;\n  padding-bottom: 60px;\n}\n#section_1225902777 .ux-shape-divider--top svg {\n  height: 30px;\n  --divider-top-width: 111%;\n}\n<\/style>\t<\/section>","protected":false},"excerpt":{"rendered":"","protected":false},"author":1,"featured_media":0,"parent":0,"menu_order":0,"comment_status":"closed","ping_status":"closed","template":"page-blank.php","meta":{"footnotes":""},"class_list":["post-219","page","type-page","status-publish","hentry"],"jetpack_sharing_enabled":true,"_links":{"self":[{"href":"https:\/\/www.mondogrowkits.com\/sv\/wp-json\/wp\/v2\/pages\/219","targetHints":{"allow":["GET"]}}],"collection":[{"href":"https:\/\/www.mondogrowkits.com\/sv\/wp-json\/wp\/v2\/pages"}],"about":[{"href":"https:\/\/www.mondogrowkits.com\/sv\/wp-json\/wp\/v2\/types\/page"}],"author":[{"embeddable":true,"href":"https:\/\/www.mondogrowkits.com\/sv\/wp-json\/wp\/v2\/users\/1"}],"replies":[{"embeddable":true,"href":"https:\/\/www.mondogrowkits.com\/sv\/wp-json\/wp\/v2\/comments?post=219"}],"version-history":[{"count":19,"href":"https:\/\/www.mondogrowkits.com\/sv\/wp-json\/wp\/v2\/pages\/219\/revisions"}],"predecessor-version":[{"id":5337,"href":"https:\/\/www.mondogrowkits.com\/sv\/wp-json\/wp\/v2\/pages\/219\/revisions\/5337"}],"wp:attachment":[{"href":"https:\/\/www.mondogrowkits.com\/sv\/wp-json\/wp\/v2\/media?parent=219"}],"curies":[{"name":"wp","href":"https:\/\/api.w.org\/{rel}","templated":true}]}}