{"id":3091,"date":"2026-01-29T13:39:33","date_gmt":"2026-01-29T12:39:33","guid":{"rendered":"https:\/\/www.mondogrowkits.com\/?post_type=product&#038;p=3091"},"modified":"2026-05-15T06:56:08","modified_gmt":"2026-05-15T05:56:08","slug":"hillbilly-pumkin-odlingssats-for-magiska-svampar","status":"publish","type":"product","link":"https:\/\/www.mondogrowkits.com\/sv\/hillbilly-pumkin-magic-mushroom-grow-kit\/","title":{"rendered":"Hillbilly Pumkin\u2019 - Odlingssats f\u00f6r magiska svampar"},"content":{"rendered":"<h1 data-section-id=\"8wjlzl\" data-start=\"290\" data-end=\"369\">Hillbilly Pumpkin \u2019Magic Mushroom Grow Kit - Unik Psilocybe Cubensis-stam<\/h1><p data-start=\"371\" data-end=\"684\">Den <strong data-start=\"375\" data-end=\"421\">Odlingssats f\u00f6r magiska svampar \u2019Hillbilly Pumpkin<\/strong> \u00e4r en distinkt <strong data-start=\"439\" data-end=\"468\">Psilocybe cubensis stam<\/strong> k\u00e4nd f\u00f6r sitt ovanliga svamputseende och p\u00e5litliga tillv\u00e4xtprestanda. Denna stam har blivit alltmer popul\u00e4r bland odlare tack vare dess <strong data-start=\"616\" data-end=\"683\">snabb kolonisering, t\u00e4ta kluster och unika pumpaliknande kapslar<\/strong>.<\/p><p data-start=\"686\" data-end=\"947\">Hillbilly Pumpkin\u2019-svampar k\u00e4nns igen p\u00e5 sina <strong data-start=\"739\" data-end=\"789\">tjocka stj\u00e4lkar och runda, n\u00e5got tillplattade huvuden<\/strong>, som ofta utvecklar varma orange-bruna toner under mognaden. Hattarna kan likna formen p\u00e5 sm\u00e5 pumpor, vilket ger stammen dess karakteristiska namn.<\/p><p data-start=\"949\" data-end=\"1278\">Under fruktstadiet v\u00e4xer svamparna vanligtvis i <strong data-start=\"1008\" data-end=\"1028\">kompakta kluster<\/strong>, och producerar imponerande flushes n\u00e4r den odlas under r\u00e4tt f\u00f6rh\u00e5llanden. P\u00e5 grund av sin stabila genetik och kraftiga myceltillv\u00e4xt \u00e4r <strong data-start=\"1163\" data-end=\"1194\">Odlingssats f\u00f6r \u2019Hillbilly Pumpkin<\/strong> erbjuder en p\u00e5litlig odlingsupplevelse f\u00f6r b\u00e5de nyb\u00f6rjare och erfarna odlare.<\/p><p data-start=\"1280\" data-end=\"1379\">Under optimala f\u00f6rh\u00e5llanden b\u00f6rjar de f\u00f6rsta svampn\u00e5larna vanligtvis dyka upp inom <strong data-start=\"1361\" data-end=\"1378\">10 till 14 dagar<\/strong>.<\/p><p data-start=\"1381\" data-end=\"1565\">Varje odlingssats levereras <strong data-start=\"1403\" data-end=\"1440\">fullt koloniserad och redo att v\u00e4xa<\/strong>, vilket inneb\u00e4r att <a href=\"https:\/\/www.mondogrowkits.com\/sv\/steriliserat-substrat\/\">substrat<\/a> inneh\u00e5ller redan aktivt mycelium och odlingen kan p\u00e5b\u00f6rjas omedelbart med endast minimala f\u00f6rberedelser.<\/p><hr data-start=\"1567\" data-end=\"1570\" \/><h1 data-section-id=\"1gynh34\" data-start=\"1572\" data-end=\"1617\">Varf\u00f6r v\u00e4lja Hillbilly Pumpkin odlingssats?<\/h1><p data-start=\"1619\" data-end=\"1946\">\u2714 Unik <strong data-start=\"1628\" data-end=\"1682\">Psilocybe cubensis-stam med pumpaformade m\u00f6ssor<\/strong><br data-start=\"1682\" data-end=\"1685\" \/>\u2714 K\u00e4nd f\u00f6r <strong data-start=\"1697\" data-end=\"1740\">snabb kolonisering och p\u00e5litlig frukts\u00e4ttning<\/strong><br data-start=\"1740\" data-end=\"1743\" \/>\u2714 Tjocka stj\u00e4lkar och t\u00e4ta svampklasar<br data-start=\"1784\" data-end=\"1787\" \/>\u2714 Ger flera spolningar med r\u00e4tt sk\u00f6tsel<br data-start=\"1831\" data-end=\"1834\" \/>\u2714 Fullt koloniserat substrat - redo att v\u00e4xa omedelbart<br data-start=\"1889\" data-end=\"1892\" \/>\u2714 Naturligt odlingssubstrat med aktivt mycel<\/p><p data-start=\"1948\" data-end=\"2088\">Hillbilly Pumpkin \u2019stam \u00e4r popul\u00e4r bland odlare som tycker om <strong data-start=\"2013\" data-end=\"2087\">s\u00e4rpr\u00e4glade svampsorter i kombination med stabil tillv\u00e4xt<\/strong>.<\/p><hr data-start=\"2523\" data-end=\"2526\" \/><h1 data-section-id=\"2t1372\" data-start=\"2528\" data-end=\"2554\">Idealiska odlingsf\u00f6rh\u00e5llanden<\/h1><p data-start=\"2556\" data-end=\"2646\">Hillbilly Pumpkin\u2019-svampar v\u00e4xer b\u00e4st i varma och fuktiga milj\u00f6er med indirekt ljus.<\/p><p data-start=\"2648\" data-end=\"2679\">Rekommenderade odlingsf\u00f6rh\u00e5llanden:<\/p><p data-start=\"2681\" data-end=\"2860\"><strong data-start=\"2681\" data-end=\"2697\">Temperatur:<\/strong> 18-27 \u00b0C<br data-start=\"2706\" data-end=\"2709\" \/><strong data-start=\"2709\" data-end=\"2733\">Optimal temperatur:<\/strong> 22-25 \u00b0C<br data-start=\"2742\" data-end=\"2745\" \/><strong data-start=\"2745\" data-end=\"2758\">Belysning:<\/strong> Indirekt dagsljus eller omgivande rumsljus<br data-start=\"2798\" data-end=\"2801\" \/><strong data-start=\"2801\" data-end=\"2814\">Luftfuktighet:<\/strong> H\u00f6g luftfuktighet med regelbunden friskluftsv\u00e4xling<\/p><p data-start=\"2862\" data-end=\"2983\">Kondens inuti odlingsp\u00e5sen hj\u00e4lper till att uppr\u00e4tth\u00e5lla r\u00e4tt fuktighetsniv\u00e5er. Undvik att spruta vatten direkt p\u00e5 substratet.<\/p><p data-start=\"2985\" data-end=\"3081\">Sm\u00e5 svampn\u00e5lar upptr\u00e4der vanligtvis inom <strong data-start=\"3027\" data-end=\"3041\">10-14 dagar<\/strong>, beroende p\u00e5 milj\u00f6f\u00f6rh\u00e5llanden.<\/p><hr data-start=\"3083\" data-end=\"3086\" \/><h1 data-section-id=\"1hfzt1h\" data-start=\"3088\" data-end=\"3135\">Effekter av Hillbilly Pumpkin \u2019Magic Mushrooms<\/h1><p data-start=\"3137\" data-end=\"3277\">Den <strong data-start=\"3141\" data-end=\"3189\">Hillbilly Pumpkin\u2019 Psilocybe cubensis stam<\/strong> \u00e4r k\u00e4nd f\u00f6r att leverera en <strong data-start=\"3216\" data-end=\"3276\">balanserad och visuellt stimulerande psykedelisk upplevelse<\/strong>.<\/p><p data-start=\"3279\" data-end=\"3313\">Vanligt rapporterade effekter inkluderar:<\/p><p data-start=\"3315\" data-end=\"3480\">- F\u00f6rb\u00e4ttrade f\u00e4rger och visuell perception<br data-start=\"3355\" data-end=\"3358\" \/>- Milda till m\u00e5ttliga visuella m\u00f6nster<br data-start=\"3392\" data-end=\"3395\" \/>- F\u00f6rh\u00f6jt hum\u00f6r och euforiska k\u00e4nslor<br data-start=\"3435\" data-end=\"3438\" \/>- \u00d6kad kreativitet och introspektion<\/p><p data-start=\"3482\" data-end=\"3568\">M\u00e5nga anv\u00e4ndare beskriver upplevelsen som <strong data-start=\"3520\" data-end=\"3567\">upplyftande, f\u00e4rgstark och mentalt engagerande<\/strong>.<\/p><hr data-start=\"3570\" data-end=\"3573\" \/><h1 data-section-id=\"ljcc7e\" data-start=\"3575\" data-end=\"3614\">Komplett allt-i-ett-sats f\u00f6r svampodling<\/h1><p data-start=\"3616\" data-end=\"3728\">Varje <strong data-start=\"3621\" data-end=\"3667\">Odlingssats f\u00f6r magiska svampar \u2019Hillbilly Pumpkin<\/strong> inneh\u00e5ller allt som beh\u00f6vs f\u00f6r att b\u00f6rja odla omedelbart.<\/p><p data-start=\"3730\" data-end=\"3748\">Ditt kit inneh\u00e5ller:<\/p><p data-start=\"3750\" data-end=\"3965\">\u2714 Fullt koloniserat substrat med aktivt mycel<br data-start=\"3798\" data-end=\"3801\" \/>\u2714 Fukth\u00e5llande substratkomponenter<br data-start=\"3842\" data-end=\"3845\" \/>\u2714 Odlingsp\u00e5se med integrerade luftfilter<br data-start=\"3883\" data-end=\"3886\" \/>\u2714 Tv\u00e5 gem f\u00f6r att f\u00f6rsegla odlingsp\u00e5sen<br data-start=\"3927\" data-end=\"3930\" \/>\u2714 Detaljerade odlingsinstruktioner<\/p><p data-start=\"3967\" data-end=\"4072\">Odlingskitet \u00e4r utformat f\u00f6r att g\u00f6ra <strong data-start=\"4000\" data-end=\"4071\">odling av magiska svampar enkel, effektiv och nyb\u00f6rjarv\u00e4nlig<\/strong>.<\/p><hr data-start=\"4074\" data-end=\"4077\" \/><h1 data-section-id=\"3kfd2k\" data-start=\"4079\" data-end=\"4112\">Hur man odlar - snabbstartsguide<\/h1><p data-start=\"4114\" data-end=\"4213\">Odling av svampar med <strong data-start=\"4141\" data-end=\"4172\">Odlingssats f\u00f6r \u2019Hillbilly Pumpkin<\/strong> \u00e4r enkelt och kr\u00e4ver bara n\u00e5gra f\u00e5 steg.<\/p><ol data-start=\"4215\" data-end=\"4560\">\n<li data-section-id=\"x1d9t\" data-start=\"4215\" data-end=\"4274\">\n<p data-start=\"4218\" data-end=\"4274\">Tv\u00e4tta h\u00e4nderna och reng\u00f6r utsidan av odlingssatsen.<\/p>\n<\/li>\n<li data-section-id=\"hci7ne\" data-start=\"4275\" data-end=\"4338\">\n<p data-start=\"4278\" data-end=\"4338\">Ta bort locket och fyll beh\u00e5llaren med ljummet vatten.<\/p>\n<\/li>\n<li data-section-id=\"owtwed\" data-start=\"4339\" data-end=\"4386\">\n<p data-start=\"4342\" data-end=\"4386\">L\u00e5t substratet ligga i bl\u00f6t i <strong data-start=\"4369\" data-end=\"4383\">8-12 timmar<\/strong>.<\/p>\n<\/li>\n<li data-section-id=\"5aqy5l\" data-start=\"4387\" data-end=\"4425\">\n<p data-start=\"4390\" data-end=\"4425\">H\u00e4ll f\u00f6rsiktigt bort \u00f6verfl\u00f6digt vatten.<\/p>\n<\/li>\n<li data-section-id=\"9asdz4\" data-start=\"4426\" data-end=\"4502\">\n<p data-start=\"4429\" data-end=\"4502\">Placera odlingssatsen i odlingsp\u00e5sen och f\u00f6rsegla den med gemen.<\/p>\n<\/li>\n<li data-section-id=\"1fhyrkq\" data-start=\"4503\" data-end=\"4560\">\n<p data-start=\"4506\" data-end=\"4560\">F\u00f6rvara odlingsp\u00e5sen p\u00e5 en varm plats med indirekt ljus.<\/p>\n<\/li>\n<\/ol><p data-start=\"4562\" data-end=\"4701\">Inom <strong data-start=\"4569\" data-end=\"4583\">10-14 dagar<\/strong>, kommer sm\u00e5 svampn\u00e5lar att b\u00f6rja synas. Sk\u00f6rda svamparna n\u00e4r de <strong data-start=\"4658\" data-end=\"4700\">sl\u00f6jan under m\u00f6ssan b\u00f6rjar spricka<\/strong>.<\/p><p data-start=\"4703\" data-end=\"4785\">Efter sk\u00f6rden kan odlingssatsen <strong data-start=\"4741\" data-end=\"4754\">\u00e5ter bl\u00f6tlagd<\/strong> f\u00f6r att producera ytterligare flushes.<\/p><p data-start=\"4787\" data-end=\"4853\">Med r\u00e4tt sk\u00f6tsel kan en odlingssats producera <strong data-start=\"4830\" data-end=\"4852\">upp till fyra flushar<\/strong>.<\/p><hr data-start=\"4855\" data-end=\"4858\" \/><h1 data-section-id=\"ybm8az\" data-start=\"4860\" data-end=\"4882\">F\u00f6rvaring &amp; h\u00e5llbarhetstid<\/h1><p data-start=\"4884\" data-end=\"4946\">F\u00f6rvara den o\u00f6ppnade odlingssatsen i <strong data-start=\"4919\" data-end=\"4945\">kylsk\u00e5p vid 2-8 \u00b0C<\/strong>.<\/p><p data-start=\"4948\" data-end=\"4988\">H\u00e5llbarhetstid: <strong data-start=\"4960\" data-end=\"4988\">3-6 m\u00e5nader i o\u00f6ppnat skick<\/strong><\/p><p data-start=\"4990\" data-end=\"5089\">F\u00f6r b\u00e4sta resultat rekommenderas att man b\u00f6rjar odla <strong data-start=\"5051\" data-end=\"5088\">strax efter att ha f\u00e5tt odlingskitet<\/strong>.<\/p><hr data-start=\"5091\" data-end=\"5094\" \/><h1 data-section-id=\"1qgfiv8\" data-start=\"5096\" data-end=\"5121\">Laglig och ansvarsfull anv\u00e4ndning<\/h1><p data-start=\"5123\" data-end=\"5278\">Magiska svampar \u00e4r reglerade i m\u00e5nga l\u00e4nder. I vissa regioner, <strong data-start=\"5189\" data-end=\"5237\">odlingssatser och tryffel f\u00f6rblir lagliga produkter<\/strong>, medan de i andra fall kan vara begr\u00e4nsade.<\/p><p data-start=\"5280\" data-end=\"5357\">Kontrollera alltid <strong data-start=\"5293\" data-end=\"5323\">lokala lagar och f\u00f6rordningar<\/strong> innan du k\u00f6per eller odlar.<\/p><p data-start=\"5359\" data-end=\"5518\"><a href=\"https:\/\/www.mondogrowkits.com\/sv\/vad-ar-psilocybin\/\">Psilocybin<\/a> svampar anses vara <strong data-start=\"5395\" data-end=\"5412\">icke beroendeframkallande<\/strong>, men de kan ge upphov till starka psykologiska effekter. Ansvarsfull anv\u00e4ndning i en s\u00e4ker milj\u00f6 rekommenderas.<\/p><hr data-start=\"5520\" data-end=\"5523\" \/><h1 data-section-id=\"4pbymw\" data-start=\"5525\" data-end=\"5586\">Best\u00e4ll din Hillbilly Pumpkin \u2019Magic Mushroom Grow Kit idag<\/h1><p data-start=\"5588\" data-end=\"5748\">Den <strong data-start=\"5592\" data-end=\"5638\">Odlingssats f\u00f6r magiska svampar \u2019Hillbilly Pumpkin<\/strong> erbjuder en givande odlingsupplevelse med distinkta svampar, p\u00e5litlig tillv\u00e4xt och flera sk\u00f6rdar.<\/p><p data-start=\"5750\" data-end=\"5923\">Med sina unika pumpaformade huvuden och starka genetik har denna stam blivit en favorit bland odlare som letar efter <strong data-start=\"5868\" data-end=\"5922\">en visuellt distinkt odlingssats f\u00f6r Psilocybe cubensis<\/strong>.<\/p><p data-start=\"5925\" data-end=\"6034\">Best\u00e4ll din <strong data-start=\"5936\" data-end=\"5988\">Hillbilly Pumpkin\u2019 Magic Mushroom Grow Kit idag<\/strong> och b\u00f6rja odla dina egna svampar hemma.<\/p>","protected":false},"excerpt":{"rendered":"<p>Hillbilly Pumkin\u2019 magiska svampodlingssats \u00e4r en kraftfull och l\u00e4ttsam Psilocybe cubensis-stam k\u00e4nd f\u00f6r snabb kolonisering och konsekventa sk\u00f6rdar med flera flushar. Finns som ett 1200cc kit. Ett bra steg upp f\u00f6r odlare som g\u00e5r ut\u00f6ver nyb\u00f6rjarstammar.<\/p>","protected":false},"featured_media":2902,"comment_status":"open","ping_status":"closed","template":"","meta":[],"product_brand":[32],"product_cat":[17],"product_tag":[],"class_list":{"0":"post-3091","1":"product","2":"type-product","3":"status-publish","4":"has-post-thumbnail","6":"product_brand-mondo","7":"product_cat-magic-mushroom-grow-kits","9":"first","10":"instock","11":"taxable","12":"shipping-taxable","13":"purchasable","14":"product-type-simple"},"jetpack_sharing_enabled":true,"_links":{"self":[{"href":"https:\/\/www.mondogrowkits.com\/sv\/wp-json\/wp\/v2\/product\/3091","targetHints":{"allow":["GET"]}}],"collection":[{"href":"https:\/\/www.mondogrowkits.com\/sv\/wp-json\/wp\/v2\/product"}],"about":[{"href":"https:\/\/www.mondogrowkits.com\/sv\/wp-json\/wp\/v2\/types\/product"}],"replies":[{"embeddable":true,"href":"https:\/\/www.mondogrowkits.com\/sv\/wp-json\/wp\/v2\/comments?post=3091"}],"wp:featuredmedia":[{"embeddable":true,"href":"https:\/\/www.mondogrowkits.com\/sv\/wp-json\/wp\/v2\/media\/2902"}],"wp:attachment":[{"href":"https:\/\/www.mondogrowkits.com\/sv\/wp-json\/wp\/v2\/media?parent=3091"}],"wp:term":[{"taxonomy":"product_brand","embeddable":true,"href":"https:\/\/www.mondogrowkits.com\/sv\/wp-json\/wp\/v2\/product_brand?post=3091"},{"taxonomy":"product_cat","embeddable":true,"href":"https:\/\/www.mondogrowkits.com\/sv\/wp-json\/wp\/v2\/product_cat?post=3091"},{"taxonomy":"product_tag","embeddable":true,"href":"https:\/\/www.mondogrowkits.com\/sv\/wp-json\/wp\/v2\/product_tag?post=3091"}],"curies":[{"name":"wp","href":"https:\/\/api.w.org\/{rel}","templated":true}]}}