{"id":3170,"date":"2026-02-03T15:00:48","date_gmt":"2026-02-03T14:00:48","guid":{"rendered":"https:\/\/www.mondogrowkits.com\/?post_type=product&#038;p=3170"},"modified":"2026-04-08T12:41:47","modified_gmt":"2026-04-08T11:41:47","slug":"skattkust-magisk-svamp-odlingspase","status":"publish","type":"product","link":"https:\/\/www.mondogrowkits.com\/sv\/treasure-coast-magic-mushroom-growbag\/","title":{"rendered":"Treasure Coast - Odlingsp\u00e5se f\u00f6r magiska svampar"},"content":{"rendered":"<h2 data-section-id=\"124yzsl\" data-start=\"594\" data-end=\"674\">Treasure Coast - Magic Mushroom odlingsp\u00e5se | T\u00e4ta stift och stark prestanda<\/h2><p data-start=\"676\" data-end=\"982\">Treasure Coast Magic Mushroom Grow Bag \u00e4r ett professionellt f\u00f6rberett odlingssystem som inneh\u00e5ller helt koloniserade <a href=\"https:\/\/www.mondogrowkits.com\/sv\/vad-ar-psilocybin\/\">psilocybe cubensis<\/a> substrat. Inokulerings- och inkubationsprocessen har slutf\u00f6rts under kontrollerade f\u00f6rh\u00e5llanden, vilket m\u00f6jligg\u00f6r omedelbar frukts\u00e4ttning n\u00e4r de placeras i en stabil inomhusmilj\u00f6.<\/p><p data-start=\"984\" data-end=\"1150\">Treasure Coast \u00e4r k\u00e4nt f\u00f6r sina <strong data-start=\"1016\" data-end=\"1068\">t\u00e4t stiftbildning och stark frukts\u00e4ttning<\/strong>, och producerar ofta fulla och visuellt imponerande sk\u00f6ljningar under r\u00e4tt f\u00f6rh\u00e5llanden.<\/p><hr data-start=\"1152\" data-end=\"1155\" \/><h2 data-section-id=\"1njyu7m\" data-start=\"1157\" data-end=\"1225\">V\u00e4xa sv\u00e5righet: M\u00e5ttlig - Starka resultat med r\u00e4tt f\u00f6rh\u00e5llanden<\/h2><p data-start=\"1227\" data-end=\"1394\">Treasure Coast fungerar b\u00e4st n\u00e4r milj\u00f6f\u00f6rh\u00e5llandena \u00e4r stabila. \u00c4ven om det inte \u00e4r \u00f6verdrivet sv\u00e5rt, drar det nytta av n\u00e5got mer kontroll j\u00e4mf\u00f6rt med nyb\u00f6rjare <a href=\"https:\/\/www.mondogrowkits.com\/sv\/bibliotek-med-stammar-av-magiska-svampar\/\">stammar<\/a>.<\/p><p data-start=\"1396\" data-end=\"1514\">J\u00e4mf\u00f6rt med <a href=\"https:\/\/www.mondogrowkits.com\/sv\/bibliotek-med-stammar-av-magiska-svampar\/gyllene-lararen-psilocybe-cubensis-stam\/\">Golden Teacher<\/a>, ger t\u00e4tare stift men \u00e4r mindre f\u00f6rl\u00e5tande n\u00e4r luftfuktigheten eller luftfl\u00f6det \u00e4r oj\u00e4mnt.<\/p><p data-start=\"1516\" data-end=\"1526\">Idealisk f\u00f6r:<\/p><ul data-start=\"1527\" data-end=\"1640\">\n<li data-section-id=\"1noo77t\" data-start=\"1527\" data-end=\"1559\">Odlare med viss erfarenhet<\/li>\n<li data-section-id=\"1len3ia\" data-start=\"1560\" data-end=\"1595\">Anv\u00e4ndare siktar p\u00e5 fylligare spolningar<\/li>\n<li data-section-id=\"1pgf8sl\" data-start=\"1596\" data-end=\"1640\">De som kan uppr\u00e4tth\u00e5lla stabila f\u00f6rh\u00e5llanden<\/li>\n<\/ul><hr data-start=\"1642\" data-end=\"1645\" \/><h2 data-section-id=\"1h2wvbe\" data-start=\"1647\" data-end=\"1695\">V\u00e4xtegenskaper - T\u00e4t och produktiv<\/h2><p data-start=\"1697\" data-end=\"1783\">Treasure Coast k\u00e4nnetecknas av sin <strong data-start=\"1736\" data-end=\"1782\">tung pinning och starkt fruktbeteende<\/strong>:<\/p><ul data-start=\"1785\" data-end=\"1930\">\n<li data-section-id=\"1gapdwd\" data-start=\"1785\" data-end=\"1818\">M\u00e5ttlig till snabb kolonisering<\/li>\n<li data-section-id=\"1axbqjb\" data-start=\"1819\" data-end=\"1850\">T\u00e4ta och klustrade pinupps\u00e4ttningar<\/li>\n<li data-section-id=\"1x88qj7\" data-start=\"1851\" data-end=\"1885\">Fullst\u00e4ndiga och visuellt rika spolningar<\/li>\n<li data-section-id=\"1fkjwci\" data-start=\"1886\" data-end=\"1930\">Medelstora svampar med h\u00f6g densitet<\/li>\n<\/ul><p data-start=\"1932\" data-end=\"2006\">Den ger ofta fylligare tr\u00e4dkronor \u00e4n sorter som <a href=\"https:\/\/www.mondogrowkits.com\/sv\/mexicana-magic-truffles\/\">Mexicana<\/a> eller Mazatapec.<\/p><hr data-start=\"2008\" data-end=\"2011\" \/><h2 data-section-id=\"1x9uz5o\" data-start=\"2013\" data-end=\"2059\">Avkastningsprestanda j\u00e4mf\u00f6rt med andra stammar<\/h2><p data-start=\"2061\" data-end=\"2161\">Treasure Coast levererar <strong data-start=\"2085\" data-end=\"2112\">m\u00e5ttlig till h\u00f6g avkastning<\/strong>, s\u00e4rskilt n\u00e4r f\u00f6rh\u00e5llandena f\u00f6r fasts\u00e4ttning \u00e4r optimala.<\/p><p data-start=\"2163\" data-end=\"2189\">J\u00e4mf\u00f6rt med andra stammar:<\/p><ul data-start=\"2190\" data-end=\"2358\">\n<li data-section-id=\"17kz3xy\" data-start=\"2190\" data-end=\"2218\">T\u00e4tare spolningar \u00e4n Thai<\/li>\n<li data-section-id=\"1gp2m6g\" data-start=\"2219\" data-end=\"2256\">Mer visuellt full \u00e4n Mazatapec<\/li>\n<li data-section-id=\"1f4z9kd\" data-start=\"2257\" data-end=\"2306\">J\u00e4mf\u00f6rbar avkastning med Amazonian men mer stabil<\/li>\n<li data-section-id=\"kfpr9p\" data-start=\"2307\" data-end=\"2358\">Mindre aggressiv \u00e4n McKennaii men mer enhetlig<\/li>\n<\/ul><p data-start=\"2360\" data-end=\"2424\">Detta g\u00f6r den idealisk f\u00f6r odlare som vill ha visuellt t\u00e4ta resultat.<\/p><hr data-start=\"2426\" data-end=\"2429\" \/><h2 data-section-id=\"1mjkycd\" data-start=\"2431\" data-end=\"2483\">Fullt koloniserat substrat - ingen f\u00f6rberedelse beh\u00f6vs<\/h2><p data-start=\"2485\" data-end=\"2611\">Varje odlingsp\u00e5se inneh\u00e5ller n\u00e4ringsrika <a href=\"https:\/\/www.mondogrowkits.com\/sv\/steriliserat-substrat\/\">substrat<\/a> som redan har koloniserats helt med friskt psilocybe cubensis-mycelium.<\/p><p data-start=\"2613\" data-end=\"2624\">Det betyder..:<\/p><ul data-start=\"2625\" data-end=\"2711\">\n<li data-section-id=\"1bwq18v\" data-start=\"2625\" data-end=\"2652\">Ingen inokulering kr\u00e4vs<\/li>\n<li data-section-id=\"1nbh3a1\" data-start=\"2653\" data-end=\"2680\">Ingen sterilisering beh\u00f6vs<\/li>\n<li data-section-id=\"1i25w4v\" data-start=\"2681\" data-end=\"2711\">Minskad risk f\u00f6r kontaminering<\/li>\n<\/ul><p data-start=\"2713\" data-end=\"2748\">Du kan b\u00f6rja b\u00e4ra frukt omedelbart.<\/p><hr data-start=\"2750\" data-end=\"2753\" \/><h2 data-section-id=\"eks98y\" data-start=\"2755\" data-end=\"2790\">F\u00f6rv\u00e4ntade spolningar och v\u00e4xtcykel<\/h2><p data-start=\"2792\" data-end=\"2915\">Under stabila inomhusf\u00f6rh\u00e5llanden (20-24\u00b0C) \u00e4r Treasure Coast <a href=\"https:\/\/www.mondogrowkits.com\/sv\/magiska-svampar-vaxer-pasar\/\">Odlingsp\u00e5se f\u00f6r magiska svampar<\/a> producerar vanligtvis <strong data-start=\"2896\" data-end=\"2914\">2 till 4 spolningar<\/strong>.<\/p><p data-start=\"2917\" data-end=\"2940\">B\u00e4sta resultat beror p\u00e5:<\/p><ul data-start=\"2941\" data-end=\"3034\">\n<li data-section-id=\"sazju1\" data-start=\"2941\" data-end=\"2963\">Stabil temperatur<\/li>\n<li data-section-id=\"1jekqqj\" data-start=\"2964\" data-end=\"2983\">R\u00e4tt luftfuktighet<\/li>\n<li data-section-id=\"1m6hfm\" data-start=\"2984\" data-end=\"3002\">Ren hantering<\/li>\n<li data-section-id=\"zjyyil\" data-start=\"3003\" data-end=\"3034\">\u00c5terv\u00e4tskning mellan flusharna<\/li>\n<\/ul><p data-start=\"3036\" data-end=\"3084\">Flushes \u00e4r ofta t\u00e4ta och visuellt imponerande.<\/p><hr data-start=\"3086\" data-end=\"3089\" \/><h2 data-section-id=\"1efjyvc\" data-start=\"3091\" data-end=\"3133\">Varf\u00f6r v\u00e4lja Treasure Coast Grow Bag?<\/h2><p data-start=\"3135\" data-end=\"3181\">Fullt koloniserat psilocybe cubensis-substrat<\/p><p data-start=\"3183\" data-end=\"3211\">Redo att fruktas omedelbart<\/p><p data-start=\"3213\" data-end=\"3245\">T\u00e4ta pinsets och fullst\u00e4ndiga flushes<\/p><p data-start=\"3247\" data-end=\"3282\">Stark och konsekvent utveckling<\/p><p data-start=\"3284\" data-end=\"3306\">God avkastningspotential<\/p><p data-start=\"3308\" data-end=\"3340\">Idealisk f\u00f6r medelgoda odlare<\/p><hr data-start=\"3342\" data-end=\"3345\" \/><p data-start=\"3347\" data-end=\"3535\" data-is-last-node=\"\" data-is-only-node=\"\">Treasure Coast Magic Mushroom Grow Bag \u00e4r perfekt f\u00f6r odlare som vill ha <strong data-start=\"3422\" data-end=\"3471\">t\u00e4ta, fullst\u00e4ndiga spolningar och starka visuella resultat<\/strong>, och samtidigt beh\u00e5lla en relativt hanterbar odlingsprocess.<\/p>","protected":false},"excerpt":{"rendered":"<p data-start=\"127\" data-end=\"394\">Treasure Coast Magic Mushroom Grow Bag \u00e4r ett helt koloniserat, f\u00e4rdigt att frukta system som inneh\u00e5ller psilocybe cubensis mycelium. K\u00e4nd f\u00f6r sin starka fruktpotential och t\u00e4ta pinsets, \u00e4r denna stam idealisk f\u00f6r odlare som s\u00f6ker solida avkastningar och konsekvent prestanda.<\/p>\n<ul data-start=\"396\" data-end=\"587\">\n<li data-section-id=\"aeimkw\" data-start=\"396\" data-end=\"425\">Fullt koloniserat substrat<\/li>\n<li data-section-id=\"1s6w1hc\" data-start=\"426\" data-end=\"456\">Redo att fruktas omedelbart<\/li>\n<li data-section-id=\"1k77gu8\" data-start=\"457\" data-end=\"503\">Ingen sporspruta eller sterilisering kr\u00e4vs<\/li>\n<li data-section-id=\"lkwi2n\" data-start=\"504\" data-end=\"534\">Producerar 2-4 t\u00e4ta skurar<\/li>\n<li data-section-id=\"1cl5o8\" data-start=\"535\" data-end=\"587\">Stark fruktstam med god avkastningspotential<\/li>\n<\/ul>","protected":false},"featured_media":3176,"comment_status":"open","ping_status":"closed","template":"","meta":[],"product_brand":[32],"product_cat":[58],"product_tag":[],"class_list":{"0":"post-3170","1":"product","2":"type-product","3":"status-publish","4":"has-post-thumbnail","6":"product_brand-mondo","7":"product_cat-magic-mushroom-grow-bags","9":"first","10":"instock","11":"taxable","12":"shipping-taxable","13":"purchasable","14":"product-type-simple"},"jetpack_sharing_enabled":true,"_links":{"self":[{"href":"https:\/\/www.mondogrowkits.com\/sv\/wp-json\/wp\/v2\/product\/3170","targetHints":{"allow":["GET"]}}],"collection":[{"href":"https:\/\/www.mondogrowkits.com\/sv\/wp-json\/wp\/v2\/product"}],"about":[{"href":"https:\/\/www.mondogrowkits.com\/sv\/wp-json\/wp\/v2\/types\/product"}],"replies":[{"embeddable":true,"href":"https:\/\/www.mondogrowkits.com\/sv\/wp-json\/wp\/v2\/comments?post=3170"}],"wp:featuredmedia":[{"embeddable":true,"href":"https:\/\/www.mondogrowkits.com\/sv\/wp-json\/wp\/v2\/media\/3176"}],"wp:attachment":[{"href":"https:\/\/www.mondogrowkits.com\/sv\/wp-json\/wp\/v2\/media?parent=3170"}],"wp:term":[{"taxonomy":"product_brand","embeddable":true,"href":"https:\/\/www.mondogrowkits.com\/sv\/wp-json\/wp\/v2\/product_brand?post=3170"},{"taxonomy":"product_cat","embeddable":true,"href":"https:\/\/www.mondogrowkits.com\/sv\/wp-json\/wp\/v2\/product_cat?post=3170"},{"taxonomy":"product_tag","embeddable":true,"href":"https:\/\/www.mondogrowkits.com\/sv\/wp-json\/wp\/v2\/product_tag?post=3170"}],"curies":[{"name":"wp","href":"https:\/\/api.w.org\/{rel}","templated":true}]}}