{"id":3383,"date":"2026-01-28T13:49:08","date_gmt":"2026-01-28T12:49:08","guid":{"rendered":"https:\/\/www.mondogrowkits.com\/?post_type=product&#038;p=3383"},"modified":"2026-04-28T12:24:07","modified_gmt":"2026-04-28T11:24:07","slug":"magisk-hybrid-b","status":"publish","type":"product","link":"https:\/\/www.mondogrowkits.com\/sv\/magic-hybrid-b\/","title":{"rendered":"Magic Hybrid - B- - Psilocybe Cubensis Spore Swab"},"content":{"rendered":"","protected":false},"excerpt":{"rendered":"<p data-start=\"557\" data-end=\"917\"><strong data-start=\"883\" data-end=\"889\">B-<\/strong> \u00e4r en mindre k\u00e4nd men <strong>sp\u00e4nnande cubensis variant<\/strong> ofta betraktad som en <strong>mutation<\/strong> eller <strong>naturlig variation<\/strong> av den popul\u00e4ra B+-stammen. Den delar m\u00e5nga av B+s egenskaper-<strong>kraftig tillv\u00e4xt, stora sk\u00f6ljningar, <\/strong>och<strong> motst\u00e5ndskraft<\/strong>-men ibland uttrycka <strong>ljusare pigmentering av m\u00f6ssan<\/strong> och n\u00e5got <strong>f\u00f6r\u00e4ndrad morfologi<\/strong>.<\/p>\n<p>Dessa svabbar \u00e4r l\u00e4mpliga f\u00f6r projekt som omfattar sporj\u00e4mf\u00f6relse, mutationssp\u00e5rning eller fenotyputtryck f\u00f6r flera sporer.<\/p>","protected":false},"featured_media":425,"comment_status":"open","ping_status":"closed","template":"","meta":[],"product_brand":[32],"product_cat":[83],"product_tag":[],"class_list":{"0":"post-3383","1":"product","2":"type-product","3":"status-publish","4":"has-post-thumbnail","6":"product_brand-mondo","7":"product_cat-spore-swabs","9":"first","10":"instock","11":"taxable","12":"shipping-taxable","13":"purchasable","14":"product-type-simple"},"jetpack_sharing_enabled":true,"_links":{"self":[{"href":"https:\/\/www.mondogrowkits.com\/sv\/wp-json\/wp\/v2\/product\/3383","targetHints":{"allow":["GET"]}}],"collection":[{"href":"https:\/\/www.mondogrowkits.com\/sv\/wp-json\/wp\/v2\/product"}],"about":[{"href":"https:\/\/www.mondogrowkits.com\/sv\/wp-json\/wp\/v2\/types\/product"}],"replies":[{"embeddable":true,"href":"https:\/\/www.mondogrowkits.com\/sv\/wp-json\/wp\/v2\/comments?post=3383"}],"wp:featuredmedia":[{"embeddable":true,"href":"https:\/\/www.mondogrowkits.com\/sv\/wp-json\/wp\/v2\/media\/425"}],"wp:attachment":[{"href":"https:\/\/www.mondogrowkits.com\/sv\/wp-json\/wp\/v2\/media?parent=3383"}],"wp:term":[{"taxonomy":"product_brand","embeddable":true,"href":"https:\/\/www.mondogrowkits.com\/sv\/wp-json\/wp\/v2\/product_brand?post=3383"},{"taxonomy":"product_cat","embeddable":true,"href":"https:\/\/www.mondogrowkits.com\/sv\/wp-json\/wp\/v2\/product_cat?post=3383"},{"taxonomy":"product_tag","embeddable":true,"href":"https:\/\/www.mondogrowkits.com\/sv\/wp-json\/wp\/v2\/product_tag?post=3383"}],"curies":[{"name":"wp","href":"https:\/\/api.w.org\/{rel}","templated":true}]}}