{"id":441,"date":"2025-05-02T11:43:08","date_gmt":"2025-05-02T11:43:08","guid":{"rendered":"https:\/\/staging.mondogrowkits.com\/?post_type=product&#038;p=441"},"modified":"2026-04-28T13:52:18","modified_gmt":"2026-04-28T12:52:18","slug":"magisk-hybrid-yeti","status":"publish","type":"product","link":"https:\/\/www.mondogrowkits.com\/sv\/magic-hybrid-yeti\/","title":{"rendered":"Magic Hybrid - Yeti - Psilocybe Cubensis Spore Swab"},"content":{"rendered":"","protected":false},"excerpt":{"rendered":"<p data-end=\"565\" data-start=\"122\">Den\u00a0<strong data-end=\"145\" data-start=\"126\">Yeti Sporsvabb<\/strong> inneh\u00e5ller <strong data-end=\"184\" data-start=\"155\">sterila, laboratorieklassade sporer<\/strong> av den sv\u00e5rf\u00e5ngade och m\u00e4ktiga <strong data-end=\"228\" data-start=\"213\">Yeti stam<\/strong>, en s\u00e4llsynt <strong data-end=\"266\" data-start=\"237\">Psilocybe cubensis hybrid<\/strong> k\u00e4nd f\u00f6r sin <strong data-end=\"307\" data-start=\"281\">sp\u00f6kvitt utseende<\/strong>, <strong data-end=\"332\" data-start=\"309\">tjocka, kraftiga stj\u00e4lkar<\/strong>, och <strong data-end=\"364\" data-start=\"338\">unik albinogenetik<\/strong>. Tros vara en \u00e4ttling till <strong data-end=\"437\" data-start=\"400\">True Albino Teacher (TAT) h\u00e4rstamning<\/strong>, Yeti utm\u00e4rker sig genom sin <strong data-end=\"495\" data-start=\"463\">visuellt sl\u00e5ende morfologi<\/strong> och h\u00f6g efterfr\u00e5gan bland mikroskopientusiaster och hybridsamlare.<\/p>\n<p data-end=\"937\" data-start=\"567\">Under mikroskopet erbjuder Yeti en fascinerande inblick i <strong data-end=\"649\" data-start=\"625\">leucistiskt uttryck<\/strong>, <strong data-end=\"675\" data-start=\"651\">minskad pigmentering<\/strong>, och <strong data-end=\"697\" data-start=\"681\">hybridstyrka<\/strong>, vilket g\u00f6r den perfekt f\u00f6r dem som studerar <strong data-end=\"783\" data-start=\"736\">cubensis sporstruktur, mutationsbeteende<\/strong>, eller <strong data-end=\"817\" data-start=\"788\">utveckling av albino-stam<\/strong>. Varje svabb f\u00f6rbereds under sterila f\u00f6rh\u00e5llanden f\u00f6r <strong data-end=\"894\" data-start=\"870\">rena, livskraftiga sporer<\/strong> redo f\u00f6r avancerad mykologisk forskning.<\/p>","protected":false},"featured_media":425,"comment_status":"open","ping_status":"closed","template":"","meta":[],"product_brand":[32],"product_cat":[83],"product_tag":[],"class_list":{"0":"post-441","1":"product","2":"type-product","3":"status-publish","4":"has-post-thumbnail","6":"product_brand-mondo","7":"product_cat-spore-swabs","9":"first","10":"instock","11":"taxable","12":"shipping-taxable","13":"purchasable","14":"product-type-simple"},"jetpack_sharing_enabled":true,"_links":{"self":[{"href":"https:\/\/www.mondogrowkits.com\/sv\/wp-json\/wp\/v2\/product\/441","targetHints":{"allow":["GET"]}}],"collection":[{"href":"https:\/\/www.mondogrowkits.com\/sv\/wp-json\/wp\/v2\/product"}],"about":[{"href":"https:\/\/www.mondogrowkits.com\/sv\/wp-json\/wp\/v2\/types\/product"}],"replies":[{"embeddable":true,"href":"https:\/\/www.mondogrowkits.com\/sv\/wp-json\/wp\/v2\/comments?post=441"}],"wp:featuredmedia":[{"embeddable":true,"href":"https:\/\/www.mondogrowkits.com\/sv\/wp-json\/wp\/v2\/media\/425"}],"wp:attachment":[{"href":"https:\/\/www.mondogrowkits.com\/sv\/wp-json\/wp\/v2\/media?parent=441"}],"wp:term":[{"taxonomy":"product_brand","embeddable":true,"href":"https:\/\/www.mondogrowkits.com\/sv\/wp-json\/wp\/v2\/product_brand?post=441"},{"taxonomy":"product_cat","embeddable":true,"href":"https:\/\/www.mondogrowkits.com\/sv\/wp-json\/wp\/v2\/product_cat?post=441"},{"taxonomy":"product_tag","embeddable":true,"href":"https:\/\/www.mondogrowkits.com\/sv\/wp-json\/wp\/v2\/product_tag?post=441"}],"curies":[{"name":"wp","href":"https:\/\/api.w.org\/{rel}","templated":true}]}}