{"id":4845,"date":"2026-03-30T15:22:12","date_gmt":"2026-03-30T14:22:12","guid":{"rendered":"https:\/\/www.mondogrowkits.com\/?post_type=product&#038;p=4845"},"modified":"2026-04-28T13:10:32","modified_gmt":"2026-04-28T12:10:32","slug":"micromex-psilocybe-cubensis-spruta-for-flytande-odling","status":"publish","type":"product","link":"https:\/\/www.mondogrowkits.com\/sv\/micromex-psilocybe-cubensis-liquid-culture-syringe\/","title":{"rendered":"Micromex - Psilocybe Cubensis Liquid Culture-spruta"},"content":{"rendered":"<h2 data-section-id=\"15ggbg\" data-start=\"581\" data-end=\"653\">Micromex Liquid Culture-spruta - Psilocybe cubensis Premium Genetics<\/h2><p data-start=\"655\" data-end=\"970\">Den <a href=\"https:\/\/www.mondogrowkits.com\/sv\/micromex-magic-truffles\/\">Micromex<\/a> - Psilocybe cubensis Liquid Culture Syringe \u00e4r en h\u00f6gkvalitativ kultur som \u00e4r k\u00e4nd f\u00f6r sin starka genetik, snabba kolonisering och konsekventa mycelutveckling. Denna distinkta stam \u00e4r uppskattad f\u00f6r sina f\u00f6ruts\u00e4gbara tillv\u00e4xtm\u00f6nster och p\u00e5litliga prestanda i ett brett spektrum av odlingsupps\u00e4ttningar.<\/p><p data-start=\"972\" data-end=\"1204\">Micromex \u00e4r k\u00e4nt f\u00f6r sitt t\u00e4ta och kraftiga mycel, vilket m\u00f6jligg\u00f6r snabb och j\u00e4mn kolonisering av olika substrat. Dess stabila egenskaper g\u00f6r den till ett utm\u00e4rkt val f\u00f6r odlare som s\u00f6ker effektivitet och konsekventa resultat.<\/p><p data-start=\"1206\" data-end=\"1451\">Eftersom den h\u00e4r produkten levereras som en flytande kultur inneh\u00e5ller den aktivt mycel som \u00e4r suspenderat i en n\u00e4ringsrik l\u00f6sning. Detta m\u00f6jligg\u00f6r en betydligt snabbare kolonisering j\u00e4mf\u00f6rt med traditionella <a href=\"https:\/\/www.mondogrowkits.com\/sv\/psilocybe-cubensis-sporsprutor\/\">sporsprutor<\/a> och f\u00f6rb\u00e4ttrar den totala framg\u00e5ngsgraden.<\/p><p data-start=\"1453\" data-end=\"1558\">Under optimala f\u00f6rh\u00e5llanden kan myceltillv\u00e4xt ofta observeras inom bara n\u00e5gra dagar efter inokulering.<\/p><hr data-start=\"1560\" data-end=\"1563\" \/><h3 data-section-id=\"7qrecg\" data-start=\"1565\" data-end=\"1607\">Vad \u00e4r Micromex (Psilocybe cubensis)?<\/h3><p data-start=\"1609\" data-end=\"1853\">Micromex \u00e4r ett <a href=\"https:\/\/www.mondogrowkits.com\/sv\/vad-ar-psilocybin\/\">Psilocybe cubensis<\/a> stam som v\u00e4rderas f\u00f6r sin p\u00e5litliga tillv\u00e4xt och konsekventa beteende under kontrollerade f\u00f6rh\u00e5llanden. Liksom andra cubensis-sorter \u00e4r den allm\u00e4nt studerad och uppskattad f\u00f6r sin stabila utveckling och enkla odling.<\/p><p data-start=\"1855\" data-end=\"1938\">Dess p\u00e5litliga egenskaper g\u00f6r den l\u00e4mplig f\u00f6r b\u00e5de <a href=\"https:\/\/www.mondogrowkits.com\/sv\/mondo-growkits-basta-stammar-nyborjare-avancerade\/\">nyb\u00f6rjare<\/a> och erfarna odlare.<\/p><hr data-start=\"1940\" data-end=\"1943\" \/><h3 data-section-id=\"1icn5bc\" data-start=\"1945\" data-end=\"1984\">Varf\u00f6r v\u00e4lja Micromex Liquid Culture?<\/h3><ul data-start=\"1986\" data-end=\"2271\">\n<li data-section-id=\"b11ssq\" data-start=\"1986\" data-end=\"2022\">Unik stam av Psilocybe cubensis<\/li>\n<li data-section-id=\"1nqqo5y\" data-start=\"2023\" data-end=\"2061\">Stark och konsekvent kolonisering<\/li>\n<li data-section-id=\"1hxpfjl\" data-start=\"2062\" data-end=\"2099\">Snabb och kraftig myceltillv\u00e4xt<\/li>\n<li data-section-id=\"vs2jta\" data-start=\"2100\" data-end=\"2135\">Tillf\u00f6rlitlig och stabil prestanda<\/li>\n<li data-section-id=\"fix0if\" data-start=\"2136\" data-end=\"2186\">L\u00e4mplig f\u00f6r nyb\u00f6rjare och erfarna odlare<\/li>\n<li data-section-id=\"19zbuxr\" data-start=\"2187\" data-end=\"2230\">Snabbare kolonisering \u00e4n sporsprutor<\/li>\n<li data-section-id=\"16w25lw\" data-start=\"2231\" data-end=\"2271\">Aktiv flytande kultur - klar att anv\u00e4nda<\/li>\n<\/ul><p data-start=\"2273\" data-end=\"2380\">Micromex v\u00e4tskekultur \u00e4r idealisk f\u00f6r odlare som vill ha en p\u00e5litlig och effektiv odlingsupplevelse.<\/p><hr data-start=\"2382\" data-end=\"2385\" \/><h3 data-section-id=\"1edg1fv\" data-start=\"2387\" data-end=\"2417\">F\u00f6rdelar med Liquid Culture<\/h3><p data-start=\"2419\" data-end=\"2508\">Sprutor f\u00f6r flytande odling ger flera f\u00f6rdelar j\u00e4mf\u00f6rt med traditionella sporbaserade produkter.<\/p><p data-start=\"2510\" data-end=\"2598\">Eftersom myceliet redan \u00e4r aktivt b\u00f6rjar koloniseringen omedelbart efter inokuleringen.<\/p><p data-start=\"2600\" data-end=\"2621\">Viktiga f\u00f6rdelar inkluderar:<\/p><ul data-start=\"2623\" data-end=\"2780\">\n<li data-section-id=\"5at1tr\" data-start=\"2623\" data-end=\"2652\">Snabbare koloniseringstider<\/li>\n<li data-section-id=\"cqwl0j\" data-start=\"2653\" data-end=\"2677\">H\u00f6gre framg\u00e5ngsgrad<\/li>\n<li data-section-id=\"ur01ho\" data-start=\"2678\" data-end=\"2711\">J\u00e4mn f\u00f6rdelning av mycelium<\/li>\n<li data-section-id=\"nuiwlo\" data-start=\"2712\" data-end=\"2744\">Enkel och exakt applicering<\/li>\n<li data-section-id=\"s8uau9\" data-start=\"2745\" data-end=\"2780\">Konsekventa och tillf\u00f6rlitliga resultat<\/li>\n<\/ul><p data-start=\"2782\" data-end=\"2865\">Flytande odling \u00e4r f\u00f6rstahandsvalet f\u00f6r odlare som v\u00e4rdes\u00e4tter snabbhet och konsekvens.<\/p><hr data-start=\"2867\" data-end=\"2870\" \/><h3 data-section-id=\"1ltc4xe\" data-start=\"2872\" data-end=\"2897\">Anv\u00e4ndning och till\u00e4mpning<\/h3><p data-start=\"2899\" data-end=\"2986\">Micromex <a href=\"https:\/\/www.mondogrowkits.com\/sv\/spruta-for-flytande-odling\/\">spruta f\u00f6r flytande odling<\/a> \u00e4r l\u00e4tt att anv\u00e4nda och l\u00e4mpar sig f\u00f6r olika underlag.<\/p><p data-start=\"2988\" data-end=\"3126\">Skaka sprutan f\u00f6rsiktigt f\u00f6re anv\u00e4ndning f\u00f6r att f\u00f6rdela mycelet j\u00e4mnt. Injicera l\u00f6sningen i din <a href=\"https:\/\/www.mondogrowkits.com\/sv\/steriliserat-substrat\/\">sterilt substrat<\/a> eller odlingsmedium.<\/p><p data-start=\"3128\" data-end=\"3228\">Eftersom kulturen inneh\u00e5ller aktivt mycel b\u00f6rjar koloniseringen vanligtvis snabbare \u00e4n med sporer.<\/p><p data-start=\"3230\" data-end=\"3309\">Arbeta alltid i en ren och steril milj\u00f6 f\u00f6r att minimera risken f\u00f6r kontaminering.<\/p><p data-start=\"3311\" data-end=\"3396\">Obs: Denna produkt \u00e4r endast avsedd f\u00f6r mikroskopi och utbildnings\u00e4ndam\u00e5l.<\/p><hr data-start=\"3398\" data-end=\"3401\" \/><h3 data-section-id=\"1w10lnv\" data-start=\"3403\" data-end=\"3427\">F\u00f6rvaring &amp; h\u00e5llbarhetstid<\/h3><p data-start=\"3429\" data-end=\"3490\">F\u00f6rvara sprutan f\u00f6r flytande odling i kylsk\u00e5p vid 2-8 \u00b0C.<\/p><p data-start=\"3492\" data-end=\"3543\">H\u00e5llbarhetstid: Upp till 2-3 m\u00e5nader vid korrekt f\u00f6rvaring<\/p><p data-start=\"3545\" data-end=\"3632\">Undvik direkt solljus och v\u00e4rme. L\u00e5t sprutan uppn\u00e5 rumstemperatur f\u00f6re anv\u00e4ndning.<\/p><hr data-start=\"3634\" data-end=\"3637\" \/><h3 data-section-id=\"b6pm63\" data-start=\"3639\" data-end=\"3682\">Micromex - Stark och p\u00e5litlig genetik<\/h3><p data-start=\"3684\" data-end=\"3798\">Micromex \u00e4r uppskattad f\u00f6r sin snabba kolonisering och konsekventa prestanda, vilket g\u00f6r den till ett p\u00e5litligt val bland odlare.<\/p><p data-start=\"3800\" data-end=\"3908\">Dess tillf\u00f6rlitliga tillv\u00e4xtegenskaper och anv\u00e4ndarv\u00e4nlighet g\u00f6r den l\u00e4mplig f\u00f6r ett brett spektrum av odlingsupps\u00e4ttningar.<\/p><hr data-start=\"3910\" data-end=\"3913\" \/><h3 data-section-id=\"qy2hhl\" data-start=\"3915\" data-end=\"3967\">Best\u00e4ll din Micromex Liquid Culture-spruta idag<\/h3><p data-start=\"3969\" data-end=\"4097\">Micromex - Psilocybe cubensis Liquid Culture-sprutan erbjuder en utm\u00e4rkt kombination av hastighet, tillf\u00f6rlitlighet och prestanda.<\/p><p data-start=\"4099\" data-end=\"4217\">Med aktivt mycelium och bepr\u00f6vad genetik \u00e4r denna flytande kultur idealisk f\u00f6r att uppn\u00e5 snabb och konsekvent kolonisering.<\/p><p data-start=\"4219\" data-end=\"4277\" data-is-last-node=\"\" data-is-only-node=\"\">Best\u00e4ll idag och upplev premiumkvalitet med flytande kultur.<\/p>","protected":false},"excerpt":{"rendered":"<p data-start=\"113\" data-end=\"403\">Micromex - Psilocybe cubensis Liquid Culture Syringe \u00e4r en premium flytande kultur k\u00e4nd f\u00f6r sin snabba kolonisering och starka, enhetliga myceltillv\u00e4xt. Denna unika stam v\u00e4rderas f\u00f6r sin stabila genetik och p\u00e5litliga prestanda, vilket g\u00f6r den l\u00e4mplig f\u00f6r b\u00e5de nyb\u00f6rjare och erfarna odlare.<\/p>\n<p data-start=\"405\" data-end=\"574\">Sprutan inneh\u00e5ller aktivt mycel suspenderat i en n\u00e4ringsrik l\u00f6sning, vilket ger snabbare kolonisering och h\u00f6gre framg\u00e5ngsgrad j\u00e4mf\u00f6rt med traditionella sporsprutor.<\/p>","protected":false},"featured_media":4547,"comment_status":"open","ping_status":"closed","template":"","meta":[],"product_brand":[32],"product_cat":[68],"product_tag":[],"class_list":{"0":"post-4845","1":"product","2":"type-product","3":"status-publish","4":"has-post-thumbnail","6":"product_brand-mondo","7":"product_cat-liquid-culture-syringe","9":"first","10":"instock","11":"taxable","12":"shipping-taxable","13":"purchasable","14":"product-type-simple"},"jetpack_sharing_enabled":true,"_links":{"self":[{"href":"https:\/\/www.mondogrowkits.com\/sv\/wp-json\/wp\/v2\/product\/4845","targetHints":{"allow":["GET"]}}],"collection":[{"href":"https:\/\/www.mondogrowkits.com\/sv\/wp-json\/wp\/v2\/product"}],"about":[{"href":"https:\/\/www.mondogrowkits.com\/sv\/wp-json\/wp\/v2\/types\/product"}],"replies":[{"embeddable":true,"href":"https:\/\/www.mondogrowkits.com\/sv\/wp-json\/wp\/v2\/comments?post=4845"}],"wp:featuredmedia":[{"embeddable":true,"href":"https:\/\/www.mondogrowkits.com\/sv\/wp-json\/wp\/v2\/media\/4547"}],"wp:attachment":[{"href":"https:\/\/www.mondogrowkits.com\/sv\/wp-json\/wp\/v2\/media?parent=4845"}],"wp:term":[{"taxonomy":"product_brand","embeddable":true,"href":"https:\/\/www.mondogrowkits.com\/sv\/wp-json\/wp\/v2\/product_brand?post=4845"},{"taxonomy":"product_cat","embeddable":true,"href":"https:\/\/www.mondogrowkits.com\/sv\/wp-json\/wp\/v2\/product_cat?post=4845"},{"taxonomy":"product_tag","embeddable":true,"href":"https:\/\/www.mondogrowkits.com\/sv\/wp-json\/wp\/v2\/product_tag?post=4845"}],"curies":[{"name":"wp","href":"https:\/\/api.w.org\/{rel}","templated":true}]}}